{"id":35719,"date":"2025-04-26T11:16:43","date_gmt":"2025-04-26T09:16:43","guid":{"rendered":"https:\/\/umefood.dk\/?post_type=product&#038;p=35719"},"modified":"2026-04-24T02:06:07","modified_gmt":"2026-04-24T00:06:07","slug":"steamer-paper-6-inch-40g-50pcs","status":"publish","type":"product","link":"https:\/\/umefood.dk\/da\/produkter\/steamer-paper-6-inch-40g-50pcs\/","title":{"rendered":"Steamer Paper 6 Inch, 40g 50pcs"},"content":{"rendered":"<p>Ingredienser:<\/p>\n<p>&nbsp;<\/p>\n<p>Ern\u00e6ringsoplysninger:<\/p>\n<table>\n<tbody>\n<tr>\n<th>Energi<\/th>\n<td>\u00a0N\/A<\/td>\n<\/tr>\n<tr>\n<th>Fed<\/th>\n<td>\u00a0N\/A<\/td>\n<\/tr>\n<tr>\n<th>hvoraf m\u00e6tter<\/th>\n<td>\u00a0N\/A<\/td>\n<\/tr>\n<tr>\n<th>Kulhydrat<\/th>\n<td>\u00a0N\/A<\/td>\n<\/tr>\n<tr>\n<th>heraf sukkerarter<\/th>\n<td>\u00a0N\/A<\/td>\n<\/tr>\n<tr>\n<th>Protein<\/th>\n<td>\u00a0N\/A<\/td>\n<\/tr>\n<tr>\n<th>Salt<\/th>\n<td>\u00a0N\/A<\/td>\n<\/tr>\n<\/tbody>\n<\/table>\n<p>V\u00e6gt: 40g<br \/>\nFremstilling: Kina<br \/>\nForsendelsesv\u00e6gt: 40g<\/p>","protected":false},"excerpt":{"rendered":"<p>Ingredienser: N\u00e6ringsinformation: Energi Ikke tilg\u00e6ngelig Fedt Ikke tilg\u00e6ngelig heraf m\u00e6ttede fedtsyrer Ikke tilg\u00e6ngelig Kulhydrat Ikke tilg\u00e6ngelig heraf sukkerarter Ikke tilg\u00e6ngelig Protein Ikke tilg\u00e6ngelig<\/p>","protected":false},"featured_media":37159,"template":"","meta":{"_crdt_document":"","advanced_seo_description":"","jetpack_seo_html_title":"","jetpack_seo_noindex":false,"jetpack_publicize_message":"","jetpack_publicize_feature_enabled":true,"jetpack_social_post_already_shared":true,"jetpack_social_options":{"image_generator_settings":{"template":"highway","default_image_id":0,"font":"","enabled":false},"version":2},"_wpas_customize_per_network":false},"product_brand":[],"product_cat":[2063,1972,2389],"product_tag":[2247],"class_list":{"0":"post-35719","1":"product","2":"type-product","3":"status-publish","4":"has-post-thumbnail","6":"product_cat-kitchen","7":"product_cat-lifestyle","8":"product_cat-new-and-restocked","9":"product_tag-accessories","11":"first","12":"instock","13":"shipping-taxable","14":"purchasable","15":"product-type-simple"},"exclude_global_add_ons":[],"addons":[],"jetpack_publicize_connections":[],"jetpack_sharing_enabled":true,"jetpack_likes_enabled":true,"_links":{"self":[{"href":"https:\/\/umefood.dk\/da\/wp-json\/wp\/v2\/product\/35719","targetHints":{"allow":["GET"]}}],"collection":[{"href":"https:\/\/umefood.dk\/da\/wp-json\/wp\/v2\/product"}],"about":[{"href":"https:\/\/umefood.dk\/da\/wp-json\/wp\/v2\/types\/product"}],"version-history":[{"count":5,"href":"https:\/\/umefood.dk\/da\/wp-json\/wp\/v2\/product\/35719\/revisions"}],"predecessor-version":[{"id":37169,"href":"https:\/\/umefood.dk\/da\/wp-json\/wp\/v2\/product\/35719\/revisions\/37169"}],"wp:featuredmedia":[{"embeddable":true,"href":"https:\/\/umefood.dk\/da\/wp-json\/wp\/v2\/media\/37159"}],"wp:attachment":[{"href":"https:\/\/umefood.dk\/da\/wp-json\/wp\/v2\/media?parent=35719"}],"wp:term":[{"taxonomy":"product_brand","embeddable":true,"href":"https:\/\/umefood.dk\/da\/wp-json\/wp\/v2\/product_brand?post=35719"},{"taxonomy":"product_cat","embeddable":true,"href":"https:\/\/umefood.dk\/da\/wp-json\/wp\/v2\/product_cat?post=35719"},{"taxonomy":"product_tag","embeddable":true,"href":"https:\/\/umefood.dk\/da\/wp-json\/wp\/v2\/product_tag?post=35719"}],"curies":[{"name":"wp","href":"https:\/\/api.w.org\/{rel}","templated":true}]}}