{"id":35916,"date":"2025-04-26T14:53:05","date_gmt":"2025-04-26T12:53:05","guid":{"rendered":"https:\/\/umefood.dk\/?post_type=product&#038;p=35916"},"modified":"2026-02-21T01:15:02","modified_gmt":"2026-02-21T00:15:02","slug":"broad-bean-five-spices-fl-86g","status":"publish","type":"product","link":"https:\/\/umefood.dk\/da\/produkter\/broad-bean-five-spices-fl-86g\/","title":{"rendered":"KSW Hesteb\u00f8nner Fem Krydderier Smag 75g"},"content":{"rendered":"<p>Ingredienser:<\/p>\n<p>Beans, palm oil, salt, sugar, spices, flavour enhancer (E621), acidity regulator (E500ii), emulsifier (E450iii, E451i, E452i), sweetener (E954), flavours.<\/p>\n<p>Ern\u00e6ringsoplysninger:<\/p>\n<table>\n<tbody>\n<tr>\n<th>Energi<\/th>\n<td>2366 kJ\/567 kcal<\/td>\n<\/tr>\n<tr>\n<th>Fed<\/th>\n<td>37,4 g<\/td>\n<\/tr>\n<tr>\n<th>hvoraf m\u00e6tter<\/th>\n<td>0g<\/td>\n<\/tr>\n<tr>\n<th>Kulhydrat<\/th>\n<td>39,9 g<\/td>\n<\/tr>\n<tr>\n<th>heraf sukkerarter<\/th>\n<td>0g<\/td>\n<\/tr>\n<tr>\n<th>Protein<\/th>\n<td>17,8 g<\/td>\n<\/tr>\n<tr>\n<th>Salt<\/th>\n<td>1,39 g<\/td>\n<\/tr>\n<\/tbody>\n<\/table>\n<p>V\u00e6gt: 75g<br \/>\nFremstilling: Kina<br \/>\nForsendelsesv\u00e6gt: 80g<\/p>","protected":false},"excerpt":{"rendered":"<p>Ingredienser: B\u00f8nner, palmeolie, salt, sukker, krydderier, smagsforst\u00e6rker (E621), surhedsregulerende middel (E500ii), emulgator (E450iii, E451i, E452i), s\u00f8demiddel (E954), aromaer.<\/p>","protected":false},"featured_media":40307,"template":"","meta":{"_crdt_document":"","advanced_seo_description":"","jetpack_seo_html_title":"","jetpack_seo_noindex":false,"jetpack_publicize_message":"","jetpack_publicize_feature_enabled":true,"jetpack_social_post_already_shared":true,"jetpack_social_options":{"image_generator_settings":{"template":"highway","default_image_id":0,"font":"","enabled":false},"version":2},"_wpas_customize_per_network":false},"product_brand":[],"product_cat":[1374,2094],"product_tag":[1489],"class_list":{"0":"post-35916","1":"product","2":"type-product","3":"status-publish","4":"has-post-thumbnail","6":"product_cat-nutsdry","7":"product_cat-snacks","8":"product_tag-snack-2","10":"first","11":"outofstock","12":"shipping-taxable","13":"purchasable","14":"product-type-simple"},"exclude_global_add_ons":[],"addons":[],"jetpack_publicize_connections":[],"jetpack_sharing_enabled":true,"jetpack_likes_enabled":true,"_links":{"self":[{"href":"https:\/\/umefood.dk\/da\/wp-json\/wp\/v2\/product\/35916","targetHints":{"allow":["GET"]}}],"collection":[{"href":"https:\/\/umefood.dk\/da\/wp-json\/wp\/v2\/product"}],"about":[{"href":"https:\/\/umefood.dk\/da\/wp-json\/wp\/v2\/types\/product"}],"version-history":[{"count":5,"href":"https:\/\/umefood.dk\/da\/wp-json\/wp\/v2\/product\/35916\/revisions"}],"predecessor-version":[{"id":44727,"href":"https:\/\/umefood.dk\/da\/wp-json\/wp\/v2\/product\/35916\/revisions\/44727"}],"wp:featuredmedia":[{"embeddable":true,"href":"https:\/\/umefood.dk\/da\/wp-json\/wp\/v2\/media\/40307"}],"wp:attachment":[{"href":"https:\/\/umefood.dk\/da\/wp-json\/wp\/v2\/media?parent=35916"}],"wp:term":[{"taxonomy":"product_brand","embeddable":true,"href":"https:\/\/umefood.dk\/da\/wp-json\/wp\/v2\/product_brand?post=35916"},{"taxonomy":"product_cat","embeddable":true,"href":"https:\/\/umefood.dk\/da\/wp-json\/wp\/v2\/product_cat?post=35916"},{"taxonomy":"product_tag","embeddable":true,"href":"https:\/\/umefood.dk\/da\/wp-json\/wp\/v2\/product_tag?post=35916"}],"curies":[{"name":"wp","href":"https:\/\/api.w.org\/{rel}","templated":true}]}}