{"id":36403,"date":"2025-04-28T16:38:14","date_gmt":"2025-04-28T14:38:14","guid":{"rendered":"https:\/\/umefood.dk\/?post_type=product&#038;p=36403"},"modified":"2026-04-13T02:20:33","modified_gmt":"2026-04-13T00:20:33","slug":"chum-churum-original-soju-16-5-350-ml","status":"publish","type":"product","link":"https:\/\/umefood.dk\/da\/produkter\/chum-churum-original-soju-16-5-350-ml\/","title":{"rendered":"CHUM CHURUM Original Soju 16.5% (350 ML) (kan kun k\u00f8bes i butikken)"},"content":{"rendered":"<p>Ingredienser:<br \/>\nPurified water (81%), ethyl alcohol (17%), sugar, <strong class=\"extra-bold\">BYG-spiritus<\/strong>, rice spirits.<\/p>\n<p>Ern\u00e6ringsoplysninger:<\/p>\n<table>\n<tbody>\n<tr>\n<th>Energi<\/th>\n<td>\u00a0N\/A<\/td>\n<\/tr>\n<tr>\n<th>Fed<\/th>\n<td>\u00a0N\/A<\/td>\n<\/tr>\n<tr>\n<th>hvoraf m\u00e6tter<\/th>\n<td>\u00a0N\/A<\/td>\n<\/tr>\n<tr>\n<th>Kulhydrat<\/th>\n<td>\u00a0N\/A<\/td>\n<\/tr>\n<tr>\n<th>heraf sukkerarter<\/th>\n<td>\u00a0N\/A<\/td>\n<\/tr>\n<tr>\n<th>Protein<\/th>\n<td>\u00a0N\/A<\/td>\n<\/tr>\n<tr>\n<th>Salt<\/th>\n<td>\u00a0N\/A<\/td>\n<\/tr>\n<\/tbody>\n<\/table>\n<p>V\u00e6gt: 350ml<br \/>\nFremstilling: Korea<br \/>\nForsendelsesv\u00e6gt: 585 g<\/p>","protected":false},"excerpt":{"rendered":"<p>Ingredienser: Renset vand (81%), ethylalkohol (17%), sukker, BYGsprit, rissprit. N\u00e6ringsindhold: Energi Ikke tilg\u00e6ngelig Fedt Ikke tilg\u00e6ngelig heraf<\/p>","protected":false},"featured_media":37633,"template":"","meta":{"_crdt_document":"","advanced_seo_description":"","jetpack_seo_html_title":"","jetpack_seo_noindex":false,"jetpack_publicize_message":"","jetpack_publicize_feature_enabled":true,"jetpack_social_post_already_shared":true,"jetpack_social_options":{"image_generator_settings":{"template":"highway","default_image_id":0,"font":"","enabled":false},"version":2},"_wpas_customize_per_network":false},"product_brand":[],"product_cat":[2049,1963],"product_tag":[2543,1402,2164,2739,2176,2542],"class_list":{"0":"post-36403","1":"product","2":"type-product","3":"status-publish","4":"has-post-thumbnail","6":"product_cat-drinks","7":"product_cat-liquor","8":"product_tag-alcohol-drinks","9":"product_tag-drink","10":"product_tag-drinks","11":"product_tag-2739","12":"product_tag-liquor","13":"product_tag-soju","15":"first","16":"outofstock","17":"shipping-taxable","18":"purchasable","19":"product-type-simple"},"exclude_global_add_ons":[],"addons":[],"jetpack_publicize_connections":[],"jetpack_sharing_enabled":true,"jetpack_likes_enabled":true,"_links":{"self":[{"href":"https:\/\/umefood.dk\/da\/wp-json\/wp\/v2\/product\/36403","targetHints":{"allow":["GET"]}}],"collection":[{"href":"https:\/\/umefood.dk\/da\/wp-json\/wp\/v2\/product"}],"about":[{"href":"https:\/\/umefood.dk\/da\/wp-json\/wp\/v2\/types\/product"}],"version-history":[{"count":5,"href":"https:\/\/umefood.dk\/da\/wp-json\/wp\/v2\/product\/36403\/revisions"}],"predecessor-version":[{"id":37631,"href":"https:\/\/umefood.dk\/da\/wp-json\/wp\/v2\/product\/36403\/revisions\/37631"}],"wp:featuredmedia":[{"embeddable":true,"href":"https:\/\/umefood.dk\/da\/wp-json\/wp\/v2\/media\/37633"}],"wp:attachment":[{"href":"https:\/\/umefood.dk\/da\/wp-json\/wp\/v2\/media?parent=36403"}],"wp:term":[{"taxonomy":"product_brand","embeddable":true,"href":"https:\/\/umefood.dk\/da\/wp-json\/wp\/v2\/product_brand?post=36403"},{"taxonomy":"product_cat","embeddable":true,"href":"https:\/\/umefood.dk\/da\/wp-json\/wp\/v2\/product_cat?post=36403"},{"taxonomy":"product_tag","embeddable":true,"href":"https:\/\/umefood.dk\/da\/wp-json\/wp\/v2\/product_tag?post=36403"}],"curies":[{"name":"wp","href":"https:\/\/api.w.org\/{rel}","templated":true}]}}