{"id":37263,"date":"2025-04-30T11:56:23","date_gmt":"2025-04-30T09:56:23","guid":{"rendered":"https:\/\/umefood.dk\/?post_type=product&#038;p=37263"},"modified":"2026-04-23T15:23:30","modified_gmt":"2026-04-23T13:23:30","slug":"vegetable-seaweed-roll-500g-surasang","status":"publish","type":"product","link":"https:\/\/umefood.dk\/da\/produkter\/vegetable-seaweed-roll-500g-surasang\/","title":{"rendered":"Surasang koreansk gr\u00f8ntsagsrulle med tang 500 g (kan kun k\u00f8bes i butikken)"},"content":{"rendered":"<p>Ingredienser:<br \/>\nVermicelli (sweet potato starch, water), <strong class=\"extra-bold\">HVEDE<\/strong> mel, majsstivelse, salt, bagepulver, peber, <strong class=\"extra-bold\">SOJA<\/strong>b\u00f8nneolie (uhydrogeneret), gulerod, porre, <strong class=\"extra-bold\">SOJA<\/strong> sauce (vand, <strong class=\"extra-bold\">HVEDE<\/strong>, <strong class=\"extra-bold\">SOJA<\/strong>b\u00f8nne, salt), tang, hvidl\u00f8g, l\u00f8g, majsolie), glukose, smagsforst\u00e6rker (E621), l\u00f8gpulver, hvidl\u00f8gspulver, dl-alanin, g\u00e6rekstrakt, l-cystein, dl-methionin, smagsforst\u00e6rker (E635), <strong class=\"extra-bold\">SESAM<\/strong> oil (unhydrogenated), sugar.<\/p>\n<p>Ern\u00e6ringsoplysninger:<\/p>\n<table>\n<tbody>\n<tr>\n<th>Energi<\/th>\n<td>789 kJ\/187 kcal<\/td>\n<\/tr>\n<tr>\n<th>Fed<\/th>\n<td>5,8 g<\/td>\n<\/tr>\n<tr>\n<th>hvoraf m\u00e6tter<\/th>\n<td>0,9 g<\/td>\n<\/tr>\n<tr>\n<th>Kulhydrat<\/th>\n<td>30,7 g<\/td>\n<\/tr>\n<tr>\n<th>heraf sukkerarter<\/th>\n<td>0,7 g<\/td>\n<\/tr>\n<tr>\n<th>Protein<\/th>\n<td>3,3 g<\/td>\n<\/tr>\n<tr>\n<th>Salt<\/th>\n<td>0,6 g<\/td>\n<\/tr>\n<\/tbody>\n<\/table>\n<p>V\u00e6gt: 500g<br \/>\nFremstilling: Korea<br \/>\nForsendelsesv\u00e6gt: 510g<\/p>","protected":false},"excerpt":{"rendered":"<p>Ingredients: Vermicelli (sweet potato starch, water), WHEAT flour, corn starch, salt, baking powder, pepper, SOYbean oil (unhydrogenated), carrot, leek, SOY<\/p>","protected":false},"featured_media":39952,"template":"","meta":{"_crdt_document":"","advanced_seo_description":"","jetpack_seo_html_title":"","jetpack_seo_noindex":false,"jetpack_publicize_message":"","jetpack_publicize_feature_enabled":true,"jetpack_social_post_already_shared":true,"jetpack_social_options":{"image_generator_settings":{"template":"highway","default_image_id":0,"font":"","enabled":false},"version":2},"_wpas_customize_per_network":false},"product_brand":[],"product_cat":[2111,1380],"product_tag":[2186],"class_list":{"0":"post-37263","1":"product","2":"type-product","3":"status-publish","4":"has-post-thumbnail","6":"product_cat-dimsum","7":"product_cat-frozenfood","8":"product_tag-frozen-food","10":"first","11":"instock","12":"shipping-taxable","13":"purchasable","14":"product-type-simple"},"exclude_global_add_ons":[],"addons":[],"jetpack_publicize_connections":[],"jetpack_sharing_enabled":true,"jetpack_likes_enabled":true,"_links":{"self":[{"href":"https:\/\/umefood.dk\/da\/wp-json\/wp\/v2\/product\/37263","targetHints":{"allow":["GET"]}}],"collection":[{"href":"https:\/\/umefood.dk\/da\/wp-json\/wp\/v2\/product"}],"about":[{"href":"https:\/\/umefood.dk\/da\/wp-json\/wp\/v2\/types\/product"}],"version-history":[{"count":5,"href":"https:\/\/umefood.dk\/da\/wp-json\/wp\/v2\/product\/37263\/revisions"}],"predecessor-version":[{"id":42791,"href":"https:\/\/umefood.dk\/da\/wp-json\/wp\/v2\/product\/37263\/revisions\/42791"}],"wp:featuredmedia":[{"embeddable":true,"href":"https:\/\/umefood.dk\/da\/wp-json\/wp\/v2\/media\/39952"}],"wp:attachment":[{"href":"https:\/\/umefood.dk\/da\/wp-json\/wp\/v2\/media?parent=37263"}],"wp:term":[{"taxonomy":"product_brand","embeddable":true,"href":"https:\/\/umefood.dk\/da\/wp-json\/wp\/v2\/product_brand?post=37263"},{"taxonomy":"product_cat","embeddable":true,"href":"https:\/\/umefood.dk\/da\/wp-json\/wp\/v2\/product_cat?post=37263"},{"taxonomy":"product_tag","embeddable":true,"href":"https:\/\/umefood.dk\/da\/wp-json\/wp\/v2\/product_tag?post=37263"}],"curies":[{"name":"wp","href":"https:\/\/api.w.org\/{rel}","templated":true}]}}