{"id":37316,"date":"2025-04-30T12:03:56","date_gmt":"2025-04-30T10:03:56","guid":{"rendered":"https:\/\/umefood.dk\/?post_type=product&#038;p=37316"},"modified":"2025-11-19T01:03:24","modified_gmt":"2025-11-19T00:03:24","slug":"leek-egg-dumpling-450g-sq-sanquan","status":"publish","type":"product","link":"https:\/\/umefood.dk\/da\/produkter\/leek-egg-dumpling-450g-sq-sanquan\/","title":{"rendered":"SanQuan Leek Egg Dumpling 450g (can be only purchased in store)"},"content":{"rendered":"<p>Ingredienser:<\/p>\n<p><strong class=\"extra-bold\">HVEDE<\/strong> Mel (27,3%), Porre (15,8%), \u00c6g (14,2%), Vand, Bambusskud, Agaric, <strong class=\"extra-bold\">SOJA<\/strong>b\u00f8nneolie, champignon, for\u00e5rsl\u00f8g, <strong class=\"extra-bold\">SESAM<\/strong> Olie, <strong class=\"extra-bold\">SOJA<\/strong> Sovs (<strong class=\"extra-bold\">SOJA<\/strong>b\u00f8nne, <strong class=\"extra-bold\">HVEDE<\/strong> Flour, Water, Salt), Thickening Agent (E1440), Corn Starch, Salt, Sugar, Oliver Oil, White Pepper, Emulsifier (E464)<\/p>\n<p>Ern\u00e6ringsoplysninger:<\/p>\n<table>\n<tbody>\n<tr>\n<th>Energi<\/th>\n<td>893 kJ\/213 kcal<\/td>\n<\/tr>\n<tr>\n<th>Fed<\/th>\n<td>8,9 g<\/td>\n<\/tr>\n<tr>\n<th>hvoraf m\u00e6tter<\/th>\n<td>4,4 g<\/td>\n<\/tr>\n<tr>\n<th>Kulhydrat<\/th>\n<td>26,7 g<\/td>\n<\/tr>\n<tr>\n<th>heraf sukkerarter<\/th>\n<td>2,2 g<\/td>\n<\/tr>\n<tr>\n<th>Protein<\/th>\n<td>6,7 g<\/td>\n<\/tr>\n<tr>\n<th>Salt<\/th>\n<td>1,14 g<\/td>\n<\/tr>\n<\/tbody>\n<\/table>\n<p>V\u00e6gt: 450g<br \/>\nFremstilling: Kina<br \/>\nShipping Weight: 472g<\/p>","protected":false},"excerpt":{"rendered":"<p>Ingredients: WHEAT Flour (27.3%), Leek (15.8%), Egg (14.2%), Water, Bamboo Shoots, Agaric, SOYbean Oil, Mushroom, Green Onions, SESAME Oil, SOY<\/p>","protected":false},"featured_media":50724,"template":"","meta":{"_crdt_document":"","advanced_seo_description":"","jetpack_seo_html_title":"","jetpack_seo_noindex":false,"jetpack_publicize_message":"","jetpack_publicize_feature_enabled":true,"jetpack_social_post_already_shared":true,"jetpack_social_options":{"image_generator_settings":{"template":"highway","default_image_id":0,"font":"","enabled":false},"version":2},"_wpas_customize_per_network":false},"product_brand":[],"product_cat":[2108,1380],"product_tag":[1954,3079,2186,2644,3078],"class_list":{"0":"post-37316","1":"product","2":"type-product","3":"status-publish","4":"has-post-thumbnail","6":"product_cat-dumplings","7":"product_cat-frozenfood","8":"product_tag-dumplings","9":"product_tag-3079","10":"product_tag-frozen-food","11":"product_tag-2644","12":"product_tag-3078","14":"first","15":"outofstock","16":"shipping-taxable","17":"purchasable","18":"product-type-simple"},"exclude_global_add_ons":[],"addons":[],"jetpack_publicize_connections":[],"jetpack_sharing_enabled":true,"jetpack_likes_enabled":true,"_links":{"self":[{"href":"https:\/\/umefood.dk\/da\/wp-json\/wp\/v2\/product\/37316","targetHints":{"allow":["GET"]}}],"collection":[{"href":"https:\/\/umefood.dk\/da\/wp-json\/wp\/v2\/product"}],"about":[{"href":"https:\/\/umefood.dk\/da\/wp-json\/wp\/v2\/types\/product"}],"version-history":[{"count":5,"href":"https:\/\/umefood.dk\/da\/wp-json\/wp\/v2\/product\/37316\/revisions"}],"predecessor-version":[{"id":50725,"href":"https:\/\/umefood.dk\/da\/wp-json\/wp\/v2\/product\/37316\/revisions\/50725"}],"wp:featuredmedia":[{"embeddable":true,"href":"https:\/\/umefood.dk\/da\/wp-json\/wp\/v2\/media\/50724"}],"wp:attachment":[{"href":"https:\/\/umefood.dk\/da\/wp-json\/wp\/v2\/media?parent=37316"}],"wp:term":[{"taxonomy":"product_brand","embeddable":true,"href":"https:\/\/umefood.dk\/da\/wp-json\/wp\/v2\/product_brand?post=37316"},{"taxonomy":"product_cat","embeddable":true,"href":"https:\/\/umefood.dk\/da\/wp-json\/wp\/v2\/product_cat?post=37316"},{"taxonomy":"product_tag","embeddable":true,"href":"https:\/\/umefood.dk\/da\/wp-json\/wp\/v2\/product_tag?post=37316"}],"curies":[{"name":"wp","href":"https:\/\/api.w.org\/{rel}","templated":true}]}}