{"id":37438,"date":"2025-04-30T14:32:00","date_gmt":"2025-04-30T12:32:00","guid":{"rendered":"https:\/\/umefood.dk\/?post_type=product&#038;p=37438"},"modified":"2025-07-19T17:10:20","modified_gmt":"2025-07-19T15:10:20","slug":"lychee-raspberry-mochi-ice-cream-6x32g-little-moons","status":"publish","type":"product","link":"https:\/\/umefood.dk\/da\/produkter\/lychee-raspberry-mochi-ice-cream-6x32g-little-moons\/","title":{"rendered":"Lychee &amp; Raspberry Mochi Ice Cream 6x32g Little Moons (can be only purchased in store)"},"content":{"rendered":"<p>Ingredienser:<br \/>\nS\u00f8d <strong class=\"extra-bold\">M\u00c6LK<\/strong>, sukker, litchipur\u00e9 (15%), vand, rismel, FL\u00d8DE (<strong class=\"extra-bold\">M\u00c6LK<\/strong>), <strong class=\"extra-bold\">trehalose*<\/strong>, cikorie rodfibre, skummet <strong class=\"extra-bold\">M\u00c6LK<\/strong> pulver, glukosesirup, fryset\u00f8rrede hindb\u00e6rstykker, naturlig aroma, tapiokastivelse, emulgator: E471, stabilisator: (E412, E410, E466, E407), r\u00f8dbedepulver, salt, <strong class=\"extra-bold\">SOJA<\/strong>.<br \/>\n*Trehalose is a source of glucose.<br \/>\nKan indeholde spor af <strong class=\"extra-bold\">N\u00d8DDER<\/strong> og PEA<strong class=\"extra-bold\">N\u00d8DDER<\/strong>.<\/p>\n<p>Ern\u00e6ringsoplysninger:<\/p>\n<table>\n<tbody>\n<tr>\n<th>Energi<\/th>\n<td>832 kJ\/197 kcal<\/td>\n<\/tr>\n<tr>\n<th>Fed<\/th>\n<td>4,4 g<\/td>\n<\/tr>\n<tr>\n<th>hvoraf m\u00e6tter<\/th>\n<td>2,8 g<\/td>\n<\/tr>\n<tr>\n<th>Kulhydrat<\/th>\n<td>37 g<\/td>\n<\/tr>\n<tr>\n<th>heraf sukkerarter<\/th>\n<td>18 g<\/td>\n<\/tr>\n<tr>\n<th>Protein<\/th>\n<td>2,4 g<\/td>\n<\/tr>\n<tr>\n<th>Salt<\/th>\n<td>0,12 g<\/td>\n<\/tr>\n<\/tbody>\n<\/table>\n<p>Weight: 192g<br \/>\nManufacture: England<br \/>\nForsendelsesv\u00e6gt: 230g<\/p>","protected":false},"excerpt":{"rendered":"<p>Ingredients: Sweet MILK, sugar, lychee puree (15%), water, rice flour, CREAM (MILK), trehalose*, chicory root fiber, skimmed MILK powder, glucose<\/p>","protected":false},"featured_media":39358,"template":"","meta":{"_crdt_document":"","advanced_seo_description":"","jetpack_seo_html_title":"","jetpack_seo_noindex":false,"jetpack_publicize_message":"","jetpack_publicize_feature_enabled":true,"jetpack_social_post_already_shared":true,"jetpack_social_options":{"image_generator_settings":{"template":"highway","default_image_id":0,"font":"","enabled":false},"version":2},"_wpas_customize_per_network":false},"product_brand":[],"product_cat":[2113,1380],"product_tag":[2259],"class_list":{"0":"post-37438","1":"product","2":"type-product","3":"status-publish","4":"has-post-thumbnail","6":"product_cat-dessert","7":"product_cat-frozenfood","8":"product_tag-ice-cream","10":"first","11":"outofstock","12":"shipping-taxable","13":"purchasable","14":"product-type-simple"},"exclude_global_add_ons":[],"addons":[],"jetpack_publicize_connections":[],"jetpack_sharing_enabled":true,"jetpack_likes_enabled":true,"_links":{"self":[{"href":"https:\/\/umefood.dk\/da\/wp-json\/wp\/v2\/product\/37438","targetHints":{"allow":["GET"]}}],"collection":[{"href":"https:\/\/umefood.dk\/da\/wp-json\/wp\/v2\/product"}],"about":[{"href":"https:\/\/umefood.dk\/da\/wp-json\/wp\/v2\/types\/product"}],"version-history":[{"count":6,"href":"https:\/\/umefood.dk\/da\/wp-json\/wp\/v2\/product\/37438\/revisions"}],"predecessor-version":[{"id":38609,"href":"https:\/\/umefood.dk\/da\/wp-json\/wp\/v2\/product\/37438\/revisions\/38609"}],"wp:featuredmedia":[{"embeddable":true,"href":"https:\/\/umefood.dk\/da\/wp-json\/wp\/v2\/media\/39358"}],"wp:attachment":[{"href":"https:\/\/umefood.dk\/da\/wp-json\/wp\/v2\/media?parent=37438"}],"wp:term":[{"taxonomy":"product_brand","embeddable":true,"href":"https:\/\/umefood.dk\/da\/wp-json\/wp\/v2\/product_brand?post=37438"},{"taxonomy":"product_cat","embeddable":true,"href":"https:\/\/umefood.dk\/da\/wp-json\/wp\/v2\/product_cat?post=37438"},{"taxonomy":"product_tag","embeddable":true,"href":"https:\/\/umefood.dk\/da\/wp-json\/wp\/v2\/product_tag?post=37438"}],"curies":[{"name":"wp","href":"https:\/\/api.w.org\/{rel}","templated":true}]}}