{"id":38558,"date":"2025-05-02T16:14:36","date_gmt":"2025-05-02T14:14:36","guid":{"rendered":"https:\/\/umefood.dk\/?post_type=product&#038;p=38558"},"modified":"2026-03-15T16:39:01","modified_gmt":"2026-03-15T15:39:01","slug":"chuanlaohui-hot-broad-bean-paste-12kg","status":"publish","type":"product","link":"https:\/\/umefood.dk\/da\/produkter\/chuanlaohui-hot-broad-bean-paste-12kg\/","title":{"rendered":"Hot Broad Bean Paste 12kg ChuanLaoHui"},"content":{"rendered":"<p>Ingredienser:<br \/>\nChill (45%), BroadBean(25%),Salt, Canola Oil, <strong class=\"extra-bold\">HVEDE<\/strong> Flour, Flavor Enhancer (E621), Sugar, Acid(E330)<\/p>\n<p>Ern\u00e6ringsoplysninger:<\/p>\n<table>\n<tbody>\n<tr>\n<th>Energi<\/th>\n<td>275 kJ\/65,7 kcal<\/td>\n<\/tr>\n<tr>\n<th>Fed<\/th>\n<td>1,3 g<\/td>\n<\/tr>\n<tr>\n<th>hvoraf m\u00e6tter<\/th>\n<td>0,1 g<\/td>\n<\/tr>\n<tr>\n<th>Kulhydrat<\/th>\n<td>6,1 g<\/td>\n<\/tr>\n<tr>\n<th>heraf sukkerarter<\/th>\n<td>5,6 g<\/td>\n<\/tr>\n<tr>\n<th>Protein<\/th>\n<td>5g<\/td>\n<\/tr>\n<tr>\n<th>Salt<\/th>\n<td>18,6 g<\/td>\n<\/tr>\n<\/tbody>\n<\/table>\n<p>Weight: 12kg<br \/>\nFremstilling: Kina<br \/>\nShipping Weight: 13kg<\/p>","protected":false},"excerpt":{"rendered":"<p>Ingredienser: Chili (45%), bredb\u00f8nner (25%), salt, rapsolie, hvedemel, smagsforst\u00e6rker (E621), sukker, syre (E330). N\u00e6ringsindhold: Energi 275 kJ\/65,7 kcal.<\/p>","protected":false},"featured_media":38861,"template":"","meta":{"_crdt_document":"","advanced_seo_description":"","jetpack_seo_html_title":"","jetpack_seo_noindex":false,"jetpack_publicize_message":"","jetpack_publicize_feature_enabled":true,"jetpack_social_post_already_shared":true,"jetpack_social_options":{"image_generator_settings":{"template":"highway","default_image_id":0,"font":"","enabled":false},"version":2},"_wpas_customize_per_network":false},"product_brand":[],"product_cat":[2124,1980],"product_tag":[1448],"class_list":{"0":"post-38558","1":"product","2":"type-product","3":"status-publish","4":"has-post-thumbnail","6":"product_cat-paste","7":"product_cat-seasoning","8":"product_tag-seasoning-2","10":"first","11":"outofstock","12":"shipping-taxable","13":"purchasable","14":"product-type-simple"},"exclude_global_add_ons":[],"addons":[],"jetpack_publicize_connections":[],"jetpack_sharing_enabled":true,"jetpack_likes_enabled":true,"_links":{"self":[{"href":"https:\/\/umefood.dk\/da\/wp-json\/wp\/v2\/product\/38558","targetHints":{"allow":["GET"]}}],"collection":[{"href":"https:\/\/umefood.dk\/da\/wp-json\/wp\/v2\/product"}],"about":[{"href":"https:\/\/umefood.dk\/da\/wp-json\/wp\/v2\/types\/product"}],"version-history":[{"count":6,"href":"https:\/\/umefood.dk\/da\/wp-json\/wp\/v2\/product\/38558\/revisions"}],"predecessor-version":[{"id":38560,"href":"https:\/\/umefood.dk\/da\/wp-json\/wp\/v2\/product\/38558\/revisions\/38560"}],"wp:featuredmedia":[{"embeddable":true,"href":"https:\/\/umefood.dk\/da\/wp-json\/wp\/v2\/media\/38861"}],"wp:attachment":[{"href":"https:\/\/umefood.dk\/da\/wp-json\/wp\/v2\/media?parent=38558"}],"wp:term":[{"taxonomy":"product_brand","embeddable":true,"href":"https:\/\/umefood.dk\/da\/wp-json\/wp\/v2\/product_brand?post=38558"},{"taxonomy":"product_cat","embeddable":true,"href":"https:\/\/umefood.dk\/da\/wp-json\/wp\/v2\/product_cat?post=38558"},{"taxonomy":"product_tag","embeddable":true,"href":"https:\/\/umefood.dk\/da\/wp-json\/wp\/v2\/product_tag?post=38558"}],"curies":[{"name":"wp","href":"https:\/\/api.w.org\/{rel}","templated":true}]}}