{"id":38876,"date":"2025-05-05T18:38:38","date_gmt":"2025-05-05T16:38:38","guid":{"rendered":"https:\/\/umefood.dk\/?post_type=product&#038;p=38876"},"modified":"2026-04-18T02:19:39","modified_gmt":"2026-04-18T00:19:39","slug":"mix-mushroom-400g","status":"publish","type":"product","link":"https:\/\/umefood.dk\/da\/produkter\/mix-mushroom-400g\/","title":{"rendered":"Blandede svampe 400g (kan kun k\u00f8bes i butikken)"},"content":{"rendered":"<p>Ingredienser:<\/p>\n<p>&nbsp;<\/p>\n<p>Ern\u00e6ringsoplysninger:<\/p>\n<table>\n<tbody>\n<tr>\n<th>Energi<\/th>\n<td>N\/A<\/td>\n<\/tr>\n<tr>\n<th>Fed<\/th>\n<td>N\/A<\/td>\n<\/tr>\n<tr>\n<th>hvoraf m\u00e6tter<\/th>\n<td>N\/A<\/td>\n<\/tr>\n<tr>\n<th>Kulhydrat<\/th>\n<td>N\/A<\/td>\n<\/tr>\n<tr>\n<th>heraf sukkerarter<\/th>\n<td>N\/A<\/td>\n<\/tr>\n<tr>\n<th>Protein<\/th>\n<td>N\/A<\/td>\n<\/tr>\n<tr>\n<th>Salt<\/th>\n<td>N\/A<\/td>\n<\/tr>\n<\/tbody>\n<\/table>\n<p>V\u00e6gt: 400g<br \/>\nFremstilling: Kina<br \/>\nForsendelsesv\u00e6gt: 420g<\/p>","protected":false},"excerpt":{"rendered":"<p>Ingredienser: N\u00e6ringsinformation: Energi Ikke tilg\u00e6ngelig Fedt Ikke tilg\u00e6ngelig heraf m\u00e6ttede fedtsyrer Ikke tilg\u00e6ngelig Kulhydrat Ikke tilg\u00e6ngelig heraf sukkerarter Ikke tilg\u00e6ngelig Protein Ikke tilg\u00e6ngelig<\/p>","protected":false},"featured_media":51342,"template":"","meta":{"_crdt_document":"","advanced_seo_description":"","jetpack_seo_html_title":"","jetpack_seo_noindex":false,"jetpack_publicize_message":"","jetpack_publicize_feature_enabled":true,"jetpack_social_post_already_shared":true,"jetpack_social_options":{"image_generator_settings":{"template":"highway","default_image_id":0,"font":"","enabled":false},"version":2},"_wpas_customize_per_network":false},"product_brand":[],"product_cat":[1982,1948],"product_tag":[2262],"class_list":{"0":"post-38876","1":"product","2":"type-product","3":"status-publish","4":"has-post-thumbnail","6":"product_cat-fresh-food","7":"product_cat-vegetables","8":"product_tag-vegetable","10":"first","11":"outofstock","12":"shipping-taxable","13":"purchasable","14":"product-type-simple"},"exclude_global_add_ons":[],"addons":[],"jetpack_publicize_connections":[],"jetpack_sharing_enabled":true,"jetpack_likes_enabled":true,"_links":{"self":[{"href":"https:\/\/umefood.dk\/da\/wp-json\/wp\/v2\/product\/38876","targetHints":{"allow":["GET"]}}],"collection":[{"href":"https:\/\/umefood.dk\/da\/wp-json\/wp\/v2\/product"}],"about":[{"href":"https:\/\/umefood.dk\/da\/wp-json\/wp\/v2\/types\/product"}],"version-history":[{"count":5,"href":"https:\/\/umefood.dk\/da\/wp-json\/wp\/v2\/product\/38876\/revisions"}],"predecessor-version":[{"id":39056,"href":"https:\/\/umefood.dk\/da\/wp-json\/wp\/v2\/product\/38876\/revisions\/39056"}],"wp:featuredmedia":[{"embeddable":true,"href":"https:\/\/umefood.dk\/da\/wp-json\/wp\/v2\/media\/51342"}],"wp:attachment":[{"href":"https:\/\/umefood.dk\/da\/wp-json\/wp\/v2\/media?parent=38876"}],"wp:term":[{"taxonomy":"product_brand","embeddable":true,"href":"https:\/\/umefood.dk\/da\/wp-json\/wp\/v2\/product_brand?post=38876"},{"taxonomy":"product_cat","embeddable":true,"href":"https:\/\/umefood.dk\/da\/wp-json\/wp\/v2\/product_cat?post=38876"},{"taxonomy":"product_tag","embeddable":true,"href":"https:\/\/umefood.dk\/da\/wp-json\/wp\/v2\/product_tag?post=38876"}],"curies":[{"name":"wp","href":"https:\/\/api.w.org\/{rel}","templated":true}]}}