{"id":40952,"date":"2025-05-16T10:37:20","date_gmt":"2025-05-16T08:37:20","guid":{"rendered":"https:\/\/umefood.dk\/?post_type=product&#038;p=40952"},"modified":"2026-04-17T02:34:08","modified_gmt":"2026-04-17T00:34:08","slug":"ribon-domyoji-umeko-challenge-60g","status":"publish","type":"product","link":"https:\/\/umefood.dk\/da\/produkter\/ribon-domyoji-umeko-challenge-60g\/","title":{"rendered":"Ribon Domyoji Umeko Super Sour Challenge Slik 60g"},"content":{"rendered":"<p>Ingredienser:<\/p>\n<p>Sugar, glucose syrup, shortening, <strong>sojab\u00f8nner<\/strong>, glucose, condensed <strong>m\u00e6lk<\/strong>, emulsifier(E475), activity regulators(E330), flavorings, thickener(E441), colour(E163).<\/p>\n<p>Ern\u00e6ringsoplysninger:<\/p>\n<table>\n<tbody>\n<tr>\n<th>Energi<\/th>\n<td>1812 kJ\/ 433 kcal<\/td>\n<\/tr>\n<tr>\n<th>Fed<\/th>\n<td>9,3 g<\/td>\n<\/tr>\n<tr>\n<th>hvoraf m\u00e6tter<\/th>\n<td>0g<\/td>\n<\/tr>\n<tr>\n<th>Kulhydrat<\/th>\n<td>86.7g<\/td>\n<\/tr>\n<tr>\n<th>heraf sukkerarter<\/th>\n<td>83,4 g<\/td>\n<\/tr>\n<tr>\n<th>Protein<\/th>\n<td>0g<\/td>\n<\/tr>\n<tr>\n<th>Salt<\/th>\n<td>0,03 g<\/td>\n<\/tr>\n<\/tbody>\n<\/table>\n<p>V\u00e6gt: 60g<br \/>\nFremstilling: Japan<br \/>\nForsendelsesv\u00e6gt: 65g<\/p>","protected":false},"excerpt":{"rendered":"<p>Ingredienser: Sukker, glukosesirup, fedtstof, sojab\u00f8nner, glukose, kondenseret m\u00e6lk, emulgator (E475), aktivitetsregulatorer (E330), aromaer, fortykningsmiddel (E441), farvestof (E163). N\u00e6ringsinformation: Energi 1812 kJ\/<\/p>","protected":false},"featured_media":41049,"template":"","meta":{"_crdt_document":"","advanced_seo_description":"","jetpack_seo_html_title":"","jetpack_seo_noindex":false,"jetpack_publicize_message":"","jetpack_publicize_feature_enabled":true,"jetpack_social_post_already_shared":true,"jetpack_social_options":{"image_generator_settings":{"template":"highway","default_image_id":0,"font":"","enabled":false},"version":2},"_wpas_customize_per_network":false},"product_brand":[],"product_cat":[1959,2094],"product_tag":[2230,1489,1844,2599],"class_list":{"0":"post-40952","1":"product","2":"type-product","3":"status-publish","4":"has-post-thumbnail","6":"product_cat-candy","7":"product_cat-snacks","8":"product_tag-candy-2","9":"product_tag-snack-2","10":"product_tag-snacks","11":"product_tag-2599","13":"first","14":"instock","15":"shipping-taxable","16":"purchasable","17":"product-type-simple"},"exclude_global_add_ons":[],"addons":[],"jetpack_publicize_connections":[],"jetpack_sharing_enabled":true,"jetpack_likes_enabled":true,"_links":{"self":[{"href":"https:\/\/umefood.dk\/da\/wp-json\/wp\/v2\/product\/40952","targetHints":{"allow":["GET"]}}],"collection":[{"href":"https:\/\/umefood.dk\/da\/wp-json\/wp\/v2\/product"}],"about":[{"href":"https:\/\/umefood.dk\/da\/wp-json\/wp\/v2\/types\/product"}],"version-history":[{"count":5,"href":"https:\/\/umefood.dk\/da\/wp-json\/wp\/v2\/product\/40952\/revisions"}],"predecessor-version":[{"id":41079,"href":"https:\/\/umefood.dk\/da\/wp-json\/wp\/v2\/product\/40952\/revisions\/41079"}],"wp:featuredmedia":[{"embeddable":true,"href":"https:\/\/umefood.dk\/da\/wp-json\/wp\/v2\/media\/41049"}],"wp:attachment":[{"href":"https:\/\/umefood.dk\/da\/wp-json\/wp\/v2\/media?parent=40952"}],"wp:term":[{"taxonomy":"product_brand","embeddable":true,"href":"https:\/\/umefood.dk\/da\/wp-json\/wp\/v2\/product_brand?post=40952"},{"taxonomy":"product_cat","embeddable":true,"href":"https:\/\/umefood.dk\/da\/wp-json\/wp\/v2\/product_cat?post=40952"},{"taxonomy":"product_tag","embeddable":true,"href":"https:\/\/umefood.dk\/da\/wp-json\/wp\/v2\/product_tag?post=40952"}],"curies":[{"name":"wp","href":"https:\/\/api.w.org\/{rel}","templated":true}]}}