{"id":44341,"date":"2025-06-09T15:24:57","date_gmt":"2025-06-09T13:24:57","guid":{"rendered":"https:\/\/umefood.dk\/?post_type=product&#038;p=44341"},"modified":"2026-04-18T02:25:29","modified_gmt":"2026-04-18T00:25:29","slug":"yamamotoya-kusa-daifuku-riskage-med-azuki-bonnepasta-og-yomogi-grontsager-100-g","status":"publish","type":"product","link":"https:\/\/umefood.dk\/da\/produkter\/yamamotoya-kusa-daifuku-riskage-med-azuki-bonnepasta-og-yomogi-grontsager-100-g\/","title":{"rendered":"Yamamotoya Yomogi (Kusa) Daifuku 100g (kan kun k\u00f8bes i butikken)"},"content":{"rendered":"<p>Ingredienser:<\/p>\n<p>Adzuki-b\u00f8nnepasta (Adzuki-b\u00f8nner (17%), sukker, fugtighedsbevarende middel: E965), kl\u00e6brig rismel (kl\u00e6brig ris, modificeret stivelse), vand, sukkerarter (sukker, fugtighedsbevarende middel: E420), modificeret stivelse,<strong class=\"extra-bold\"> Sojab\u00f8nneolie,<\/strong> Surhedsregulerende midler: E575, E331 og E330,<strong class=\"extra-bold\"> Beta-amylase (indeholder sojab\u00f8nner)<\/strong><\/p>\n<p>Ern\u00e6ringsoplysninger:<\/p>\n<table>\n<tbody>\n<tr>\n<th>Energi<\/th>\n<td>1018 kJ\/241 kcal<\/td>\n<\/tr>\n<tr>\n<th>Fed<\/th>\n<td>0,9 g<\/td>\n<\/tr>\n<tr>\n<th>hvoraf m\u00e6tter<\/th>\n<td>0,2 g<\/td>\n<\/tr>\n<tr>\n<th>Kulhydrat<\/th>\n<td>51 g<\/td>\n<\/tr>\n<tr>\n<th>heraf sukkerarter<\/th>\n<td>17 g<\/td>\n<\/tr>\n<tr>\n<th>Protein<\/th>\n<td>4,1 g<\/td>\n<\/tr>\n<tr>\n<th>Salt<\/th>\n<td>0,14 g<\/td>\n<\/tr>\n<\/tbody>\n<\/table>\n<p>V\u00e6gt: 100g<br \/>\nFremstilling: Japan<br \/>\nForsendelsesv\u00e6gt: 110g<\/p>","protected":false},"excerpt":{"rendered":"<p>Ingredienser: Adzuki-b\u00f8nnepasta (Adzuki-b\u00f8nner (17%), sukker, fugtighedsmiddel: E965), kl\u00e6brig rismel (kl\u00e6brig ris, modificeret stivelse), vand, sukkerarter (sukker,<\/p>","protected":false},"featured_media":44342,"template":"","meta":{"_crdt_document":"","advanced_seo_description":"","jetpack_seo_html_title":"","jetpack_seo_noindex":false,"jetpack_publicize_message":"","jetpack_publicize_feature_enabled":true,"jetpack_social_post_already_shared":true,"jetpack_social_options":{"image_generator_settings":{"template":"highway","default_image_id":0,"font":"","enabled":false},"version":2},"_wpas_customize_per_network":false},"product_brand":[],"product_cat":[2113,1380,2389],"product_tag":[2186,2259,2131,2520],"class_list":{"0":"post-44341","1":"product","2":"type-product","3":"status-publish","4":"has-post-thumbnail","6":"product_cat-dessert","7":"product_cat-frozenfood","8":"product_cat-new-and-restocked","9":"product_tag-frozen-food","10":"product_tag-ice-cream","11":"product_tag-mochi","12":"product_tag-2520","14":"first","15":"instock","16":"shipping-taxable","17":"purchasable","18":"product-type-simple"},"exclude_global_add_ons":[],"addons":[],"jetpack_publicize_connections":[],"jetpack_sharing_enabled":true,"jetpack_likes_enabled":true,"_links":{"self":[{"href":"https:\/\/umefood.dk\/da\/wp-json\/wp\/v2\/product\/44341","targetHints":{"allow":["GET"]}}],"collection":[{"href":"https:\/\/umefood.dk\/da\/wp-json\/wp\/v2\/product"}],"about":[{"href":"https:\/\/umefood.dk\/da\/wp-json\/wp\/v2\/types\/product"}],"version-history":[{"count":3,"href":"https:\/\/umefood.dk\/da\/wp-json\/wp\/v2\/product\/44341\/revisions"}],"predecessor-version":[{"id":60522,"href":"https:\/\/umefood.dk\/da\/wp-json\/wp\/v2\/product\/44341\/revisions\/60522"}],"wp:featuredmedia":[{"embeddable":true,"href":"https:\/\/umefood.dk\/da\/wp-json\/wp\/v2\/media\/44342"}],"wp:attachment":[{"href":"https:\/\/umefood.dk\/da\/wp-json\/wp\/v2\/media?parent=44341"}],"wp:term":[{"taxonomy":"product_brand","embeddable":true,"href":"https:\/\/umefood.dk\/da\/wp-json\/wp\/v2\/product_brand?post=44341"},{"taxonomy":"product_cat","embeddable":true,"href":"https:\/\/umefood.dk\/da\/wp-json\/wp\/v2\/product_cat?post=44341"},{"taxonomy":"product_tag","embeddable":true,"href":"https:\/\/umefood.dk\/da\/wp-json\/wp\/v2\/product_tag?post=44341"}],"curies":[{"name":"wp","href":"https:\/\/api.w.org\/{rel}","templated":true}]}}