{"id":44479,"date":"2025-06-11T14:02:33","date_gmt":"2025-06-11T12:02:33","guid":{"rendered":"https:\/\/umefood.dk\/?post_type=product&#038;p=44479"},"modified":"2026-04-19T02:33:49","modified_gmt":"2026-04-19T00:33:49","slug":"peachoolong-flavor-soda-330ml-pepsi-copy","status":"publish","type":"product","link":"https:\/\/umefood.dk\/da\/produkter\/peachoolong-flavor-soda-330ml-pepsi-copy\/","title":{"rendered":"Lotte Koalas marts vaniljem\u00e6lk 37g"},"content":{"rendered":"<p>Ingredienser:<\/p>\n<p>60% White Cream Filling (Vegetable Oil (Palmkernel, Palm, Hydrogenated Rapeseed), Sugar, <strong class=\"extra-bold\">Lactose (Milk)<\/strong>, <strong class=\"extra-bold\">Whey Powder Demineralized (Milk)<\/strong>, <strong class=\"extra-bold\">Skimmed Milkpowder (Milk)<\/strong>, Emulsifier (E322 (<strong class=\"extra-bold\">Soja<\/strong>)), <strong class=\"extra-bold\">Wheat Flour (Gluten)<\/strong>, Corn Starch, Shortening (Palm, Emulsifier (E471), Antioxidant (E307)), Sugar, Invert Sugar, Coloring Agents (E170, E150a), Raising Agent (E503, E500), Salt, Flavours (0.1% <strong class=\"extra-bold\">M\u00e6lk<\/strong>, 0.25% Vanilla).<\/p>\n<p>Ern\u00e6ringsoplysninger:<\/p>\n<table>\n<tbody>\n<tr>\n<th>Energi<\/th>\n<td>\u00a02200kJ\/ 527kcal<\/td>\n<\/tr>\n<tr>\n<th>Fed<\/th>\n<td>29,3 g<\/td>\n<\/tr>\n<tr>\n<th>hvoraf m\u00e6tter<\/th>\n<td>20,9 g<\/td>\n<\/tr>\n<tr>\n<th>Kulhydrat<\/th>\n<td>61 g<\/td>\n<\/tr>\n<tr>\n<th>heraf sukkerarter<\/th>\n<td>47.4g<\/td>\n<\/tr>\n<tr>\n<th>Protein<\/th>\n<td>3,9 g<\/td>\n<\/tr>\n<tr>\n<th>Salt<\/th>\n<td>0,61 g<\/td>\n<\/tr>\n<\/tbody>\n<\/table>\n<p>V\u00e6gt: 37g<br \/>\nFremstilling: Thailand<br \/>\nForsendelsesv\u00e6gt: 55g<\/p>","protected":false},"excerpt":{"rendered":"<p>Ingredienser: 60% Hvid cremefyld (vegetabilsk olie (palmekerne, palme, hydrogeneret raps), sukker, laktose (m\u00e6lk), demineraliseret vallepulver (m\u00e6lk), skummetm\u00e6lkspulver<\/p>","protected":false},"featured_media":44520,"template":"","meta":{"_crdt_document":"","advanced_seo_description":"","jetpack_seo_html_title":"","jetpack_seo_noindex":false,"jetpack_publicize_message":"","jetpack_publicize_feature_enabled":true,"jetpack_social_post_already_shared":true,"jetpack_social_options":{"image_generator_settings":{"template":"highway","default_image_id":0,"font":"","enabled":false},"version":2},"_wpas_customize_per_network":false},"product_brand":[],"product_cat":[2348,2094],"product_tag":[2398,2177],"class_list":{"0":"post-44479","1":"product","2":"type-product","3":"status-publish","4":"has-post-thumbnail","6":"product_cat-cookies-biscuits","7":"product_cat-snacks","8":"product_tag-biscuits","9":"product_tag-cookies","11":"first","12":"instock","13":"shipping-taxable","14":"purchasable","15":"product-type-simple"},"exclude_global_add_ons":[],"addons":[],"jetpack_publicize_connections":[],"jetpack_sharing_enabled":true,"jetpack_likes_enabled":true,"_links":{"self":[{"href":"https:\/\/umefood.dk\/da\/wp-json\/wp\/v2\/product\/44479","targetHints":{"allow":["GET"]}}],"collection":[{"href":"https:\/\/umefood.dk\/da\/wp-json\/wp\/v2\/product"}],"about":[{"href":"https:\/\/umefood.dk\/da\/wp-json\/wp\/v2\/types\/product"}],"version-history":[{"count":4,"href":"https:\/\/umefood.dk\/da\/wp-json\/wp\/v2\/product\/44479\/revisions"}],"predecessor-version":[{"id":44524,"href":"https:\/\/umefood.dk\/da\/wp-json\/wp\/v2\/product\/44479\/revisions\/44524"}],"wp:featuredmedia":[{"embeddable":true,"href":"https:\/\/umefood.dk\/da\/wp-json\/wp\/v2\/media\/44520"}],"wp:attachment":[{"href":"https:\/\/umefood.dk\/da\/wp-json\/wp\/v2\/media?parent=44479"}],"wp:term":[{"taxonomy":"product_brand","embeddable":true,"href":"https:\/\/umefood.dk\/da\/wp-json\/wp\/v2\/product_brand?post=44479"},{"taxonomy":"product_cat","embeddable":true,"href":"https:\/\/umefood.dk\/da\/wp-json\/wp\/v2\/product_cat?post=44479"},{"taxonomy":"product_tag","embeddable":true,"href":"https:\/\/umefood.dk\/da\/wp-json\/wp\/v2\/product_tag?post=44479"}],"curies":[{"name":"wp","href":"https:\/\/api.w.org\/{rel}","templated":true}]}}