{"id":44603,"date":"2025-06-12T14:01:22","date_gmt":"2025-06-12T12:01:22","guid":{"rendered":"https:\/\/umefood.dk\/?post_type=product&#038;p=44603"},"modified":"2026-04-17T02:31:04","modified_gmt":"2026-04-17T00:31:04","slug":"tonkotsu-daisho-suppe-base-plante-740ml","status":"publish","type":"product","link":"https:\/\/umefood.dk\/da\/produkter\/tonkotsu-daisho-suppe-base-plante-740ml\/","title":{"rendered":"Daisho Tonkotsu Suppe Base Plant 740ml"},"content":{"rendered":"<p>Ingredienser:<\/p>\n<p>Vand, palmeoliepulver (palmeolie, maltodextrin, emulgator: E1450), krydderi (salt, smagsforst\u00e6rkere E621 og E635), sojab\u00f8nneolie, sukker, <strong class=\"extra-bold\">Hydrolyseret sojaprotein<\/strong>, Sojapasta (<strong class=\"extra-bold\">Sojab\u00f8nnedrik<\/strong> (Sojab\u00f8nner, Vand), Sojab\u00f8nnedrikpulver, <strong class=\"extra-bold\">Sojab\u00f8nnepulver<\/strong>), <strong class=\"extra-bold\">Sojasovs<\/strong> (Vand, salt, <strong class=\"extra-bold\">Affedtede sojab\u00f8nner<\/strong>, <strong class=\"extra-bold\">Hvede<\/strong>, Sukkerarter (glukose-fruktosesirup, maltosesirup, sukker), <strong class=\"extra-bold\">Sojab\u00f8nner<\/strong>), <strong class=\"extra-bold\">Sojab\u00f8nnepasta<\/strong> (Sojab\u00f8nner, ris, salt, g\u00e6r (indeholder <strong class=\"extra-bold\">Sojab\u00f8nner<\/strong>), Riskoji, Vand), Fortykkelsesmidler E1422 og E415, Chili-pasta af hesteb\u00f8nner (saltet r\u00f8d chili), Pasta af hesteb\u00f8nner (vand, hesteb\u00f8nner, salt, <strong class=\"extra-bold\">Hvedemel<\/strong>), riseddike (ris, sukker, vand), r\u00f8d chilipulver, salt), tangekstrakt (tang, salt), aromaer (indeholder <strong class=\"extra-bold\">Sojab\u00f8nner<\/strong>, <strong class=\"extra-bold\">Hvede<\/strong>), Ristet hvidl\u00f8gspulver (t\u00f8rret hvidl\u00f8gsstivelse, hvidl\u00f8gsolie (rapsolie, t\u00f8rret hvidl\u00f8g)), emulgatorer: dextrin og glycerid, t\u00f8rret r\u00f8d chilipulver, sort peber, farvestof: E160c, g\u00e6rekstrakt (g\u00e6rekstrakt, dextrin).<\/p>\n<p>Ern\u00e6ringsoplysninger:<\/p>\n<table>\n<tbody>\n<tr>\n<th>Energi<\/th>\n<td>176 kJ\/42 kcal<\/td>\n<\/tr>\n<tr>\n<th>Fed<\/th>\n<td>2,7 g<\/td>\n<\/tr>\n<tr>\n<th>hvoraf m\u00e6tter<\/th>\n<td>0,9 g<\/td>\n<\/tr>\n<tr>\n<th>Kulhydrat<\/th>\n<td>3,5 g<\/td>\n<\/tr>\n<tr>\n<th>heraf sukkerarter<\/th>\n<td>1,1 g<\/td>\n<\/tr>\n<tr>\n<th>Protein<\/th>\n<td>0,9 g<\/td>\n<\/tr>\n<tr>\n<th>Salt<\/th>\n<td>2,1 g<\/td>\n<\/tr>\n<\/tbody>\n<\/table>\n<p>V\u00e6gt: 750g<br \/>\nFremstilling: Japan<br \/>\nForsendelsesv\u00e6gt: 770 g<\/p>","protected":false},"excerpt":{"rendered":"<p>Ingredienser: Vand, palmeoliepulver (palmeolie, maltodextrin, emulgator: E1450), krydderi (salt, smagsforst\u00e6rkere E621 og E635), sojab\u00f8nneolie, sukker,<\/p>","protected":false},"featured_media":44657,"template":"","meta":{"_crdt_document":"","advanced_seo_description":"","jetpack_seo_html_title":"","jetpack_seo_noindex":false,"jetpack_publicize_message":"","jetpack_publicize_feature_enabled":true,"jetpack_social_post_already_shared":true,"jetpack_social_options":{"image_generator_settings":{"template":"highway","default_image_id":0,"font":"","enabled":false},"version":2},"_wpas_customize_per_network":false},"product_brand":[2519],"product_cat":[2123,2121,2389,2290,1980],"product_tag":[2517,2158,1448],"class_list":{"0":"post-44603","1":"product","2":"type-product","3":"status-publish","4":"has-post-thumbnail","6":"product_brand-daisho","7":"product_cat-hotpot-sauce","8":"product_cat-japan-k","9":"product_cat-new-and-restocked","10":"product_cat-other-sauce","11":"product_cat-seasoning","12":"product_tag-2517","13":"product_tag-hotpot","14":"product_tag-seasoning-2","16":"first","17":"instock","18":"shipping-taxable","19":"purchasable","20":"product-type-simple"},"exclude_global_add_ons":[],"addons":[],"jetpack_publicize_connections":[],"jetpack_sharing_enabled":true,"jetpack_likes_enabled":true,"_links":{"self":[{"href":"https:\/\/umefood.dk\/da\/wp-json\/wp\/v2\/product\/44603","targetHints":{"allow":["GET"]}}],"collection":[{"href":"https:\/\/umefood.dk\/da\/wp-json\/wp\/v2\/product"}],"about":[{"href":"https:\/\/umefood.dk\/da\/wp-json\/wp\/v2\/types\/product"}],"version-history":[{"count":5,"href":"https:\/\/umefood.dk\/da\/wp-json\/wp\/v2\/product\/44603\/revisions"}],"predecessor-version":[{"id":50473,"href":"https:\/\/umefood.dk\/da\/wp-json\/wp\/v2\/product\/44603\/revisions\/50473"}],"wp:featuredmedia":[{"embeddable":true,"href":"https:\/\/umefood.dk\/da\/wp-json\/wp\/v2\/media\/44657"}],"wp:attachment":[{"href":"https:\/\/umefood.dk\/da\/wp-json\/wp\/v2\/media?parent=44603"}],"wp:term":[{"taxonomy":"product_brand","embeddable":true,"href":"https:\/\/umefood.dk\/da\/wp-json\/wp\/v2\/product_brand?post=44603"},{"taxonomy":"product_cat","embeddable":true,"href":"https:\/\/umefood.dk\/da\/wp-json\/wp\/v2\/product_cat?post=44603"},{"taxonomy":"product_tag","embeddable":true,"href":"https:\/\/umefood.dk\/da\/wp-json\/wp\/v2\/product_tag?post=44603"}],"curies":[{"name":"wp","href":"https:\/\/api.w.org\/{rel}","templated":true}]}}