{"id":45981,"date":"2025-06-30T10:49:48","date_gmt":"2025-06-30T08:49:48","guid":{"rendered":"https:\/\/umefood.dk\/?post_type=product&#038;p=45981"},"modified":"2026-03-24T01:04:25","modified_gmt":"2026-03-24T00:04:25","slug":"cute-cup-bear-hamburg-1-set","status":"publish","type":"product","link":"https:\/\/umefood.dk\/da\/produkter\/cute-cup-bear-hamburg-1-set\/","title":{"rendered":"S\u00f8d Kopbj\u00f8rn &amp; Hamburg 1 S\u00e6t"},"content":{"rendered":"<p>S\u00f8d B\u00e6gerbj\u00f8rn &amp; Hamburg 1 s\u00e6t.<\/p>\n<p>Forsendelsesv\u00e6gt: 555g<\/p>","protected":false},"excerpt":{"rendered":"<p>Cute Cup Bear &amp; Hamburg 1 Set. Shipping Weight: 555g<\/p>","protected":false},"featured_media":45983,"template":"","meta":{"_crdt_document":"","advanced_seo_description":"","jetpack_seo_html_title":"","jetpack_seo_noindex":false,"jetpack_publicize_message":"","jetpack_publicize_feature_enabled":true,"jetpack_social_post_already_shared":true,"jetpack_social_options":{"image_generator_settings":{"template":"highway","default_image_id":0,"font":"","enabled":false},"version":2},"_wpas_customize_per_network":false},"product_brand":[],"product_cat":[2063,1972],"product_tag":[2602,2603],"class_list":{"0":"post-45981","1":"product","2":"type-product","3":"status-publish","4":"has-post-thumbnail","6":"product_cat-kitchen","7":"product_cat-lifestyle","8":"product_tag-cup","9":"product_tag-2603","11":"first","12":"instock","13":"shipping-taxable","14":"purchasable","15":"product-type-simple"},"exclude_global_add_ons":[],"addons":[],"jetpack_publicize_connections":[],"jetpack_sharing_enabled":true,"jetpack_likes_enabled":true,"_links":{"self":[{"href":"https:\/\/umefood.dk\/da\/wp-json\/wp\/v2\/product\/45981","targetHints":{"allow":["GET"]}}],"collection":[{"href":"https:\/\/umefood.dk\/da\/wp-json\/wp\/v2\/product"}],"about":[{"href":"https:\/\/umefood.dk\/da\/wp-json\/wp\/v2\/types\/product"}],"version-history":[{"count":3,"href":"https:\/\/umefood.dk\/da\/wp-json\/wp\/v2\/product\/45981\/revisions"}],"predecessor-version":[{"id":47694,"href":"https:\/\/umefood.dk\/da\/wp-json\/wp\/v2\/product\/45981\/revisions\/47694"}],"wp:featuredmedia":[{"embeddable":true,"href":"https:\/\/umefood.dk\/da\/wp-json\/wp\/v2\/media\/45983"}],"wp:attachment":[{"href":"https:\/\/umefood.dk\/da\/wp-json\/wp\/v2\/media?parent=45981"}],"wp:term":[{"taxonomy":"product_brand","embeddable":true,"href":"https:\/\/umefood.dk\/da\/wp-json\/wp\/v2\/product_brand?post=45981"},{"taxonomy":"product_cat","embeddable":true,"href":"https:\/\/umefood.dk\/da\/wp-json\/wp\/v2\/product_cat?post=45981"},{"taxonomy":"product_tag","embeddable":true,"href":"https:\/\/umefood.dk\/da\/wp-json\/wp\/v2\/product_tag?post=45981"}],"curies":[{"name":"wp","href":"https:\/\/api.w.org\/{rel}","templated":true}]}}