{"id":46759,"date":"2025-07-08T14:21:07","date_gmt":"2025-07-08T12:21:07","guid":{"rendered":"https:\/\/umefood.dk\/?post_type=product&#038;p=46759"},"modified":"2026-04-11T02:24:49","modified_gmt":"2026-04-11T00:24:49","slug":"wahaha-annonce-calciummaelk-stor-ferskensmag-450-ml","status":"publish","type":"product","link":"https:\/\/umefood.dk\/da\/produkter\/wahaha-annonce-calciummaelk-stor-ferskensmag-450-ml\/","title":{"rendered":"WaHaHa AD Calcium M\u00e6lkedrik Jordb\u00e6rsmag 450ml"},"content":{"rendered":"<p>Ingredienser:<br \/>\nVand, sukker,<strong class=\"extra-bold\"> s\u00f8dm\u00e6lkspulver (2% efter t\u00f8rv\u00e6gt),<\/strong><strong class=\"extra-bold\"> skummetm\u00e6lkspulver (1% t\u00f8rv\u00e6gt),<\/strong> emulgator (466, 451), surhedsregulerende middel (330, 331), s\u00f8demiddel (955), jordb\u00e6rjuicekoncentrat,<strong class=\"extra-bold\"> koncentreret valleproteinpulver (1% efter t\u00f8rv\u00e6gt),<\/strong> farve (170), aroma, vitamin A, vitamin D.<br \/>\nErn\u00e6ringsoplysninger:<\/p>\n<table>\n<tbody>\n<tr>\n<th>Energi<\/th>\n<td>157kJ\/38kcal<\/td>\n<\/tr>\n<tr>\n<th>Fed<\/th>\n<td>0,7 g<\/td>\n<\/tr>\n<tr>\n<th>hvoraf m\u00e6tter<\/th>\n<td>0g<\/td>\n<\/tr>\n<tr>\n<th>Kulhydrat<\/th>\n<td>6g<\/td>\n<\/tr>\n<tr>\n<th>heraf sukkerarter<\/th>\n<td>5,5 g<\/td>\n<\/tr>\n<tr>\n<th>Protein<\/th>\n<td>1,0 g<\/td>\n<\/tr>\n<tr>\n<th>Salt<\/th>\n<td>1,12 g<\/td>\n<\/tr>\n<\/tbody>\n<\/table>\n<p>V\u00e6gt: 450ml<br \/>\nFremstilling: Kina<\/p>\n<p>Forsendelsesv\u00e6gt: 495 g<\/p>","protected":false},"excerpt":{"rendered":"<p>Ingredients: Water, sugar, whole milk powder (2% by dry weight), skimmed milk powder (1% by dry weight), emulsifier (466, 451),<\/p>","protected":false},"featured_media":46765,"template":"","meta":{"_crdt_document":"","advanced_seo_description":"","jetpack_seo_html_title":"","jetpack_seo_noindex":false,"jetpack_publicize_message":"","jetpack_publicize_feature_enabled":true,"jetpack_social_post_already_shared":true,"jetpack_social_options":{"image_generator_settings":{"template":"highway","default_image_id":0,"font":"","enabled":false},"version":2},"_wpas_customize_per_network":false},"product_brand":[],"product_cat":[1966,2049,2389],"product_tag":[2164,2522,2386],"class_list":{"0":"post-46759","1":"product","2":"type-product","3":"status-publish","4":"has-post-thumbnail","6":"product_cat-bubbletea-milkdrinks","7":"product_cat-drinks","8":"product_cat-new-and-restocked","9":"product_tag-drinks","10":"product_tag-2522","11":"product_tag-milk-drinks","13":"first","14":"instock","15":"shipping-taxable","16":"purchasable","17":"product-type-simple"},"exclude_global_add_ons":[],"addons":[],"jetpack_publicize_connections":[],"jetpack_sharing_enabled":true,"jetpack_likes_enabled":true,"_links":{"self":[{"href":"https:\/\/umefood.dk\/da\/wp-json\/wp\/v2\/product\/46759","targetHints":{"allow":["GET"]}}],"collection":[{"href":"https:\/\/umefood.dk\/da\/wp-json\/wp\/v2\/product"}],"about":[{"href":"https:\/\/umefood.dk\/da\/wp-json\/wp\/v2\/types\/product"}],"version-history":[{"count":4,"href":"https:\/\/umefood.dk\/da\/wp-json\/wp\/v2\/product\/46759\/revisions"}],"predecessor-version":[{"id":47081,"href":"https:\/\/umefood.dk\/da\/wp-json\/wp\/v2\/product\/46759\/revisions\/47081"}],"wp:featuredmedia":[{"embeddable":true,"href":"https:\/\/umefood.dk\/da\/wp-json\/wp\/v2\/media\/46765"}],"wp:attachment":[{"href":"https:\/\/umefood.dk\/da\/wp-json\/wp\/v2\/media?parent=46759"}],"wp:term":[{"taxonomy":"product_brand","embeddable":true,"href":"https:\/\/umefood.dk\/da\/wp-json\/wp\/v2\/product_brand?post=46759"},{"taxonomy":"product_cat","embeddable":true,"href":"https:\/\/umefood.dk\/da\/wp-json\/wp\/v2\/product_cat?post=46759"},{"taxonomy":"product_tag","embeddable":true,"href":"https:\/\/umefood.dk\/da\/wp-json\/wp\/v2\/product_tag?post=46759"}],"curies":[{"name":"wp","href":"https:\/\/api.w.org\/{rel}","templated":true}]}}