{"id":48735,"date":"2025-08-14T17:05:46","date_gmt":"2025-08-14T15:05:46","guid":{"rendered":"https:\/\/umefood.dk\/?post_type=product&#038;p=48735"},"modified":"2026-04-25T02:34:15","modified_gmt":"2026-04-25T00:34:15","slug":"frozen-octopus-balls-240g-tct","status":"publish","type":"product","link":"https:\/\/umefood.dk\/da\/produkter\/frozen-octopus-balls-240g-tct\/","title":{"rendered":"Frosne bl\u00e6kspruttekugler 240g TCT (kan kun k\u00f8bes i butikken)"},"content":{"rendered":"<p>Ingredienser: Vand,<strong class=\"extra-bold\"> hvedemel,<\/strong> cabbage,<strong class=\"extra-bold\"> octopus 10% (Octopus vulgaris,<\/strong> caught: FAO 61 Northwest Pacific, trawling), onion, spring onion, potato starch, ginger,<strong class=\"extra-bold\"> sojaolie,<\/strong><strong class=\"extra-bold\"> soy sauce (soybeans,<\/strong><strong class=\"extra-bold\"> hvede,<\/strong> salt, water, corn starch, sugar), flavour enhancer E621, salt, sugar..<br \/>\nErn\u00e6ringsoplysninger:<\/p>\n<table>\n<tbody>\n<tr>\n<th>Energi<\/th>\n<td>670kJ\/160kcal<\/td>\n<\/tr>\n<tr>\n<th>Fed<\/th>\n<td>6,4 g<\/td>\n<\/tr>\n<tr>\n<th>hvoraf m\u00e6tter<\/th>\n<td>1g<\/td>\n<\/tr>\n<tr>\n<th>Kulhydrat<\/th>\n<td>20,2 g<\/td>\n<\/tr>\n<tr>\n<th>heraf sukkerarter<\/th>\n<td>1,1 g<\/td>\n<\/tr>\n<tr>\n<th>Protein<\/th>\n<td>5,3 g<\/td>\n<\/tr>\n<tr>\n<th>Salt<\/th>\n<td>1g<\/td>\n<\/tr>\n<\/tbody>\n<\/table>\n<p>V\u00e6gt: 240g<br \/>\nFremstilling: Kina<br \/>\nForsendelsesv\u00e6gt: 315g<\/p>","protected":false},"excerpt":{"rendered":"<p>Ingredienser: Vand, hvedemel, k\u00e5l, bl\u00e6ksprutte 10% (Octopus vulgaris, fanget: FAO 61 Nordvestlige Stillehav, trawlfiskeri), l\u00f8g, for\u00e5rsl\u00f8g, kartoffelstivelse, ingef\u00e6r,<\/p>","protected":false},"featured_media":48737,"template":"","meta":{"_crdt_document":"","advanced_seo_description":"","jetpack_seo_html_title":"","jetpack_seo_noindex":false,"jetpack_publicize_message":"","jetpack_publicize_feature_enabled":true,"jetpack_social_post_already_shared":true,"jetpack_social_options":{"image_generator_settings":{"template":"highway","default_image_id":0,"font":"","enabled":false},"version":2},"_wpas_customize_per_network":false},"product_brand":[],"product_cat":[2111,1380,2199],"product_tag":[2186],"class_list":{"0":"post-48735","1":"product","2":"type-product","3":"status-publish","4":"has-post-thumbnail","6":"product_cat-dimsum","7":"product_cat-frozenfood","8":"product_cat-uncategorized","9":"product_tag-frozen-food","11":"first","12":"instock","13":"shipping-taxable","14":"purchasable","15":"product-type-simple"},"exclude_global_add_ons":[],"addons":[],"jetpack_publicize_connections":[],"jetpack_sharing_enabled":true,"jetpack_likes_enabled":true,"_links":{"self":[{"href":"https:\/\/umefood.dk\/da\/wp-json\/wp\/v2\/product\/48735","targetHints":{"allow":["GET"]}}],"collection":[{"href":"https:\/\/umefood.dk\/da\/wp-json\/wp\/v2\/product"}],"about":[{"href":"https:\/\/umefood.dk\/da\/wp-json\/wp\/v2\/types\/product"}],"version-history":[{"count":2,"href":"https:\/\/umefood.dk\/da\/wp-json\/wp\/v2\/product\/48735\/revisions"}],"predecessor-version":[{"id":48759,"href":"https:\/\/umefood.dk\/da\/wp-json\/wp\/v2\/product\/48735\/revisions\/48759"}],"wp:featuredmedia":[{"embeddable":true,"href":"https:\/\/umefood.dk\/da\/wp-json\/wp\/v2\/media\/48737"}],"wp:attachment":[{"href":"https:\/\/umefood.dk\/da\/wp-json\/wp\/v2\/media?parent=48735"}],"wp:term":[{"taxonomy":"product_brand","embeddable":true,"href":"https:\/\/umefood.dk\/da\/wp-json\/wp\/v2\/product_brand?post=48735"},{"taxonomy":"product_cat","embeddable":true,"href":"https:\/\/umefood.dk\/da\/wp-json\/wp\/v2\/product_cat?post=48735"},{"taxonomy":"product_tag","embeddable":true,"href":"https:\/\/umefood.dk\/da\/wp-json\/wp\/v2\/product_tag?post=48735"}],"curies":[{"name":"wp","href":"https:\/\/api.w.org\/{rel}","templated":true}]}}