{"id":49287,"date":"2025-08-21T16:54:52","date_gmt":"2025-08-21T14:54:52","guid":{"rendered":"https:\/\/umefood.dk\/?post_type=product&#038;p=49287"},"modified":"2026-04-23T02:04:00","modified_gmt":"2026-04-23T00:04:00","slug":"kr-ds-ofood-hvidlog-tteokbokki-260g","status":"publish","type":"product","link":"https:\/\/umefood.dk\/da\/produkter\/kr-ds-ofood-hvidlog-tteokbokki-260g\/","title":{"rendered":"KR DS O&#039;food Hvidl\u00f8g Tteokbokki 260g"},"content":{"rendered":"<p>Ingredienser:<\/p>\n<p>Riskager: Ris, vand, salt, fortykningsmiddel (E330), alkohol.<\/p>\n<p>Sauce: Sukker, vand, hvidl\u00f8g, paprikapulver, salt, l\u00f8g, g\u00e6rekstrakt, alkohol, smagsforst\u00e6rkere (E627, E631), fortykningsmidler (E330, E415), paprikafarve, kunstig aroma.<br \/>\nErn\u00e6ringsoplysninger:<\/p>\n<table>\n<tbody>\n<tr>\n<th>Energi<\/th>\n<td>967 kJ\/231 kcal<\/td>\n<\/tr>\n<tr>\n<th>Fed<\/th>\n<td>1,5 g<\/td>\n<\/tr>\n<tr>\n<th>hvoraf m\u00e6tter<\/th>\n<td>0g<\/td>\n<\/tr>\n<tr>\n<th>Kulhydrat<\/th>\n<td>52 g<\/td>\n<\/tr>\n<tr>\n<th>heraf sukkerarter<\/th>\n<td>9,2 g<\/td>\n<\/tr>\n<tr>\n<th>Protein<\/th>\n<td>3,8 g<\/td>\n<\/tr>\n<tr>\n<th>Salt<\/th>\n<td>1,5 g<\/td>\n<\/tr>\n<\/tbody>\n<\/table>\n<p>V\u00e6gt: 260g<br \/>\nFremstilling: Korea<\/p>\n<p>Forsendelsesv\u00e6gt: 300g<\/p>","protected":false},"excerpt":{"rendered":"<p>Ingredienser: Riskager: Ris, vand, salt, fortykningsmiddel (E330), alkohol. Sauce: Sukker, vand, hvidl\u00f8g, paprikapulver, salt, l\u00f8g, g\u00e6rekstrakt, alkohol,<\/p>","protected":false},"featured_media":49290,"template":"","meta":{"_crdt_document":"","advanced_seo_description":"","jetpack_seo_html_title":"","jetpack_seo_noindex":false,"jetpack_publicize_message":"","jetpack_publicize_feature_enabled":true,"jetpack_social_post_already_shared":true,"jetpack_social_options":{"image_generator_settings":{"template":"highway","default_image_id":0,"font":"","enabled":false},"version":2},"_wpas_customize_per_network":false},"product_brand":[],"product_cat":[2041,2152,2118],"product_tag":[2166,2898],"class_list":{"0":"post-49287","1":"product","2":"type-product","3":"status-publish","4":"has-post-thumbnail","6":"product_cat-instantfood","7":"product_cat-offer","8":"product_cat-noodle-mates","9":"product_tag-instant-food","10":"product_tag-2898","12":"first","13":"instock","14":"shipping-taxable","15":"purchasable","16":"product-type-simple"},"exclude_global_add_ons":[],"addons":[],"jetpack_publicize_connections":[],"jetpack_sharing_enabled":true,"jetpack_likes_enabled":true,"_links":{"self":[{"href":"https:\/\/umefood.dk\/da\/wp-json\/wp\/v2\/product\/49287","targetHints":{"allow":["GET"]}}],"collection":[{"href":"https:\/\/umefood.dk\/da\/wp-json\/wp\/v2\/product"}],"about":[{"href":"https:\/\/umefood.dk\/da\/wp-json\/wp\/v2\/types\/product"}],"version-history":[{"count":7,"href":"https:\/\/umefood.dk\/da\/wp-json\/wp\/v2\/product\/49287\/revisions"}],"predecessor-version":[{"id":58248,"href":"https:\/\/umefood.dk\/da\/wp-json\/wp\/v2\/product\/49287\/revisions\/58248"}],"wp:featuredmedia":[{"embeddable":true,"href":"https:\/\/umefood.dk\/da\/wp-json\/wp\/v2\/media\/49290"}],"wp:attachment":[{"href":"https:\/\/umefood.dk\/da\/wp-json\/wp\/v2\/media?parent=49287"}],"wp:term":[{"taxonomy":"product_brand","embeddable":true,"href":"https:\/\/umefood.dk\/da\/wp-json\/wp\/v2\/product_brand?post=49287"},{"taxonomy":"product_cat","embeddable":true,"href":"https:\/\/umefood.dk\/da\/wp-json\/wp\/v2\/product_cat?post=49287"},{"taxonomy":"product_tag","embeddable":true,"href":"https:\/\/umefood.dk\/da\/wp-json\/wp\/v2\/product_tag?post=49287"}],"curies":[{"name":"wp","href":"https:\/\/api.w.org\/{rel}","templated":true}]}}