{"id":50664,"date":"2025-09-24T11:22:34","date_gmt":"2025-09-24T09:22:34","guid":{"rendered":"https:\/\/umefood.dk\/?post_type=product&#038;p=50664"},"modified":"2026-03-31T02:01:21","modified_gmt":"2026-03-31T00:01:21","slug":"twin-dragon-goma-dressing-250ml-copy","status":"publish","type":"product","link":"https:\/\/umefood.dk\/da\/produkter\/twin-dragon-goma-dressing-250ml-copy\/","title":{"rendered":"Yamamori Ristet Sesamdressing 220ml"},"content":{"rendered":"<p>Ingredienser: <strong class=\"extra-bold\">soy sauce (<\/strong>vand<strong class=\"extra-bold\">,<\/strong><strong class=\"extra-bold\"> soy beans,<\/strong><strong class=\"extra-bold\"> hvede,<\/strong> salt), salt, distilled vinegar,<strong class=\"extra-bold\"> roasted sesame seeds 7%,<\/strong><strong class=\"extra-bold\"> soy powder ( soy beans,<\/strong> maltose), flavour enhancer E621 E635, acidity regulator E330, modified tapioca starch, stabiliser E415, liquid extract, antioxidant E307.<br \/>\nErn\u00e6ringsoplysninger:<\/p>\n<table>\n<tbody>\n<tr>\n<th>Energi<\/th>\n<td>1627 kJ \/ 392 kcal<\/td>\n<\/tr>\n<tr>\n<th>Fed<\/th>\n<td>32 g<\/td>\n<\/tr>\n<tr>\n<th>hvoraf m\u00e6tter<\/th>\n<td>7g<\/td>\n<\/tr>\n<tr>\n<th>Kulhydrat<\/th>\n<td>24g<\/td>\n<\/tr>\n<tr>\n<th>heraf sukkerarter<\/th>\n<td>15 g<\/td>\n<\/tr>\n<tr>\n<th>Protein<\/th>\n<td>2,5 g<\/td>\n<\/tr>\n<tr>\n<th>Salt<\/th>\n<td>2,4 g<\/td>\n<\/tr>\n<\/tbody>\n<\/table>\n<p>V\u00e6gt: 220ml<br \/>\nFremstilling: Thailand<br \/>\nForsendelsesv\u00e6gt: 260g<\/p>","protected":false},"excerpt":{"rendered":"<p>Ingredienser: sojasauce (vand, sojab\u00f8nner, hvede, salt), salt, destilleret eddike, ristede sesamfr\u00f8 7%, sojapulver (sojab\u00f8nner,<\/p>","protected":false},"featured_media":50665,"template":"","meta":{"_crdt_document":"","advanced_seo_description":"","jetpack_seo_html_title":"","jetpack_seo_noindex":false,"jetpack_publicize_message":"","jetpack_publicize_feature_enabled":true,"jetpack_social_post_already_shared":true,"jetpack_social_options":{"image_generator_settings":{"template":"highway","default_image_id":0,"font":"","enabled":false},"version":2},"_wpas_customize_per_network":false},"product_brand":[],"product_cat":[2121,2290,1980,2125],"product_tag":[2489,3077,1448],"class_list":{"0":"post-50664","1":"product","2":"type-product","3":"status-publish","4":"has-post-thumbnail","6":"product_cat-japan-k","7":"product_cat-other-sauce","8":"product_cat-seasoning","9":"product_cat-thaivie","10":"product_tag-2489","11":"product_tag-goma-dressing","12":"product_tag-seasoning-2","14":"first","15":"outofstock","16":"shipping-taxable","17":"purchasable","18":"product-type-simple"},"exclude_global_add_ons":[],"addons":[],"jetpack_publicize_connections":[],"jetpack_sharing_enabled":true,"jetpack_likes_enabled":true,"_links":{"self":[{"href":"https:\/\/umefood.dk\/da\/wp-json\/wp\/v2\/product\/50664","targetHints":{"allow":["GET"]}}],"collection":[{"href":"https:\/\/umefood.dk\/da\/wp-json\/wp\/v2\/product"}],"about":[{"href":"https:\/\/umefood.dk\/da\/wp-json\/wp\/v2\/types\/product"}],"version-history":[{"count":4,"href":"https:\/\/umefood.dk\/da\/wp-json\/wp\/v2\/product\/50664\/revisions"}],"predecessor-version":[{"id":50723,"href":"https:\/\/umefood.dk\/da\/wp-json\/wp\/v2\/product\/50664\/revisions\/50723"}],"wp:featuredmedia":[{"embeddable":true,"href":"https:\/\/umefood.dk\/da\/wp-json\/wp\/v2\/media\/50665"}],"wp:attachment":[{"href":"https:\/\/umefood.dk\/da\/wp-json\/wp\/v2\/media?parent=50664"}],"wp:term":[{"taxonomy":"product_brand","embeddable":true,"href":"https:\/\/umefood.dk\/da\/wp-json\/wp\/v2\/product_brand?post=50664"},{"taxonomy":"product_cat","embeddable":true,"href":"https:\/\/umefood.dk\/da\/wp-json\/wp\/v2\/product_cat?post=50664"},{"taxonomy":"product_tag","embeddable":true,"href":"https:\/\/umefood.dk\/da\/wp-json\/wp\/v2\/product_tag?post=50664"}],"curies":[{"name":"wp","href":"https:\/\/api.w.org\/{rel}","templated":true}]}}