{"id":52130,"date":"2025-10-20T15:10:01","date_gmt":"2025-10-20T13:10:01","guid":{"rendered":"https:\/\/umefood.dk\/?post_type=product&#038;p=52130"},"modified":"2026-04-19T02:39:08","modified_gmt":"2026-04-19T00:39:08","slug":"measty-fruit-mix-fan-candy-22g","status":"publish","type":"product","link":"https:\/\/umefood.dk\/da\/produkter\/measty-fruit-mix-fan-candy-22g\/","title":{"rendered":"MEASTY Frugtblanding Fan Candy 22g"},"content":{"rendered":"<p>Ingredients: Sugars, Glucose syrup, Strawberry, Lemon, Blueberry, Orange, Apple. Colours: E129, E102, E133, E110.<\/p>\n<p>N\u00e6ringsinformation pr. 100 g:<\/p>\n<table>\n<tbody>\n<tr>\n<th>Energi<\/th>\n<td>1599 kJ\/382kcal<\/td>\n<\/tr>\n<tr>\n<th>Fed<\/th>\n<td>0.00g<\/td>\n<\/tr>\n<tr>\n<th>hvoraf m\u00e6tter<\/th>\n<td>0.00g<\/td>\n<\/tr>\n<tr>\n<th>Kulhydrat<\/th>\n<td>95.55g<\/td>\n<\/tr>\n<tr>\n<th>heraf sukkerarter<\/th>\n<td>54.60g<\/td>\n<\/tr>\n<tr>\n<th>Protein<\/th>\n<td>0.00g<\/td>\n<\/tr>\n<tr>\n<th>Salt<\/th>\n<td>0,05 g<\/td>\n<\/tr>\n<\/tbody>\n<\/table>\n<p>V\u00e6gt: 22g<br \/>\nFremstilling: Korea<br \/>\nForsendelsesv\u00e6gt: 35g<\/p>","protected":false},"excerpt":{"rendered":"<p>Ingredienser: Sukkerarter, glukosesirup, jordb\u00e6r, citron, bl\u00e5b\u00e6r, appelsin, \u00e6ble. Farvestoffer: E129, E102, E133, E110. N\u00e6ringsindhold pr. 100 g: Energi 1599<\/p>","protected":false},"featured_media":52131,"template":"","meta":{"_crdt_document":"","advanced_seo_description":"","jetpack_seo_html_title":"","jetpack_seo_noindex":false,"jetpack_publicize_message":"","jetpack_publicize_feature_enabled":true,"jetpack_social_post_already_shared":true,"jetpack_social_options":{"image_generator_settings":{"template":"highway","default_image_id":0,"font":"","enabled":false},"version":2},"_wpas_customize_per_network":false},"product_brand":[],"product_cat":[1959,2094],"product_tag":[2230,2205],"class_list":{"0":"post-52130","1":"product","2":"type-product","3":"status-publish","4":"has-post-thumbnail","6":"product_cat-candy","7":"product_cat-snacks","8":"product_tag-candy-2","9":"product_tag-2205","11":"first","12":"instock","13":"shipping-taxable","14":"purchasable","15":"product-type-simple"},"exclude_global_add_ons":[],"addons":[],"jetpack_publicize_connections":[],"jetpack_sharing_enabled":true,"jetpack_likes_enabled":true,"_links":{"self":[{"href":"https:\/\/umefood.dk\/da\/wp-json\/wp\/v2\/product\/52130","targetHints":{"allow":["GET"]}}],"collection":[{"href":"https:\/\/umefood.dk\/da\/wp-json\/wp\/v2\/product"}],"about":[{"href":"https:\/\/umefood.dk\/da\/wp-json\/wp\/v2\/types\/product"}],"version-history":[{"count":3,"href":"https:\/\/umefood.dk\/da\/wp-json\/wp\/v2\/product\/52130\/revisions"}],"predecessor-version":[{"id":52137,"href":"https:\/\/umefood.dk\/da\/wp-json\/wp\/v2\/product\/52130\/revisions\/52137"}],"wp:featuredmedia":[{"embeddable":true,"href":"https:\/\/umefood.dk\/da\/wp-json\/wp\/v2\/media\/52131"}],"wp:attachment":[{"href":"https:\/\/umefood.dk\/da\/wp-json\/wp\/v2\/media?parent=52130"}],"wp:term":[{"taxonomy":"product_brand","embeddable":true,"href":"https:\/\/umefood.dk\/da\/wp-json\/wp\/v2\/product_brand?post=52130"},{"taxonomy":"product_cat","embeddable":true,"href":"https:\/\/umefood.dk\/da\/wp-json\/wp\/v2\/product_cat?post=52130"},{"taxonomy":"product_tag","embeddable":true,"href":"https:\/\/umefood.dk\/da\/wp-json\/wp\/v2\/product_tag?post=52130"}],"curies":[{"name":"wp","href":"https:\/\/api.w.org\/{rel}","templated":true}]}}