{"id":52258,"date":"2025-10-22T12:04:12","date_gmt":"2025-10-22T10:04:12","guid":{"rendered":"https:\/\/umefood.dk\/?post_type=product&#038;p=52258"},"modified":"2026-03-08T01:48:10","modified_gmt":"2026-03-08T00:48:10","slug":"fresh-asia-roast-cheese-filled-pork-sausages-300g-6pcs","status":"publish","type":"product","link":"https:\/\/umefood.dk\/da\/produkter\/fresh-asia-roast-cheese-filled-pork-sausages-300g-6pcs\/","title":{"rendered":"Friske asiatiske svinek\u00f8dsp\u00f8lser fyldt med stegt ost 300 g 6 stk. (kan kun k\u00f8bes i butikken)"},"content":{"rendered":"<p>Ingredients: Pork (73%),<strong class=\"extra-bold\"> Cheese (15%) (Milk),<\/strong> Sugar, Pork Fat (2.5%), Water, Salt, Fructose, Bouillon [Iodised Salt (Salt, Potassium Iodate), Poultry Fat, Chicken Powder (Chicken, Antioxidant: E306), Caramel, Glucose Syrup], Flavour Enhancers: E621, E635; Stabilisers: E450(iii), E451(ii), E331(iii); Dextrose, Spices, Emulsifier: E471; Thickener: E407a [Gelling Agents: E508, E407, E425(i); Dextrose]; Antioxidant: E316; Aroma, Colour: E120. Filled into Pork Casings.<\/p>\n<p>Nutritional Information per 100g:<\/p>\n<table>\n<tbody>\n<tr>\n<th>Energy<\/th>\n<td>1598 kJ\/ 385 kcal<\/td>\n<\/tr>\n<tr>\n<th>Fat<\/th>\n<td>31g<\/td>\n<\/tr>\n<tr>\n<th>of which Saturates<\/th>\n<td>12g<\/td>\n<\/tr>\n<tr>\n<th>Carbohydrate<\/th>\n<td>13g<\/td>\n<\/tr>\n<tr>\n<th>of which Sugars<\/th>\n<td>12g<\/td>\n<\/tr>\n<tr>\n<th>Protein<\/th>\n<td>14g<\/td>\n<\/tr>\n<tr>\n<th>Salt<\/th>\n<td>1.8g<\/td>\n<\/tr>\n<\/tbody>\n<\/table>\n<p>Weight: 300g<br \/>\nManufacture: China<br \/>\nShipping Weight: 311g<\/p>\n","protected":false},"excerpt":{"rendered":"<p>Ingredienser: Svinek\u00f8d (73%), Ost (15%) (M\u00e6lk), Sukker, Svinefedt (2,5%), Vand, Salt, Fruktose, Bouillon [Jodiseret salt (Salt, Kaliumjodat), Fjerkr\u00e6<\/p>","protected":false},"featured_media":52261,"template":"","meta":{"_crdt_document":"","advanced_seo_description":"","jetpack_seo_html_title":"","jetpack_seo_noindex":false,"jetpack_publicize_message":"","jetpack_publicize_feature_enabled":true,"jetpack_social_post_already_shared":true,"jetpack_social_options":{"image_generator_settings":{"template":"highway","default_image_id":0,"font":"","enabled":false},"version":2},"_wpas_customize_per_network":false},"product_brand":[1597],"product_cat":[2113,2111,1380,2110],"product_tag":[3169,2366],"class_list":{"0":"post-52258","1":"product","2":"type-product","3":"status-publish","4":"has-post-thumbnail","6":"product_brand-1597","7":"product_cat-dessert","8":"product_cat-dimsum","9":"product_cat-frozenfood","10":"product_cat-frozenmeat","11":"product_tag-3169","12":"product_tag-sausage","14":"first","15":"outofstock","16":"shipping-taxable","17":"purchasable","18":"product-type-simple"},"exclude_global_add_ons":[],"addons":[],"jetpack_publicize_connections":[],"jetpack_sharing_enabled":true,"jetpack_likes_enabled":true,"_links":{"self":[{"href":"https:\/\/umefood.dk\/da\/wp-json\/wp\/v2\/product\/52258","targetHints":{"allow":["GET"]}}],"collection":[{"href":"https:\/\/umefood.dk\/da\/wp-json\/wp\/v2\/product"}],"about":[{"href":"https:\/\/umefood.dk\/da\/wp-json\/wp\/v2\/types\/product"}],"version-history":[{"count":1,"href":"https:\/\/umefood.dk\/da\/wp-json\/wp\/v2\/product\/52258\/revisions"}],"predecessor-version":[{"id":52266,"href":"https:\/\/umefood.dk\/da\/wp-json\/wp\/v2\/product\/52258\/revisions\/52266"}],"wp:featuredmedia":[{"embeddable":true,"href":"https:\/\/umefood.dk\/da\/wp-json\/wp\/v2\/media\/52261"}],"wp:attachment":[{"href":"https:\/\/umefood.dk\/da\/wp-json\/wp\/v2\/media?parent=52258"}],"wp:term":[{"taxonomy":"product_brand","embeddable":true,"href":"https:\/\/umefood.dk\/da\/wp-json\/wp\/v2\/product_brand?post=52258"},{"taxonomy":"product_cat","embeddable":true,"href":"https:\/\/umefood.dk\/da\/wp-json\/wp\/v2\/product_cat?post=52258"},{"taxonomy":"product_tag","embeddable":true,"href":"https:\/\/umefood.dk\/da\/wp-json\/wp\/v2\/product_tag?post=52258"}],"curies":[{"name":"wp","href":"https:\/\/api.w.org\/{rel}","templated":true}]}}