{"id":52464,"date":"2025-10-24T14:13:18","date_gmt":"2025-10-24T12:13:18","guid":{"rendered":"https:\/\/umefood.dk\/?post_type=product&#038;p=52464"},"modified":"2026-04-17T02:36:34","modified_gmt":"2026-04-17T00:36:34","slug":"xiang-piao-piao-red-bean-flavour-milk-tea-74g","status":"publish","type":"product","link":"https:\/\/umefood.dk\/da\/produkter\/xiang-piao-piao-red-bean-flavour-milk-tea-74g\/","title":{"rendered":"Xiang Piao Piao m\u00e6lkete med r\u00f8d b\u00f8nnesmag 74g"},"content":{"rendered":"<p>Ingredienser: <strong class=\"extra-bold\">milk powder bag: milk powder (origin new zealand),<\/strong> sugar, glucose syrup. Red bean bag: red bean, sugar, water. Tea bag: Ceylon black tea, high mountain black tea. Sugar bag: sugar.<\/p>\n<p>Ern\u00e6ringsoplysninger:<\/p>\n<table>\n<tbody>\n<tr>\n<th>Energi<\/th>\n<td>1703kJ\/407kcal<\/td>\n<\/tr>\n<tr>\n<th>Fed<\/th>\n<td>13,2 g<\/td>\n<\/tr>\n<tr>\n<th>hvoraf m\u00e6tter<\/th>\n<td>11,0 g<\/td>\n<\/tr>\n<tr>\n<th>Kulhydrat<\/th>\n<td>66,5 g<\/td>\n<\/tr>\n<tr>\n<th>heraf sukkerarter<\/th>\n<td>50,0 g<\/td>\n<\/tr>\n<tr>\n<th>Protein<\/th>\n<td>4,9 g<\/td>\n<\/tr>\n<tr>\n<th>Salt<\/th>\n<td>0,63 g<\/td>\n<\/tr>\n<\/tbody>\n<\/table>\n<p>Weight: 74g<br \/>\nFremstilling: Kina<\/p>\n<p>Forsendelsesv\u00e6gt: 105g<\/p>","protected":false},"excerpt":{"rendered":"<p>Ingredienser: m\u00e6lkepulverpose: m\u00e6lkepulver (oprindelse New Zealand), sukker, glukosesirup. R\u00f8d b\u00f8nnepose: r\u00f8de b\u00f8nner, sukker, vand. Te<\/p>","protected":false},"featured_media":52465,"template":"","meta":{"_crdt_document":"","advanced_seo_description":"","jetpack_seo_html_title":"","jetpack_seo_noindex":false,"jetpack_publicize_message":"","jetpack_publicize_feature_enabled":true,"jetpack_social_post_already_shared":true,"jetpack_social_options":{"image_generator_settings":{"template":"highway","default_image_id":0,"font":"","enabled":false},"version":2},"_wpas_customize_per_network":false},"product_brand":[3178],"product_cat":[1966,2049],"product_tag":[2270,2386,2711],"class_list":{"0":"post-52464","1":"product","2":"type-product","3":"status-publish","4":"has-post-thumbnail","6":"product_brand-3178","7":"product_cat-bubbletea-milkdrinks","8":"product_cat-drinks","9":"product_tag-bubble-tea","10":"product_tag-milk-drinks","11":"product_tag-2711","13":"first","14":"instock","15":"shipping-taxable","16":"purchasable","17":"product-type-simple"},"exclude_global_add_ons":[],"addons":[],"jetpack_publicize_connections":[],"jetpack_sharing_enabled":true,"jetpack_likes_enabled":true,"_links":{"self":[{"href":"https:\/\/umefood.dk\/da\/wp-json\/wp\/v2\/product\/52464","targetHints":{"allow":["GET"]}}],"collection":[{"href":"https:\/\/umefood.dk\/da\/wp-json\/wp\/v2\/product"}],"about":[{"href":"https:\/\/umefood.dk\/da\/wp-json\/wp\/v2\/types\/product"}],"version-history":[{"count":2,"href":"https:\/\/umefood.dk\/da\/wp-json\/wp\/v2\/product\/52464\/revisions"}],"predecessor-version":[{"id":60622,"href":"https:\/\/umefood.dk\/da\/wp-json\/wp\/v2\/product\/52464\/revisions\/60622"}],"wp:featuredmedia":[{"embeddable":true,"href":"https:\/\/umefood.dk\/da\/wp-json\/wp\/v2\/media\/52465"}],"wp:attachment":[{"href":"https:\/\/umefood.dk\/da\/wp-json\/wp\/v2\/media?parent=52464"}],"wp:term":[{"taxonomy":"product_brand","embeddable":true,"href":"https:\/\/umefood.dk\/da\/wp-json\/wp\/v2\/product_brand?post=52464"},{"taxonomy":"product_cat","embeddable":true,"href":"https:\/\/umefood.dk\/da\/wp-json\/wp\/v2\/product_cat?post=52464"},{"taxonomy":"product_tag","embeddable":true,"href":"https:\/\/umefood.dk\/da\/wp-json\/wp\/v2\/product_tag?post=52464"}],"curies":[{"name":"wp","href":"https:\/\/api.w.org\/{rel}","templated":true}]}}