{"id":53332,"date":"2025-11-06T10:18:07","date_gmt":"2025-11-06T09:18:07","guid":{"rendered":"https:\/\/umefood.dk\/?post_type=product&#038;p=53332"},"modified":"2026-04-20T02:17:47","modified_gmt":"2026-04-20T00:17:47","slug":"asiatisk-valg-galangarod-250-g","status":"publish","type":"product","link":"https:\/\/umefood.dk\/da\/produkter\/asiatisk-valg-galangarod-250-g\/","title":{"rendered":"Asiatisk valg Galangarod 250 g (kan kun k\u00f8bes i butikken)"},"content":{"rendered":"<p>Ingredienser:<br \/>\nGalanga-rod<\/p>\n<p>Ern\u00e6ringsoplysninger:<\/p>\n<table>\n<tbody>\n<tr>\n<th>Energi<\/th>\n<td>N\/A<\/td>\n<\/tr>\n<tr>\n<th>Fed<\/th>\n<td>N\/A<\/td>\n<\/tr>\n<tr>\n<th>hvoraf m\u00e6tter<\/th>\n<td>N\/A<\/td>\n<\/tr>\n<tr>\n<th>Kulhydrat<\/th>\n<td>N\/A<\/td>\n<\/tr>\n<tr>\n<th>heraf sukkerarter<\/th>\n<td>N\/A<\/td>\n<\/tr>\n<tr>\n<th>Protein<\/th>\n<td>N\/A<\/td>\n<\/tr>\n<tr>\n<th>Salt<\/th>\n<td>N\/A<\/td>\n<\/tr>\n<\/tbody>\n<\/table>\n<p>V\u00e6gt: 250g<br \/>\nFremstilling: Vietnam<\/p>\n<p>Forsendelsesv\u00e6gt: 268g<\/p>","protected":false},"excerpt":{"rendered":"<p>Ingredienser: Galangarod N\u00e6ringsinformation: Energi Ikke tilg\u00e6ngelig Fedt Ikke tilg\u00e6ngelig heraf m\u00e6ttede fedtsyrer Ikke tilg\u00e6ngelig Kulhydrat Ikke tilg\u00e6ngelig heraf sukkerarter Ikke tilg\u00e6ngelig Protein<\/p>","protected":false},"featured_media":53333,"template":"","meta":{"_crdt_document":"","advanced_seo_description":"","jetpack_seo_html_title":"","jetpack_seo_noindex":false,"jetpack_publicize_message":"","jetpack_publicize_feature_enabled":true,"jetpack_social_post_already_shared":true,"jetpack_social_options":{"image_generator_settings":{"template":"highway","default_image_id":0,"font":"","enabled":false},"version":2},"_wpas_customize_per_network":false},"product_brand":[],"product_cat":[1380,2107],"product_tag":[2186,3221],"class_list":{"0":"post-53332","1":"product","2":"type-product","3":"status-publish","4":"has-post-thumbnail","6":"product_cat-frozenfood","7":"product_cat-frozenvege","8":"product_tag-frozen-food","9":"product_tag-galangal-root","11":"first","12":"instock","13":"shipping-taxable","14":"purchasable","15":"product-type-simple"},"exclude_global_add_ons":[],"addons":[],"jetpack_publicize_connections":[],"jetpack_sharing_enabled":true,"jetpack_likes_enabled":true,"_links":{"self":[{"href":"https:\/\/umefood.dk\/da\/wp-json\/wp\/v2\/product\/53332","targetHints":{"allow":["GET"]}}],"collection":[{"href":"https:\/\/umefood.dk\/da\/wp-json\/wp\/v2\/product"}],"about":[{"href":"https:\/\/umefood.dk\/da\/wp-json\/wp\/v2\/types\/product"}],"version-history":[{"count":2,"href":"https:\/\/umefood.dk\/da\/wp-json\/wp\/v2\/product\/53332\/revisions"}],"predecessor-version":[{"id":53335,"href":"https:\/\/umefood.dk\/da\/wp-json\/wp\/v2\/product\/53332\/revisions\/53335"}],"wp:featuredmedia":[{"embeddable":true,"href":"https:\/\/umefood.dk\/da\/wp-json\/wp\/v2\/media\/53333"}],"wp:attachment":[{"href":"https:\/\/umefood.dk\/da\/wp-json\/wp\/v2\/media?parent=53332"}],"wp:term":[{"taxonomy":"product_brand","embeddable":true,"href":"https:\/\/umefood.dk\/da\/wp-json\/wp\/v2\/product_brand?post=53332"},{"taxonomy":"product_cat","embeddable":true,"href":"https:\/\/umefood.dk\/da\/wp-json\/wp\/v2\/product_cat?post=53332"},{"taxonomy":"product_tag","embeddable":true,"href":"https:\/\/umefood.dk\/da\/wp-json\/wp\/v2\/product_tag?post=53332"}],"curies":[{"name":"wp","href":"https:\/\/api.w.org\/{rel}","templated":true}]}}