{"id":53756,"date":"2025-11-13T09:32:06","date_gmt":"2025-11-13T08:32:06","guid":{"rendered":"https:\/\/umefood.dk\/?post_type=product&#038;p=53756"},"modified":"2026-04-14T02:13:58","modified_gmt":"2026-04-14T00:13:58","slug":"measty-sanrio-jordbaersmag-25g","status":"publish","type":"product","link":"https:\/\/umefood.dk\/da\/produkter\/measty-sanrio-jordbaersmag-25g\/","title":{"rendered":"Measty Sanrio Jordb\u00e6rsmag 25g"},"content":{"rendered":"<p>Ingredienser:<br \/>\nSukker, majsmel, palmeolie, ris,<strong class=\"extra-bold\"> s\u00f8dm\u00e6lkspulver,<\/strong> vand,<strong class=\"extra-bold\"> laktose (m\u00e6lk),<\/strong><strong class=\"extra-bold\"> margarine (m\u00e6lk),<\/strong> emulgator (E471, E322,<strong class=\"extra-bold\"> soja),<\/strong><strong class=\"extra-bold\"> soja,<\/strong> farvestof (E160a), antioxidanter (E306, E304), kassavastivelse,<strong class=\"extra-bold\"> mel (hvede),<\/strong> maltodextrin,<strong class=\"extra-bold\"> vallepulver (m\u00e6lk),<\/strong> salt, h\u00e6vemiddel (E170), jordb\u00e6rsmag.<\/p>\n<p>Ern\u00e6ringsoplysninger:<\/p>\n<table>\n<tbody>\n<tr>\n<th>Energi<\/th>\n<td>2008kJ\/480kcal<\/td>\n<\/tr>\n<tr>\n<th>Fed<\/th>\n<td>0g<\/td>\n<\/tr>\n<tr>\n<th>hvoraf m\u00e6tter<\/th>\n<td>0g<\/td>\n<\/tr>\n<tr>\n<th>Kulhydrat<\/th>\n<td>69,2 g<\/td>\n<\/tr>\n<tr>\n<th>heraf sukkerarter<\/th>\n<td>29,6 g<\/td>\n<\/tr>\n<tr>\n<th>Protein<\/th>\n<td>0g<\/td>\n<\/tr>\n<tr>\n<th>Salt<\/th>\n<td>0,2 g<\/td>\n<\/tr>\n<\/tbody>\n<\/table>\n<p>V\u00e6gt: 25 g<br \/>\nFremstilling: Korea<\/p>\n<p>Forsendelsesv\u00e6gt: 53g<\/p>","protected":false},"excerpt":{"rendered":"<p>Ingredienser: Sukker, majsmel, palmeolie, ris, s\u00f8dm\u00e6lkspulver, vand, laktose (m\u00e6lk), margarine (m\u00e6lk), emulgator (E471, E322, soja), soja,<\/p>","protected":false},"featured_media":53758,"template":"","meta":{"_crdt_document":"","advanced_seo_description":"","jetpack_seo_html_title":"","jetpack_seo_noindex":false,"jetpack_publicize_message":"","jetpack_publicize_feature_enabled":true,"jetpack_social_post_already_shared":true,"jetpack_social_options":{"image_generator_settings":{"template":"highway","default_image_id":0,"font":"","enabled":false},"version":2},"_wpas_customize_per_network":false},"product_brand":[1854],"product_cat":[2348,2094,2199],"product_tag":[2912,1489],"class_list":{"0":"post-53756","1":"product","2":"type-product","3":"status-publish","4":"has-post-thumbnail","6":"product_brand-meiji","7":"product_cat-cookies-biscuits","8":"product_cat-snacks","9":"product_cat-uncategorized","10":"product_tag-biscuit","11":"product_tag-snack-2","13":"first","14":"instock","15":"shipping-taxable","16":"purchasable","17":"product-type-simple"},"exclude_global_add_ons":[],"addons":[],"jetpack_publicize_connections":[],"jetpack_sharing_enabled":true,"jetpack_likes_enabled":true,"_links":{"self":[{"href":"https:\/\/umefood.dk\/da\/wp-json\/wp\/v2\/product\/53756","targetHints":{"allow":["GET"]}}],"collection":[{"href":"https:\/\/umefood.dk\/da\/wp-json\/wp\/v2\/product"}],"about":[{"href":"https:\/\/umefood.dk\/da\/wp-json\/wp\/v2\/types\/product"}],"version-history":[{"count":2,"href":"https:\/\/umefood.dk\/da\/wp-json\/wp\/v2\/product\/53756\/revisions"}],"predecessor-version":[{"id":53759,"href":"https:\/\/umefood.dk\/da\/wp-json\/wp\/v2\/product\/53756\/revisions\/53759"}],"wp:featuredmedia":[{"embeddable":true,"href":"https:\/\/umefood.dk\/da\/wp-json\/wp\/v2\/media\/53758"}],"wp:attachment":[{"href":"https:\/\/umefood.dk\/da\/wp-json\/wp\/v2\/media?parent=53756"}],"wp:term":[{"taxonomy":"product_brand","embeddable":true,"href":"https:\/\/umefood.dk\/da\/wp-json\/wp\/v2\/product_brand?post=53756"},{"taxonomy":"product_cat","embeddable":true,"href":"https:\/\/umefood.dk\/da\/wp-json\/wp\/v2\/product_cat?post=53756"},{"taxonomy":"product_tag","embeddable":true,"href":"https:\/\/umefood.dk\/da\/wp-json\/wp\/v2\/product_tag?post=53756"}],"curies":[{"name":"wp","href":"https:\/\/api.w.org\/{rel}","templated":true}]}}