{"id":53760,"date":"2025-11-13T09:41:41","date_gmt":"2025-11-13T08:41:41","guid":{"rendered":"https:\/\/umefood.dk\/?post_type=product&#038;p=53760"},"modified":"2026-04-17T02:34:27","modified_gmt":"2026-04-17T00:34:27","slug":"measty-sanrio-chocolate-yum-yum-25g","status":"publish","type":"product","link":"https:\/\/umefood.dk\/da\/produkter\/measty-sanrio-chocolate-yum-yum-25g\/","title":{"rendered":"Measty Sanrio Chokolade Yum Yum 25g"},"content":{"rendered":"<p>Ingredients:<br \/>\nSugar, corn flour (may contain genetically modified corn), rice, palm oil,<strong class=\"extra-bold\"> whole milk powder (milk),<\/strong> cassava starch,<strong class=\"extra-bold\"> wheat flour,<\/strong> margarine [palm oil,<strong class=\"extra-bold\"> milk fat,<\/strong> fatty acid esters with glycerol,<strong class=\"extra-bold\"> soy lecithin (may contain genetically modified soy),<\/strong> antioxidant (L-ascorbyl palmitate), color (\u03b2-carotene), vitamin E],<strong class=\"extra-bold\"> synthetic flavoring (cream flavor) 2.94%,<\/strong> cocoa powder 2.65%, cocoa mass 2.6%, salt, calcium carbonate, synthetic flavorings (chocolate flavor 0.08%,<strong class=\"extra-bold\"> milk cream flavor).<\/strong><\/p>\n<p>Nutritional Information:<\/p>\n<table>\n<tbody>\n<tr>\n<th>Energy<\/th>\n<td>2292,8kJ \/548kcal<\/td>\n<\/tr>\n<tr>\n<th>Fat<\/th>\n<td>32,4g<\/td>\n<\/tr>\n<tr>\n<th>of which Saturates<\/th>\n<td>8,4g<\/td>\n<\/tr>\n<tr>\n<th>Carbohydrate<\/th>\n<td>\u00a060,4g<\/td>\n<\/tr>\n<tr>\n<th>of which Sugars<\/th>\n<td>26,8g<\/td>\n<\/tr>\n<tr>\n<th>Protein<\/th>\n<td>4g<\/td>\n<\/tr>\n<tr>\n<th>Salt<\/th>\n<td>0.54g<\/td>\n<\/tr>\n<\/tbody>\n<\/table>\n<p>Weight:25g<br \/>\nManufacture: Korea<\/p>\n<p>Shipping Weight: 53g<\/p>\n","protected":false},"excerpt":{"rendered":"<p>Ingredienser: Sukker, majsmel (kan indeholde genetisk modificeret majs), ris, palmeolie, s\u00f8dm\u00e6lkspulver (m\u00e6lk), kassavastivelse, hvedemel,<\/p>","protected":false},"featured_media":53761,"template":"","meta":{"_crdt_document":"","advanced_seo_description":"","jetpack_seo_html_title":"","jetpack_seo_noindex":false,"jetpack_publicize_message":"","jetpack_publicize_feature_enabled":true,"jetpack_social_post_already_shared":true,"jetpack_social_options":{"image_generator_settings":{"template":"highway","default_image_id":0,"font":"","enabled":false},"version":2},"_wpas_customize_per_network":false},"product_brand":[1854],"product_cat":[2348,2094],"product_tag":[2912,1489],"class_list":{"0":"post-53760","1":"product","2":"type-product","3":"status-publish","4":"has-post-thumbnail","6":"product_brand-meiji","7":"product_cat-cookies-biscuits","8":"product_cat-snacks","9":"product_tag-biscuit","10":"product_tag-snack-2","12":"first","13":"instock","14":"shipping-taxable","15":"purchasable","16":"product-type-simple"},"exclude_global_add_ons":[],"addons":[],"jetpack_publicize_connections":[],"jetpack_sharing_enabled":true,"jetpack_likes_enabled":true,"_links":{"self":[{"href":"https:\/\/umefood.dk\/da\/wp-json\/wp\/v2\/product\/53760","targetHints":{"allow":["GET"]}}],"collection":[{"href":"https:\/\/umefood.dk\/da\/wp-json\/wp\/v2\/product"}],"about":[{"href":"https:\/\/umefood.dk\/da\/wp-json\/wp\/v2\/types\/product"}],"version-history":[{"count":1,"href":"https:\/\/umefood.dk\/da\/wp-json\/wp\/v2\/product\/53760\/revisions"}],"predecessor-version":[{"id":53762,"href":"https:\/\/umefood.dk\/da\/wp-json\/wp\/v2\/product\/53760\/revisions\/53762"}],"wp:featuredmedia":[{"embeddable":true,"href":"https:\/\/umefood.dk\/da\/wp-json\/wp\/v2\/media\/53761"}],"wp:attachment":[{"href":"https:\/\/umefood.dk\/da\/wp-json\/wp\/v2\/media?parent=53760"}],"wp:term":[{"taxonomy":"product_brand","embeddable":true,"href":"https:\/\/umefood.dk\/da\/wp-json\/wp\/v2\/product_brand?post=53760"},{"taxonomy":"product_cat","embeddable":true,"href":"https:\/\/umefood.dk\/da\/wp-json\/wp\/v2\/product_cat?post=53760"},{"taxonomy":"product_tag","embeddable":true,"href":"https:\/\/umefood.dk\/da\/wp-json\/wp\/v2\/product_tag?post=53760"}],"curies":[{"name":"wp","href":"https:\/\/api.w.org\/{rel}","templated":true}]}}