{"id":54736,"date":"2025-11-26T11:59:47","date_gmt":"2025-11-26T10:59:47","guid":{"rendered":"https:\/\/umefood.dk\/?post_type=product&#038;p=54736"},"modified":"2026-04-17T02:39:20","modified_gmt":"2026-04-17T00:39:20","slug":"wakame-salad-seaweed-salad-10x1kg-fsg-%e6%b5%b7%e5%b8%a6%e6%b2%99%e6%8b%89-1-%e7%ae%b1%ef%bc%89-2","status":"publish","type":"product","link":"https:\/\/umefood.dk\/da\/produkter\/wakame-salad-seaweed-salad-10x1kg-fsg-%e6%b5%b7%e5%b8%a6%e6%b2%99%e6%8b%89-1-%e7%ae%b1%ef%bc%89-2\/","title":{"rendered":"Wakamesalat\/tangsalat 10x1kg FSG (\u6d77\u5e26\u6c99\u62c9 1 \u7bb1\uff09 (kan kun k\u00f8bes i butikken)"},"content":{"rendered":"<p>Ingredienser:<\/p>\n<p><b>SASAME <\/b>fr\u00f8olie, hydrolyseret vegetabilsk protein fra <strong class=\"extra-bold\">SOJA<\/strong>, sukker, majssirup, <b>SESAM<\/b>fr\u00f8, eddike, mirin (vand, kl\u00e6brig ris, spiselig alkohol, ris koji), sort svampe, agar-agar, salt, r\u00f8d chili, smagsforst\u00e6rker E621, farvestof E102, E133<\/p>\n<p>Ern\u00e6ringsoplysninger:<\/p>\n<table>\n<tbody>\n<tr>\n<th>Energi<\/th>\n<td>317 kJ\/76 kcal<\/td>\n<\/tr>\n<tr>\n<th>Fed<\/th>\n<td>3,2 g<\/td>\n<\/tr>\n<tr>\n<th>hvoraf m\u00e6tter<\/th>\n<td>0,42 g<\/td>\n<\/tr>\n<tr>\n<th>Kulhydrat<\/th>\n<td>10,7 g<\/td>\n<\/tr>\n<tr>\n<th>heraf sukkerarter<\/th>\n<td>4,2 g<\/td>\n<\/tr>\n<tr>\n<th>Protein<\/th>\n<td>1g<\/td>\n<\/tr>\n<tr>\n<th>Salt<\/th>\n<td>1,32 g<\/td>\n<\/tr>\n<\/tbody>\n<\/table>\n<p>V\u00e6gt: 10 kg<br \/>\nFremstilling: Kina<br \/>\nForsendelsesv\u00e6gt: 10,84 kg<\/p>","protected":false},"excerpt":{"rendered":"<p>Ingredienser: SASAME-fr\u00f8olie, hydrolyseret vegetabilsk protein fra SOJA, sukker, majssirup, SESAMFR\u00d8, eddike, mirin (vand, kl\u00e6brig ris, spiselig alkohol,<\/p>","protected":false},"featured_media":54739,"template":"","meta":{"_crdt_document":"","advanced_seo_description":"","jetpack_seo_html_title":"","jetpack_seo_noindex":false,"jetpack_publicize_message":"","jetpack_publicize_feature_enabled":true,"jetpack_social_post_already_shared":true,"jetpack_social_options":{"image_generator_settings":{"template":"highway","default_image_id":0,"font":"","enabled":false},"version":2},"_wpas_customize_per_network":false},"product_brand":[],"product_cat":[1380,2107],"product_tag":[2262],"class_list":{"0":"post-54736","1":"product","2":"type-product","3":"status-publish","4":"has-post-thumbnail","6":"product_cat-frozenfood","7":"product_cat-frozenvege","8":"product_tag-vegetable","10":"first","11":"instock","12":"shipping-taxable","13":"purchasable","14":"product-type-simple"},"exclude_global_add_ons":[],"addons":[],"jetpack_publicize_connections":[],"jetpack_sharing_enabled":true,"jetpack_likes_enabled":true,"_links":{"self":[{"href":"https:\/\/umefood.dk\/da\/wp-json\/wp\/v2\/product\/54736","targetHints":{"allow":["GET"]}}],"collection":[{"href":"https:\/\/umefood.dk\/da\/wp-json\/wp\/v2\/product"}],"about":[{"href":"https:\/\/umefood.dk\/da\/wp-json\/wp\/v2\/types\/product"}],"version-history":[{"count":1,"href":"https:\/\/umefood.dk\/da\/wp-json\/wp\/v2\/product\/54736\/revisions"}],"predecessor-version":[{"id":54740,"href":"https:\/\/umefood.dk\/da\/wp-json\/wp\/v2\/product\/54736\/revisions\/54740"}],"wp:featuredmedia":[{"embeddable":true,"href":"https:\/\/umefood.dk\/da\/wp-json\/wp\/v2\/media\/54739"}],"wp:attachment":[{"href":"https:\/\/umefood.dk\/da\/wp-json\/wp\/v2\/media?parent=54736"}],"wp:term":[{"taxonomy":"product_brand","embeddable":true,"href":"https:\/\/umefood.dk\/da\/wp-json\/wp\/v2\/product_brand?post=54736"},{"taxonomy":"product_cat","embeddable":true,"href":"https:\/\/umefood.dk\/da\/wp-json\/wp\/v2\/product_cat?post=54736"},{"taxonomy":"product_tag","embeddable":true,"href":"https:\/\/umefood.dk\/da\/wp-json\/wp\/v2\/product_tag?post=54736"}],"curies":[{"name":"wp","href":"https:\/\/api.w.org\/{rel}","templated":true}]}}