{"id":55542,"date":"2025-12-06T14:14:20","date_gmt":"2025-12-06T13:14:20","guid":{"rendered":"https:\/\/umefood.dk\/?post_type=product&#038;p=55542"},"modified":"2026-04-26T02:39:36","modified_gmt":"2026-04-26T00:39:36","slug":"buldak-teokbokki-rose-stor-kop-183-5g-samyang","status":"publish","type":"product","link":"https:\/\/umefood.dk\/da\/produkter\/buldak-teokbokki-rose-stor-kop-183-5g-samyang\/","title":{"rendered":"Buldak tteokbokki i ros\u00e9sauce stor kop 183.5g Samyang"},"content":{"rendered":"<p>Ingredients:<br \/>\nRice Cake: Rice, Refined Salt, Alcohol<br \/>\nSauce: Refined sugar, purified water,<strong class=\"extra-bold\"> BUTTER flavored sauce (dairless spread,<\/strong> sugar, low sweet sugar,<strong class=\"extra-bold\"> WHEY powder,<\/strong> refined salt), red pepper powder, hot pepper base powder {spicy red pepper base (red pepper paste), dextrin, refined salt}, grill concentrate, Habanero flavor seasoning, umami base, refined salt, garlic, chili extract, modified starch,<strong class=\"extra-bold\"> LACTIC acid bacteria fermented powder<br \/>\nFlakes: CREAM flavor powder [powdered MILK cream (MILK cream),<\/strong><strong class=\"extra-bold\"> WHEY powder,<\/strong><strong class=\"extra-bold\"> skim MILK powder,<\/strong><strong class=\"extra-bold\"> LACTOSE],<\/strong><strong class=\"extra-bold\"> mixed whole MILK powder (mixed MILK powder,<\/strong><strong class=\"extra-bold\"> LACTOSE,<\/strong><strong class=\"extra-bold\"> MILK cream,<\/strong><strong class=\"extra-bold\"> WHEY sugar white powder,<\/strong><strong class=\"extra-bold\"> whole MILK powder),<\/strong> modified starch, bacon flavored powder[Refined Allium, Onion Flavored Rice Powder {Onion Powder (Onion)}], Roasted Garlic Powder, Parsley Flakes<br \/>\nNutritional Information:<\/p>\n<table>\n<tbody>\n<tr>\n<th>Energy<\/th>\n<td>1028.01kJ\/245.7kcal<\/td>\n<\/tr>\n<tr>\n<th>Fat<\/th>\n<td>1.94g<\/td>\n<\/tr>\n<tr>\n<th>of which Saturates<\/th>\n<td>1.13g<\/td>\n<\/tr>\n<tr>\n<th>Carbohydrate<\/th>\n<td>52.38g<\/td>\n<\/tr>\n<tr>\n<th>of which Sugars<\/th>\n<td>7.02g<\/td>\n<\/tr>\n<tr>\n<th>Protein<\/th>\n<td>4.86g<\/td>\n<\/tr>\n<tr>\n<th>Salt<\/th>\n<td>0.63g<\/td>\n<\/tr>\n<\/tbody>\n<\/table>\n<p>Weight: 183.6g<br \/>\nManufacture: South Korea<\/p>\n<p>Shipping Weight: 242g<\/p>\n","protected":false},"excerpt":{"rendered":"<p>Ingredienser: Riskage: Ris, raffineret salt, alkohol. Sauce: raffineret sukker, renset vand, SM\u00d8RSmagt sauce (m\u00e6lkefrit sm\u00f8rep\u00e5l\u00e6g, sukker, lavt s\u00f8dindhold).<\/p>","protected":false},"featured_media":55543,"template":"","meta":{"_crdt_document":"","advanced_seo_description":"","jetpack_seo_html_title":"","jetpack_seo_noindex":false,"jetpack_publicize_message":"","jetpack_publicize_feature_enabled":true,"jetpack_social_post_already_shared":true,"jetpack_social_options":{"image_generator_settings":{"template":"highway","default_image_id":0,"font":"","enabled":false},"version":2},"_wpas_customize_per_network":false},"product_brand":[1887],"product_cat":[2041,1976],"product_tag":[2166,2153,2418],"class_list":{"0":"post-55542","1":"product","2":"type-product","3":"status-publish","4":"has-post-thumbnail","6":"product_brand-samyang","7":"product_cat-instantfood","8":"product_cat-instantnoodles","9":"product_tag-instant-food","10":"product_tag-instant-noodles","11":"product_tag-rice-cake","13":"first","14":"instock","15":"shipping-taxable","16":"purchasable","17":"product-type-simple"},"exclude_global_add_ons":[],"addons":[],"jetpack_publicize_connections":[],"jetpack_sharing_enabled":true,"jetpack_likes_enabled":true,"_links":{"self":[{"href":"https:\/\/umefood.dk\/da\/wp-json\/wp\/v2\/product\/55542","targetHints":{"allow":["GET"]}}],"collection":[{"href":"https:\/\/umefood.dk\/da\/wp-json\/wp\/v2\/product"}],"about":[{"href":"https:\/\/umefood.dk\/da\/wp-json\/wp\/v2\/types\/product"}],"version-history":[{"count":2,"href":"https:\/\/umefood.dk\/da\/wp-json\/wp\/v2\/product\/55542\/revisions"}],"predecessor-version":[{"id":55545,"href":"https:\/\/umefood.dk\/da\/wp-json\/wp\/v2\/product\/55542\/revisions\/55545"}],"wp:featuredmedia":[{"embeddable":true,"href":"https:\/\/umefood.dk\/da\/wp-json\/wp\/v2\/media\/55543"}],"wp:attachment":[{"href":"https:\/\/umefood.dk\/da\/wp-json\/wp\/v2\/media?parent=55542"}],"wp:term":[{"taxonomy":"product_brand","embeddable":true,"href":"https:\/\/umefood.dk\/da\/wp-json\/wp\/v2\/product_brand?post=55542"},{"taxonomy":"product_cat","embeddable":true,"href":"https:\/\/umefood.dk\/da\/wp-json\/wp\/v2\/product_cat?post=55542"},{"taxonomy":"product_tag","embeddable":true,"href":"https:\/\/umefood.dk\/da\/wp-json\/wp\/v2\/product_tag?post=55542"}],"curies":[{"name":"wp","href":"https:\/\/api.w.org\/{rel}","templated":true}]}}