{"id":55760,"date":"2025-12-10T15:12:13","date_gmt":"2025-12-10T14:12:13","guid":{"rendered":"https:\/\/umefood.dk\/?post_type=product&#038;p=55760"},"modified":"2026-04-21T08:06:40","modified_gmt":"2026-04-21T06:06:40","slug":"planets-pride-tuna-poke-200g","status":"publish","type":"product","link":"https:\/\/umefood.dk\/da\/produkter\/planets-pride-tuna-poke-200g\/","title":{"rendered":"Yellowfin Tuna Poke 200g Planet Pride (can be only purchased in store)"},"content":{"rendered":"<p>Ingredients:Cabbage, water,<strong class=\"extra-bold\"> hvedemel,<\/strong> carrot, green bean, onion, starch (mung bean, green pea, corn), sunflower oil,<strong class=\"extra-bold\"> soya bean protein,<\/strong> salt, mushroom, sugar, ginger, garlic,<strong class=\"extra-bold\"> sesamolie,<\/strong> flavour enhancer: E621,<strong class=\"extra-bold\"> soya sauce (wheat),<\/strong> pepper.<\/p>\n<p>N\u00e6ringsinformation pr. 100 g:<\/p>\n<table>\n<tbody>\n<tr>\n<th>Energi<\/th>\n<td>368kj\/88kcal<\/td>\n<\/tr>\n<tr>\n<th>Fed<\/th>\n<td>&lt;0,5g<\/td>\n<\/tr>\n<tr>\n<th>hvoraf m\u00e6tter<\/th>\n<td>0g<\/td>\n<\/tr>\n<tr>\n<th>Kulhydrat<\/th>\n<td>0g<\/td>\n<\/tr>\n<tr>\n<th>heraf sukkerarter<\/th>\n<td>0g<\/td>\n<\/tr>\n<tr>\n<th>Protein<\/th>\n<td>22 g<\/td>\n<\/tr>\n<tr>\n<th>Salt<\/th>\n<td>0.80g<\/td>\n<\/tr>\n<\/tbody>\n<\/table>\n<p>V\u00e6gt: 200g<br \/>\nManufacture: Danmark<br \/>\nForsendelsesv\u00e6gt: 220g<\/p>\n<p>&nbsp;<\/p>","protected":false},"excerpt":{"rendered":"<p>Ingredienser: K\u00e5l, vand, hvedemel, gulerod, gr\u00f8nne b\u00f8nner, l\u00f8g, stivelse (mungb\u00f8nne, gr\u00f8nne \u00e6rter, majs), solsikkeolie, sojab\u00f8nneprotein, salt,<\/p>","protected":false},"featured_media":56406,"template":"","meta":{"_crdt_document":"","advanced_seo_description":"","jetpack_seo_html_title":"","jetpack_seo_noindex":false,"jetpack_publicize_message":"","jetpack_publicize_feature_enabled":true,"jetpack_social_post_already_shared":true,"jetpack_social_options":{"image_generator_settings":{"template":"highway","default_image_id":0,"font":"","enabled":false},"version":2},"_wpas_customize_per_network":false},"product_brand":[],"product_cat":[1380,2109],"product_tag":[2186,2253],"class_list":{"0":"post-55760","1":"product","2":"type-product","3":"status-publish","4":"has-post-thumbnail","6":"product_cat-frozenfood","7":"product_cat-frozen-seafood","8":"product_tag-frozen-food","9":"product_tag-seafood","11":"first","12":"instock","13":"shipping-taxable","14":"purchasable","15":"product-type-simple"},"exclude_global_add_ons":[],"addons":[],"jetpack_publicize_connections":[],"jetpack_sharing_enabled":true,"jetpack_likes_enabled":true,"_links":{"self":[{"href":"https:\/\/umefood.dk\/da\/wp-json\/wp\/v2\/product\/55760","targetHints":{"allow":["GET"]}}],"collection":[{"href":"https:\/\/umefood.dk\/da\/wp-json\/wp\/v2\/product"}],"about":[{"href":"https:\/\/umefood.dk\/da\/wp-json\/wp\/v2\/types\/product"}],"version-history":[{"count":3,"href":"https:\/\/umefood.dk\/da\/wp-json\/wp\/v2\/product\/55760\/revisions"}],"predecessor-version":[{"id":56407,"href":"https:\/\/umefood.dk\/da\/wp-json\/wp\/v2\/product\/55760\/revisions\/56407"}],"wp:featuredmedia":[{"embeddable":true,"href":"https:\/\/umefood.dk\/da\/wp-json\/wp\/v2\/media\/56406"}],"wp:attachment":[{"href":"https:\/\/umefood.dk\/da\/wp-json\/wp\/v2\/media?parent=55760"}],"wp:term":[{"taxonomy":"product_brand","embeddable":true,"href":"https:\/\/umefood.dk\/da\/wp-json\/wp\/v2\/product_brand?post=55760"},{"taxonomy":"product_cat","embeddable":true,"href":"https:\/\/umefood.dk\/da\/wp-json\/wp\/v2\/product_cat?post=55760"},{"taxonomy":"product_tag","embeddable":true,"href":"https:\/\/umefood.dk\/da\/wp-json\/wp\/v2\/product_tag?post=55760"}],"curies":[{"name":"wp","href":"https:\/\/api.w.org\/{rel}","templated":true}]}}