{"id":56461,"date":"2025-12-19T09:46:04","date_gmt":"2025-12-19T08:46:04","guid":{"rendered":"https:\/\/umefood.dk\/?post_type=product&#038;p=56461"},"modified":"2026-04-14T02:30:10","modified_gmt":"2026-04-14T00:30:10","slug":"strawberry-and-chocolate-104-4g-9-pieces-nestle-japan-kitkat","status":"publish","type":"product","link":"https:\/\/umefood.dk\/da\/produkter\/strawberry-and-chocolate-104-4g-9-pieces-nestle-japan-kitkat\/","title":{"rendered":"Dobbelt b\u00e6r og n\u00f8dder 101,7 g 9 stykker Nestl\u00e9 Japan KitKat"},"content":{"rendered":"<p>Ingredients:Vegetable oil (domestically produced), sugar, cocoa mass,<strong class=\"extra-bold\"> biscuits (wheat flour,<\/strong> sugar, shortening, salt),<strong class=\"extra-bold\"> hvedemel,<\/strong><strong class=\"extra-bold\"> lactose,<\/strong><strong class=\"extra-bold\"> s\u00f8dm\u00e6lkspulver,<\/strong><strong class=\"extra-bold\"> cocoa butter,<\/strong> raspberry juice powder, cocoa powder, dried strawberry processed product,<strong class=\"extra-bold\"> almond paste,<\/strong><strong class=\"extra-bold\"> yeast\/emulsifier (soybean-derived),<\/strong> leavening agent, acidulant, flavoring, baking soda, yeast food<\/p>\n<p>Ern\u00e6ringsoplysninger:<\/p>\n<table>\n<tbody>\n<tr>\n<th>Energi<\/th>\n<td>2370kJ\/566kcal<\/td>\n<\/tr>\n<tr>\n<th>Fed<\/th>\n<td>34.52g<\/td>\n<\/tr>\n<tr>\n<th>hvoraf m\u00e6tter<\/th>\n<td>10.35g<\/td>\n<\/tr>\n<tr>\n<th>Kulhydrat<\/th>\n<td>56.64g<\/td>\n<\/tr>\n<tr>\n<th>heraf sukkerarter<\/th>\n<td>39.65g<\/td>\n<\/tr>\n<tr>\n<th>Protein<\/th>\n<td>6,55 g<\/td>\n<\/tr>\n<tr>\n<th>Salt<\/th>\n<td>0,27 g<\/td>\n<\/tr>\n<\/tbody>\n<\/table>\n<p>Weight: 101.7g<br \/>\nFremstilling: Japan<br \/>\nForsendelsesv\u00e6gt: 112g<\/p>","protected":false},"excerpt":{"rendered":"<p>Ingredienser: Vegetabilsk olie (produceret i landet), sukker, kakaomasse, kiks (hvedemel, sukker, fedtstof, salt), hvedemel, laktose, s\u00f8dm\u00e6lkspulver, kakao<\/p>","protected":false},"featured_media":56459,"template":"","meta":{"_crdt_document":"","advanced_seo_description":"","jetpack_seo_html_title":"","jetpack_seo_noindex":false,"jetpack_publicize_message":"","jetpack_publicize_feature_enabled":true,"jetpack_social_post_already_shared":true,"jetpack_social_options":{"image_generator_settings":{"template":"highway","default_image_id":0,"font":"","enabled":false},"version":2},"_wpas_customize_per_network":false},"product_brand":[2793],"product_cat":[2348,2094],"product_tag":[2342,2794],"class_list":{"0":"post-56461","1":"product","2":"type-product","3":"status-publish","4":"has-post-thumbnail","6":"product_brand-kitkat-","7":"product_cat-cookies-biscuits","8":"product_cat-snacks","9":"product_tag-kitkat","10":"product_tag-2794","12":"first","13":"instock","14":"shipping-taxable","15":"purchasable","16":"product-type-simple"},"exclude_global_add_ons":[],"addons":[],"jetpack_publicize_connections":[],"jetpack_sharing_enabled":true,"jetpack_likes_enabled":true,"_links":{"self":[{"href":"https:\/\/umefood.dk\/da\/wp-json\/wp\/v2\/product\/56461","targetHints":{"allow":["GET"]}}],"collection":[{"href":"https:\/\/umefood.dk\/da\/wp-json\/wp\/v2\/product"}],"about":[{"href":"https:\/\/umefood.dk\/da\/wp-json\/wp\/v2\/types\/product"}],"version-history":[{"count":4,"href":"https:\/\/umefood.dk\/da\/wp-json\/wp\/v2\/product\/56461\/revisions"}],"predecessor-version":[{"id":56469,"href":"https:\/\/umefood.dk\/da\/wp-json\/wp\/v2\/product\/56461\/revisions\/56469"}],"wp:featuredmedia":[{"embeddable":true,"href":"https:\/\/umefood.dk\/da\/wp-json\/wp\/v2\/media\/56459"}],"wp:attachment":[{"href":"https:\/\/umefood.dk\/da\/wp-json\/wp\/v2\/media?parent=56461"}],"wp:term":[{"taxonomy":"product_brand","embeddable":true,"href":"https:\/\/umefood.dk\/da\/wp-json\/wp\/v2\/product_brand?post=56461"},{"taxonomy":"product_cat","embeddable":true,"href":"https:\/\/umefood.dk\/da\/wp-json\/wp\/v2\/product_cat?post=56461"},{"taxonomy":"product_tag","embeddable":true,"href":"https:\/\/umefood.dk\/da\/wp-json\/wp\/v2\/product_tag?post=56461"}],"curies":[{"name":"wp","href":"https:\/\/api.w.org\/{rel}","templated":true}]}}