{"id":57256,"date":"2026-01-06T12:03:17","date_gmt":"2026-01-06T11:03:17","guid":{"rendered":"https:\/\/umefood.dk\/?post_type=product&#038;p=57256"},"modified":"2026-01-24T01:07:35","modified_gmt":"2026-01-24T00:07:35","slug":"golden-pear-%e9%bb%84%e9%87%91%e6%a2%a8-1-kg-4pcs-pack","status":"publish","type":"product","link":"https:\/\/umefood.dk\/da\/produkter\/golden-pear-%e9%bb%84%e9%87%91%e6%a2%a8-1-kg-4pcs-pack\/","title":{"rendered":"Gylden p\u00e6re \u9ec4\u91d1\u68a8 1 kg 4 stk\/pakke (kan kun k\u00f8bes i butikken)"},"content":{"rendered":"<p>Ingredienser:<\/p>\n<p>P\u00e6re<\/p>\n<p>&nbsp;<\/p>\n<p>&nbsp;<\/p>\n<p>V\u00e6gt: 1 kg<\/p>\n<p>Fremstilling: Kina<br \/>\nShipping Weight: 1.080kg<\/p>","protected":false},"excerpt":{"rendered":"<p>Ingredienser: P\u00e6re V\u00e6gt: 1 kg Fremstilling: Kina Forsendelsesv\u00e6gt: 1,080 kg<\/p>","protected":false},"featured_media":57261,"template":"","meta":{"_crdt_document":"","advanced_seo_description":"","jetpack_seo_html_title":"","jetpack_seo_noindex":false,"jetpack_publicize_message":"","jetpack_publicize_feature_enabled":true,"jetpack_social_post_already_shared":true,"jetpack_social_options":{"image_generator_settings":{"template":"highway","default_image_id":0,"font":"","enabled":false},"version":2},"_wpas_customize_per_network":false},"product_brand":[],"product_cat":[1982,1951],"product_tag":[3188,3100],"class_list":{"0":"post-57256","1":"product","2":"type-product","3":"status-publish","4":"has-post-thumbnail","6":"product_cat-fresh-food","7":"product_cat-fruits","8":"product_tag-fresh-fruits","9":"product_tag-3100","11":"first","12":"outofstock","13":"shipping-taxable","14":"purchasable","15":"product-type-simple"},"exclude_global_add_ons":[],"addons":[],"jetpack_publicize_connections":[],"jetpack_sharing_enabled":true,"jetpack_likes_enabled":true,"_links":{"self":[{"href":"https:\/\/umefood.dk\/da\/wp-json\/wp\/v2\/product\/57256","targetHints":{"allow":["GET"]}}],"collection":[{"href":"https:\/\/umefood.dk\/da\/wp-json\/wp\/v2\/product"}],"about":[{"href":"https:\/\/umefood.dk\/da\/wp-json\/wp\/v2\/types\/product"}],"version-history":[{"count":1,"href":"https:\/\/umefood.dk\/da\/wp-json\/wp\/v2\/product\/57256\/revisions"}],"predecessor-version":[{"id":57263,"href":"https:\/\/umefood.dk\/da\/wp-json\/wp\/v2\/product\/57256\/revisions\/57263"}],"wp:featuredmedia":[{"embeddable":true,"href":"https:\/\/umefood.dk\/da\/wp-json\/wp\/v2\/media\/57261"}],"wp:attachment":[{"href":"https:\/\/umefood.dk\/da\/wp-json\/wp\/v2\/media?parent=57256"}],"wp:term":[{"taxonomy":"product_brand","embeddable":true,"href":"https:\/\/umefood.dk\/da\/wp-json\/wp\/v2\/product_brand?post=57256"},{"taxonomy":"product_cat","embeddable":true,"href":"https:\/\/umefood.dk\/da\/wp-json\/wp\/v2\/product_cat?post=57256"},{"taxonomy":"product_tag","embeddable":true,"href":"https:\/\/umefood.dk\/da\/wp-json\/wp\/v2\/product_tag?post=57256"}],"curies":[{"name":"wp","href":"https:\/\/api.w.org\/{rel}","templated":true}]}}