{"id":57567,"date":"2026-01-09T10:09:29","date_gmt":"2026-01-09T09:09:29","guid":{"rendered":"https:\/\/umefood.dk\/?post_type=product&#038;p=57567"},"modified":"2026-04-20T02:28:13","modified_gmt":"2026-04-20T00:28:13","slug":"bull-dog-tonkatsu-krydderisauce-500-ml","status":"publish","type":"product","link":"https:\/\/umefood.dk\/da\/produkter\/bull-dog-tonkatsu-krydderisauce-500-ml\/","title":{"rendered":"Bull-Dog Tonkatsu Krydderisauce 500ml"},"content":{"rendered":"<p>ingredienser<\/p>\n<p>Tomater, \u00e6bler, svesker, citroner, guler\u00f8dder, l\u00f8g, surhedsregulerende middel (E260), majssirup med h\u00f8jt fruktoseindhold, sukker, salt, stivelse, g\u00e6rekstrakt,<strong class=\"extra-bold\"> Soja,<\/strong> Krydderier.<\/p>\n<p>Ern\u00e6ringsoplysninger:<\/p>\n<table>\n<tbody>\n<tr>\n<th>Energi<\/th>\n<td>535 kJ\/128 kcal<\/td>\n<\/tr>\n<tr>\n<th>Fed<\/th>\n<td>0g<\/td>\n<\/tr>\n<tr>\n<th>hvoraf m\u00e6tter<\/th>\n<td>0g<\/td>\n<\/tr>\n<tr>\n<th>Kulhydrat<\/th>\n<td>31,4 g<\/td>\n<\/tr>\n<tr>\n<th>heraf sukkerarter<\/th>\n<td>30,58 g<\/td>\n<\/tr>\n<tr>\n<th>Protein<\/th>\n<td>0,56 g<\/td>\n<\/tr>\n<tr>\n<th>Salt<\/th>\n<td>5g<\/td>\n<\/tr>\n<\/tbody>\n<\/table>\n<p>V\u00e6gt: 500g<br \/>\nFremstilling: Japan<br \/>\nForsendelsesv\u00e6gt: 620g<\/p>","protected":false},"excerpt":{"rendered":"<p>Ingredienser: Tomater, \u00e6bler, svesker, citroner, guler\u00f8dder, l\u00f8g, surhedsregulerende middel (E260), majssirup med h\u00f8jt fructoseindhold, sukker, salt, stivelse, g\u00e6rekstrakt, soja,<\/p>","protected":false},"featured_media":57575,"template":"","meta":{"_crdt_document":"","advanced_seo_description":"","jetpack_seo_html_title":"","jetpack_seo_noindex":false,"jetpack_publicize_message":"","jetpack_publicize_feature_enabled":true,"jetpack_social_post_already_shared":true,"jetpack_social_options":{"image_generator_settings":{"template":"highway","default_image_id":0,"font":"","enabled":false},"version":2},"_wpas_customize_per_network":false},"product_brand":[],"product_cat":[2121,1980],"product_tag":[3394,3392,3393],"class_list":{"0":"post-57567","1":"product","2":"type-product","3":"status-publish","4":"has-post-thumbnail","6":"product_cat-japan-k","7":"product_cat-seasoning","8":"product_tag-japan-sauce","9":"product_tag-tonkatsu-sauce","10":"product_tag-3393","12":"first","13":"outofstock","14":"shipping-taxable","15":"purchasable","16":"product-type-simple"},"exclude_global_add_ons":[],"addons":[],"jetpack_publicize_connections":[],"jetpack_sharing_enabled":true,"jetpack_likes_enabled":true,"_links":{"self":[{"href":"https:\/\/umefood.dk\/da\/wp-json\/wp\/v2\/product\/57567","targetHints":{"allow":["GET"]}}],"collection":[{"href":"https:\/\/umefood.dk\/da\/wp-json\/wp\/v2\/product"}],"about":[{"href":"https:\/\/umefood.dk\/da\/wp-json\/wp\/v2\/types\/product"}],"version-history":[{"count":2,"href":"https:\/\/umefood.dk\/da\/wp-json\/wp\/v2\/product\/57567\/revisions"}],"predecessor-version":[{"id":57576,"href":"https:\/\/umefood.dk\/da\/wp-json\/wp\/v2\/product\/57567\/revisions\/57576"}],"wp:featuredmedia":[{"embeddable":true,"href":"https:\/\/umefood.dk\/da\/wp-json\/wp\/v2\/media\/57575"}],"wp:attachment":[{"href":"https:\/\/umefood.dk\/da\/wp-json\/wp\/v2\/media?parent=57567"}],"wp:term":[{"taxonomy":"product_brand","embeddable":true,"href":"https:\/\/umefood.dk\/da\/wp-json\/wp\/v2\/product_brand?post=57567"},{"taxonomy":"product_cat","embeddable":true,"href":"https:\/\/umefood.dk\/da\/wp-json\/wp\/v2\/product_cat?post=57567"},{"taxonomy":"product_tag","embeddable":true,"href":"https:\/\/umefood.dk\/da\/wp-json\/wp\/v2\/product_tag?post=57567"}],"curies":[{"name":"wp","href":"https:\/\/api.w.org\/{rel}","templated":true}]}}