{"id":58081,"date":"2026-01-16T16:47:44","date_gmt":"2026-01-16T15:47:44","guid":{"rendered":"https:\/\/umefood.dk\/products\/spiced-fermented-bean-curd-220g-gs\/"},"modified":"2026-04-23T02:35:11","modified_gmt":"2026-04-23T00:35:11","slug":"spiced-fermented-bean-curd-220g-gs","status":"publish","type":"product","link":"https:\/\/umefood.dk\/da\/produkter\/spiced-fermented-bean-curd-220g-gs\/","title":{"rendered":"Krydret fermenteret tofu 210g GS"},"content":{"rendered":"<p>Ingredienser:<br \/>\n<strong class=\"extra-bold\">Soybean,<\/strong> vand,<strong class=\"extra-bold\"> peanut kernel,<\/strong><strong class=\"extra-bold\"> sesam,<\/strong> pea, chilli, salt, flavour enhancer (E621), vegetarian seasoning powder (flavour enhancer (E621, E635), sugar, flavoring,<strong class=\"extra-bold\"> hydrolyzed soybean protein,<\/strong> yeast extract), Chinese prickly ash, spices, sorghum liquor, firming agent (E511).<\/p>\n<p>Ern\u00e6ringsoplysninger:<\/p>\n<table>\n<tbody>\n<tr>\n<th>Energi<\/th>\n<td>739kJ\/177kcal<\/td>\n<\/tr>\n<tr>\n<th>Fed<\/th>\n<td>15 g<\/td>\n<\/tr>\n<tr>\n<th>hvoraf m\u00e6tter<\/th>\n<td>0g<\/td>\n<\/tr>\n<tr>\n<th>Kulhydrat<\/th>\n<td>0,8 g<\/td>\n<\/tr>\n<tr>\n<th>heraf sukkerarter<\/th>\n<td>0,1 g<\/td>\n<\/tr>\n<tr>\n<th>Protein<\/th>\n<td>10 g<\/td>\n<\/tr>\n<tr>\n<th>Salt<\/th>\n<td>11,3 g<\/td>\n<\/tr>\n<\/tbody>\n<\/table>\n<p>V\u00e6gt: 210g<br \/>\nFremstilling: Kina<br \/>\nShipping Weight: 426g<\/p>","protected":false},"excerpt":{"rendered":"<p>Ingredienser: Sojab\u00f8nner, vand, jordn\u00f8ddekerner, sesam, \u00e6rter, chili, salt, smagsforst\u00e6rker (E621), vegetarisk krydderipulver (smagsforst\u00e6rker (E621, E635), sukker,<\/p>","protected":false},"featured_media":59536,"template":"","meta":{"_crdt_document":"","advanced_seo_description":"","jetpack_seo_html_title":"","jetpack_seo_noindex":false,"jetpack_publicize_message":"","jetpack_publicize_feature_enabled":true,"jetpack_social_post_already_shared":true,"jetpack_social_options":{"image_generator_settings":{"template":"highway","default_image_id":0,"font":"","enabled":false},"version":2},"_wpas_customize_per_network":false},"product_brand":[],"product_cat":[2389,2290,1980],"product_tag":[2862,3475],"class_list":{"0":"post-58081","1":"product","2":"type-product","3":"status-publish","4":"has-post-thumbnail","6":"product_cat-new-and-restocked","7":"product_cat-other-sauce","8":"product_cat-seasoning","9":"product_tag-2862","10":"product_tag-fermented-bean-curd","12":"first","13":"instock","14":"shipping-taxable","15":"purchasable","16":"product-type-simple"},"exclude_global_add_ons":[],"addons":[],"jetpack_publicize_connections":[],"jetpack_sharing_enabled":true,"jetpack_likes_enabled":true,"_links":{"self":[{"href":"https:\/\/umefood.dk\/da\/wp-json\/wp\/v2\/product\/58081","targetHints":{"allow":["GET"]}}],"collection":[{"href":"https:\/\/umefood.dk\/da\/wp-json\/wp\/v2\/product"}],"about":[{"href":"https:\/\/umefood.dk\/da\/wp-json\/wp\/v2\/types\/product"}],"version-history":[{"count":6,"href":"https:\/\/umefood.dk\/da\/wp-json\/wp\/v2\/product\/58081\/revisions"}],"predecessor-version":[{"id":59539,"href":"https:\/\/umefood.dk\/da\/wp-json\/wp\/v2\/product\/58081\/revisions\/59539"}],"wp:featuredmedia":[{"embeddable":true,"href":"https:\/\/umefood.dk\/da\/wp-json\/wp\/v2\/media\/59536"}],"wp:attachment":[{"href":"https:\/\/umefood.dk\/da\/wp-json\/wp\/v2\/media?parent=58081"}],"wp:term":[{"taxonomy":"product_brand","embeddable":true,"href":"https:\/\/umefood.dk\/da\/wp-json\/wp\/v2\/product_brand?post=58081"},{"taxonomy":"product_cat","embeddable":true,"href":"https:\/\/umefood.dk\/da\/wp-json\/wp\/v2\/product_cat?post=58081"},{"taxonomy":"product_tag","embeddable":true,"href":"https:\/\/umefood.dk\/da\/wp-json\/wp\/v2\/product_tag?post=58081"}],"curies":[{"name":"wp","href":"https:\/\/api.w.org\/{rel}","templated":true}]}}