{"id":58085,"date":"2026-01-16T16:47:47","date_gmt":"2026-01-16T15:47:47","guid":{"rendered":"https:\/\/umefood.dk\/products\/onion-and-ginger-sauce-226g-xml\/"},"modified":"2026-04-14T02:12:41","modified_gmt":"2026-04-14T00:12:41","slug":"onion-and-ginger-sauce-226g-xml","status":"publish","type":"product","link":"https:\/\/umefood.dk\/da\/produkter\/onion-and-ginger-sauce-226g-xml\/","title":{"rendered":"L\u00f8g- og ingef\u00e6rsauce 226 g XML"},"content":{"rendered":"<p>Ingredient: Ginger (35%), vegetable oil, onion (30%), salt, yeast extract, acids (E330).<\/p>\n<p>Ern\u00e6ringsoplysninger:<\/p>\n<table>\n<tbody>\n<tr>\n<th>Energi<\/th>\n<td>12088kJ\/308kcal<\/td>\n<\/tr>\n<tr>\n<th>Fed<\/th>\n<td>32,2 g<\/td>\n<\/tr>\n<tr>\n<th>hvoraf m\u00e6tter<\/th>\n<td>0g<\/td>\n<\/tr>\n<tr>\n<th>Kulhydrat<\/th>\n<td>4,7 g<\/td>\n<\/tr>\n<tr>\n<th>heraf sukkerarter<\/th>\n<td>0,1 g<\/td>\n<\/tr>\n<tr>\n<th>Protein<\/th>\n<td>1,0 g<\/td>\n<\/tr>\n<tr>\n<th>Salt<\/th>\n<td>2,8 g<\/td>\n<\/tr>\n<\/tbody>\n<\/table>\n<p>V\u00e6gt: 226g<br \/>\nFremstilling: Kina<br \/>\nForsendelsesv\u00e6gt: 388g<\/p>","protected":false},"excerpt":{"rendered":"<p>Ingrediens: Ingef\u00e6r (35%), vegetabilsk olie, l\u00f8g (30%), salt, g\u00e6rekstrakt, syrer (E330). N\u00e6ringsinformation: Energi 12088 kJ\/308 kcal Fedt 32,2 g heraf<\/p>","protected":false},"featured_media":59544,"template":"","meta":{"_crdt_document":"","advanced_seo_description":"","jetpack_seo_html_title":"","jetpack_seo_noindex":false,"jetpack_publicize_message":"","jetpack_publicize_feature_enabled":true,"jetpack_social_post_already_shared":true,"jetpack_social_options":{"image_generator_settings":{"template":"highway","default_image_id":0,"font":"","enabled":false},"version":2},"_wpas_customize_per_network":false},"product_brand":[],"product_cat":[2389,2290,1980],"product_tag":[3476,1711],"class_list":{"0":"post-58085","1":"product","2":"type-product","3":"status-publish","4":"has-post-thumbnail","6":"product_cat-new-and-restocked","7":"product_cat-other-sauce","8":"product_cat-seasoning","9":"product_tag-3476","10":"product_tag-sauce-2","12":"first","13":"instock","14":"shipping-taxable","15":"purchasable","16":"product-type-simple"},"exclude_global_add_ons":[],"addons":[],"jetpack_publicize_connections":[],"jetpack_sharing_enabled":true,"jetpack_likes_enabled":true,"_links":{"self":[{"href":"https:\/\/umefood.dk\/da\/wp-json\/wp\/v2\/product\/58085","targetHints":{"allow":["GET"]}}],"collection":[{"href":"https:\/\/umefood.dk\/da\/wp-json\/wp\/v2\/product"}],"about":[{"href":"https:\/\/umefood.dk\/da\/wp-json\/wp\/v2\/types\/product"}],"version-history":[{"count":4,"href":"https:\/\/umefood.dk\/da\/wp-json\/wp\/v2\/product\/58085\/revisions"}],"predecessor-version":[{"id":59547,"href":"https:\/\/umefood.dk\/da\/wp-json\/wp\/v2\/product\/58085\/revisions\/59547"}],"wp:featuredmedia":[{"embeddable":true,"href":"https:\/\/umefood.dk\/da\/wp-json\/wp\/v2\/media\/59544"}],"wp:attachment":[{"href":"https:\/\/umefood.dk\/da\/wp-json\/wp\/v2\/media?parent=58085"}],"wp:term":[{"taxonomy":"product_brand","embeddable":true,"href":"https:\/\/umefood.dk\/da\/wp-json\/wp\/v2\/product_brand?post=58085"},{"taxonomy":"product_cat","embeddable":true,"href":"https:\/\/umefood.dk\/da\/wp-json\/wp\/v2\/product_cat?post=58085"},{"taxonomy":"product_tag","embeddable":true,"href":"https:\/\/umefood.dk\/da\/wp-json\/wp\/v2\/product_tag?post=58085"}],"curies":[{"name":"wp","href":"https:\/\/api.w.org\/{rel}","templated":true}]}}