{"id":58093,"date":"2026-01-16T16:48:01","date_gmt":"2026-01-16T15:48:01","guid":{"rendered":"https:\/\/umefood.dk\/products\/preserved-ginger-plum-flavor-155g-udk\/"},"modified":"2026-04-17T02:24:39","modified_gmt":"2026-04-17T00:24:39","slug":"preserved-ginger-plum-flavor-155g-udk","status":"publish","type":"product","link":"https:\/\/umefood.dk\/da\/produkter\/preserved-ginger-plum-flavor-155g-udk\/","title":{"rendered":"Konserveret ingef\u00e6rblommesmag 155g UDK"},"content":{"rendered":"<p>Ingredienser:<\/p>\n<p>Ginger, sugar, salt, plum juice, edible glucose, food additives (licorice extract, acidity regulator (E330), sweeteners (E960, E955),<strong class=\"extra-bold\"> preservative E223 (sulphite),<\/strong> E202,<strong class=\"extra-bold\"> edible flavor).<br \/>\n<\/strong><\/p>\n<p>Ern\u00e6ringsoplysninger:<\/p>\n<table>\n<tbody>\n<tr>\n<th>Energi<\/th>\n<td>1496kJ\/358kcal<\/td>\n<\/tr>\n<tr>\n<th>Fed<\/th>\n<td>0g<\/td>\n<\/tr>\n<tr>\n<th>hvoraf m\u00e6tter<\/th>\n<td>0g<\/td>\n<\/tr>\n<tr>\n<th>Kulhydrat<\/th>\n<td>87,4 g<\/td>\n<\/tr>\n<tr>\n<th>heraf sukkerarter<\/th>\n<td>59,0 g<\/td>\n<\/tr>\n<tr>\n<th>Protein<\/th>\n<td>0,6 g<\/td>\n<\/tr>\n<tr>\n<th>Salt<\/th>\n<td>0,9 g<\/td>\n<\/tr>\n<\/tbody>\n<\/table>\n<p>V\u00e6gt: 155g<br \/>\nFremstilling: Kina<br \/>\nForsendelsesv\u00e6gt: 203 g<\/p>","protected":false},"excerpt":{"rendered":"<p>Ingredienser: Ingef\u00e6r, sukker, salt, blommesaft, spiselig glukose, tils\u00e6tningsstoffer (lakridsekstrakt, surhedsregulerende middel (E330), s\u00f8destoffer (E960, E955), konserveringsmiddel E223<\/p>","protected":false},"featured_media":59594,"template":"","meta":{"_crdt_document":"","advanced_seo_description":"","jetpack_seo_html_title":"","jetpack_seo_noindex":false,"jetpack_publicize_message":"","jetpack_publicize_feature_enabled":true,"jetpack_social_post_already_shared":true,"jetpack_social_options":{"image_generator_settings":{"template":"highway","default_image_id":0,"font":"","enabled":false},"version":2},"_wpas_customize_per_network":false},"product_brand":[],"product_cat":[2389,1374,2094],"product_tag":[3483,3484],"class_list":{"0":"post-58093","1":"product","2":"type-product","3":"status-publish","4":"has-post-thumbnail","6":"product_cat-new-and-restocked","7":"product_cat-nutsdry","8":"product_cat-snacks","9":"product_tag-ginger-plum","10":"product_tag-3484","12":"first","13":"instock","14":"shipping-taxable","15":"purchasable","16":"product-type-simple"},"exclude_global_add_ons":[],"addons":[],"jetpack_publicize_connections":[],"jetpack_sharing_enabled":true,"jetpack_likes_enabled":true,"_links":{"self":[{"href":"https:\/\/umefood.dk\/da\/wp-json\/wp\/v2\/product\/58093","targetHints":{"allow":["GET"]}}],"collection":[{"href":"https:\/\/umefood.dk\/da\/wp-json\/wp\/v2\/product"}],"about":[{"href":"https:\/\/umefood.dk\/da\/wp-json\/wp\/v2\/types\/product"}],"version-history":[{"count":3,"href":"https:\/\/umefood.dk\/da\/wp-json\/wp\/v2\/product\/58093\/revisions"}],"predecessor-version":[{"id":59596,"href":"https:\/\/umefood.dk\/da\/wp-json\/wp\/v2\/product\/58093\/revisions\/59596"}],"wp:featuredmedia":[{"embeddable":true,"href":"https:\/\/umefood.dk\/da\/wp-json\/wp\/v2\/media\/59594"}],"wp:attachment":[{"href":"https:\/\/umefood.dk\/da\/wp-json\/wp\/v2\/media?parent=58093"}],"wp:term":[{"taxonomy":"product_brand","embeddable":true,"href":"https:\/\/umefood.dk\/da\/wp-json\/wp\/v2\/product_brand?post=58093"},{"taxonomy":"product_cat","embeddable":true,"href":"https:\/\/umefood.dk\/da\/wp-json\/wp\/v2\/product_cat?post=58093"},{"taxonomy":"product_tag","embeddable":true,"href":"https:\/\/umefood.dk\/da\/wp-json\/wp\/v2\/product_tag?post=58093"}],"curies":[{"name":"wp","href":"https:\/\/api.w.org\/{rel}","templated":true}]}}