{"id":58498,"date":"2026-01-23T09:18:54","date_gmt":"2026-01-23T08:18:54","guid":{"rendered":"https:\/\/umefood.dk\/?post_type=product&#038;p=58498"},"modified":"2026-04-20T02:30:28","modified_gmt":"2026-04-20T00:30:28","slug":"chocolate-orange-104-4g-nestle-kitkat","status":"publish","type":"product","link":"https:\/\/umefood.dk\/da\/produkter\/chocolate-orange-104-4g-nestle-kitkat\/","title":{"rendered":"Chokoladeappelsin 104,4 g Nestle KitKat"},"content":{"rendered":"<p>Ingredients:Sugar (manufactured overseas and domestically), cocoa mass, vegetable oils and fats,<strong class=\"extra-bold\"> hvedemel,<\/strong><strong class=\"extra-bold\"> s\u00f8dm\u00e6lkspulver,<\/strong><strong class=\"extra-bold\"> laktose,<\/strong><strong class=\"extra-bold\"> kakaosm\u00f8r,<\/strong> orange juice powder, cocoa powder,<strong class=\"extra-bold\"> yeast \/ emulsifier (soy-derived),<\/strong> flavoring, acidulant, baking soda, yeast food<\/p>\n<p>Ern\u00e6ringsoplysninger:<\/p>\n<table>\n<tbody>\n<tr>\n<th>Energi<\/th>\n<td>2236kJ\/534kcal<\/td>\n<\/tr>\n<tr>\n<th>Fed<\/th>\n<td>30.17g<\/td>\n<\/tr>\n<tr>\n<th>hvoraf m\u00e6tter<\/th>\n<td>9.31g<\/td>\n<\/tr>\n<tr>\n<th>Kulhydrat<\/th>\n<td>60.34g<\/td>\n<\/tr>\n<tr>\n<th>heraf sukkerarter<\/th>\n<td>42.24g<\/td>\n<\/tr>\n<tr>\n<th>Protein<\/th>\n<td>6.81g<\/td>\n<\/tr>\n<tr>\n<th>Salt<\/th>\n<td>0,17 g<\/td>\n<\/tr>\n<\/tbody>\n<\/table>\n<p>Weight: 104.4g<br \/>\nFremstilling: Japan<br \/>\nForsendelsesv\u00e6gt: 115g<\/p>","protected":false},"excerpt":{"rendered":"<p>Ingredienser: Sukker (fremstillet i udlandet og indenlandsk), kakaomasse, vegetabilske olier og fedtstoffer, hvedemel, s\u00f8dm\u00e6lkspulver, laktose, kakaosm\u00f8r, appelsin<\/p>","protected":false},"featured_media":58499,"template":"","meta":{"_crdt_document":"","advanced_seo_description":"","jetpack_seo_html_title":"","jetpack_seo_noindex":false,"jetpack_publicize_message":"","jetpack_publicize_feature_enabled":true,"jetpack_social_post_already_shared":true,"jetpack_social_options":{"image_generator_settings":{"template":"highway","default_image_id":0,"font":"","enabled":false},"version":2},"_wpas_customize_per_network":false},"product_brand":[2793],"product_cat":[2348,2094],"product_tag":[2342,2794],"class_list":{"0":"post-58498","1":"product","2":"type-product","3":"status-publish","4":"has-post-thumbnail","6":"product_brand-kitkat-","7":"product_cat-cookies-biscuits","8":"product_cat-snacks","9":"product_tag-kitkat","10":"product_tag-2794","12":"first","13":"instock","14":"shipping-taxable","15":"purchasable","16":"product-type-simple"},"exclude_global_add_ons":[],"addons":[],"jetpack_publicize_connections":[],"jetpack_sharing_enabled":true,"jetpack_likes_enabled":true,"_links":{"self":[{"href":"https:\/\/umefood.dk\/da\/wp-json\/wp\/v2\/product\/58498","targetHints":{"allow":["GET"]}}],"collection":[{"href":"https:\/\/umefood.dk\/da\/wp-json\/wp\/v2\/product"}],"about":[{"href":"https:\/\/umefood.dk\/da\/wp-json\/wp\/v2\/types\/product"}],"version-history":[{"count":1,"href":"https:\/\/umefood.dk\/da\/wp-json\/wp\/v2\/product\/58498\/revisions"}],"predecessor-version":[{"id":58500,"href":"https:\/\/umefood.dk\/da\/wp-json\/wp\/v2\/product\/58498\/revisions\/58500"}],"wp:featuredmedia":[{"embeddable":true,"href":"https:\/\/umefood.dk\/da\/wp-json\/wp\/v2\/media\/58499"}],"wp:attachment":[{"href":"https:\/\/umefood.dk\/da\/wp-json\/wp\/v2\/media?parent=58498"}],"wp:term":[{"taxonomy":"product_brand","embeddable":true,"href":"https:\/\/umefood.dk\/da\/wp-json\/wp\/v2\/product_brand?post=58498"},{"taxonomy":"product_cat","embeddable":true,"href":"https:\/\/umefood.dk\/da\/wp-json\/wp\/v2\/product_cat?post=58498"},{"taxonomy":"product_tag","embeddable":true,"href":"https:\/\/umefood.dk\/da\/wp-json\/wp\/v2\/product_tag?post=58498"}],"curies":[{"name":"wp","href":"https:\/\/api.w.org\/{rel}","templated":true}]}}