{"id":58527,"date":"2026-01-23T14:42:03","date_gmt":"2026-01-23T13:42:03","guid":{"rendered":"https:\/\/umefood.dk\/?post_type=product&#038;p=58527"},"modified":"2026-04-23T17:28:33","modified_gmt":"2026-04-23T15:28:33","slug":"roasted-quail-egg-salty-120g-jing-zai-jins","status":"publish","type":"product","link":"https:\/\/umefood.dk\/da\/produkter\/roasted-quail-egg-salty-120g-jing-zai-jins\/","title":{"rendered":"Ristede vagtel\u00e6g, saltet 120 g Jing Zai Jins"},"content":{"rendered":"<p>Ingredienser:<\/p>\n<p><strong class=\"extra-bold\">Quail Egg (95.67%),<\/strong> sugar, flavourings, thickeners (E415), yeast extract, flavour enhancer (E621, E627, E631), salt,<strong class=\"extra-bold\"> sojasauce (vand,<\/strong><strong class=\"extra-bold\"> soybeans (soy),<\/strong><strong class=\"extra-bold\"> wheat (gluten),<\/strong> colour (E150a), salt, maltodextrin), modified starch (E1451), cooking wine (water, rice,<strong class=\"extra-bold\"> wheat (gluten).<\/strong><\/p>\n<p>Ern\u00e6ringsoplysninger:<\/p>\n<table>\n<tbody>\n<tr>\n<th>Energi<\/th>\n<td>799kJ\/190kcal<\/td>\n<\/tr>\n<tr>\n<th>Fed<\/th>\n<td>13g<\/td>\n<\/tr>\n<tr>\n<th>hvoraf m\u00e6tter<\/th>\n<td>3,8 g<\/td>\n<\/tr>\n<tr>\n<th>Kulhydrat<\/th>\n<td>1,8 g<\/td>\n<\/tr>\n<tr>\n<th>heraf sukkerarter<\/th>\n<td>1,3 g<\/td>\n<\/tr>\n<tr>\n<th>Protein<\/th>\n<td>15 g<\/td>\n<\/tr>\n<tr>\n<th>Salt<\/th>\n<td>1,3 g<\/td>\n<\/tr>\n<\/tbody>\n<\/table>\n<p>V\u00e6gt: 120g<br \/>\nFremstilling: Kina<br \/>\nForsendelsesv\u00e6gt: 139g<\/p>","protected":false},"excerpt":{"rendered":"<p>Ingredienser: Vagtel\u00e6g (95.67%), sukker, aromaer, fortykningsmidler (E415), g\u00e6rekstrakt, smagsforst\u00e6rker (E621, E627, E631), salt, sojasauce (vand, sojab\u00f8nner<\/p>","protected":false},"featured_media":58529,"template":"","meta":{"_crdt_document":"","advanced_seo_description":"","jetpack_seo_html_title":"","jetpack_seo_noindex":false,"jetpack_publicize_message":"","jetpack_publicize_feature_enabled":true,"jetpack_social_post_already_shared":true,"jetpack_social_options":{"image_generator_settings":{"template":"highway","default_image_id":0,"font":"","enabled":false},"version":2},"_wpas_customize_per_network":false},"product_brand":[1740],"product_cat":[2389,2094,1375],"product_tag":[1489],"class_list":{"0":"post-58527","1":"product","2":"type-product","3":"status-publish","4":"has-post-thumbnail","6":"product_brand-1740","7":"product_cat-new-and-restocked","8":"product_cat-snacks","9":"product_cat-spiced-stewed","10":"product_tag-snack-2","12":"first","13":"instock","14":"shipping-taxable","15":"purchasable","16":"product-type-simple"},"exclude_global_add_ons":[],"addons":[],"jetpack_publicize_connections":[],"jetpack_sharing_enabled":true,"jetpack_likes_enabled":true,"_links":{"self":[{"href":"https:\/\/umefood.dk\/da\/wp-json\/wp\/v2\/product\/58527","targetHints":{"allow":["GET"]}}],"collection":[{"href":"https:\/\/umefood.dk\/da\/wp-json\/wp\/v2\/product"}],"about":[{"href":"https:\/\/umefood.dk\/da\/wp-json\/wp\/v2\/types\/product"}],"version-history":[{"count":1,"href":"https:\/\/umefood.dk\/da\/wp-json\/wp\/v2\/product\/58527\/revisions"}],"predecessor-version":[{"id":58530,"href":"https:\/\/umefood.dk\/da\/wp-json\/wp\/v2\/product\/58527\/revisions\/58530"}],"wp:featuredmedia":[{"embeddable":true,"href":"https:\/\/umefood.dk\/da\/wp-json\/wp\/v2\/media\/58529"}],"wp:attachment":[{"href":"https:\/\/umefood.dk\/da\/wp-json\/wp\/v2\/media?parent=58527"}],"wp:term":[{"taxonomy":"product_brand","embeddable":true,"href":"https:\/\/umefood.dk\/da\/wp-json\/wp\/v2\/product_brand?post=58527"},{"taxonomy":"product_cat","embeddable":true,"href":"https:\/\/umefood.dk\/da\/wp-json\/wp\/v2\/product_cat?post=58527"},{"taxonomy":"product_tag","embeddable":true,"href":"https:\/\/umefood.dk\/da\/wp-json\/wp\/v2\/product_tag?post=58527"}],"curies":[{"name":"wp","href":"https:\/\/api.w.org\/{rel}","templated":true}]}}