{"id":58755,"date":"2026-01-27T12:03:53","date_gmt":"2026-01-27T11:03:53","guid":{"rendered":"https:\/\/umefood.dk\/?post_type=product&#038;p=58755"},"modified":"2026-03-18T01:27:09","modified_gmt":"2026-03-18T00:27:09","slug":"lotus-root-slices-1kg","status":"publish","type":"product","link":"https:\/\/umefood.dk\/da\/produkter\/lotus-root-slices-1kg\/","title":{"rendered":"Lotusrodskiver 1 kg (kan kun k\u00f8bes i butikken)"},"content":{"rendered":"<p>Ingredienser:<br \/>\nLotus root<\/p>\n<p>Ern\u00e6ringsoplysninger:<\/p>\n<table>\n<tbody>\n<tr>\n<th>Energi<\/th>\n<td>N\/A<\/td>\n<\/tr>\n<tr>\n<th>Fed<\/th>\n<td>\u00a0N\/A<\/td>\n<\/tr>\n<tr>\n<th>hvoraf m\u00e6tter<\/th>\n<td>\u00a0N\/A<\/td>\n<\/tr>\n<tr>\n<th>Kulhydrat<\/th>\n<td>\u00a0N\/A<\/td>\n<\/tr>\n<tr>\n<th>heraf sukkerarter<\/th>\n<td>\u00a0N\/A<\/td>\n<\/tr>\n<tr>\n<th>Protein<\/th>\n<td>\u00a0N\/A<\/td>\n<\/tr>\n<tr>\n<th>Salt<\/th>\n<td>\u00a0N\/A<\/td>\n<\/tr>\n<\/tbody>\n<\/table>\n<p>V\u00e6gt: 1 kg<br \/>\nFremstilling: Kina<br \/>\nForsendelsesv\u00e6gt: 1080 kg<\/p>","protected":false},"excerpt":{"rendered":"<p>Ingredienser: Lotusrod N\u00e6ringsinformation: Energi Ikke tilg\u00e6ngelig Fedt Ikke tilg\u00e6ngelig heraf m\u00e6ttede fedtsyrer Ikke tilg\u00e6ngelig Kulhydrat Ikke tilg\u00e6ngelig heraf sukkerarter Ikke tilg\u00e6ngelig Protein<\/p>","protected":false},"featured_media":58756,"template":"","meta":{"_crdt_document":"","advanced_seo_description":"","jetpack_seo_html_title":"","jetpack_seo_noindex":false,"jetpack_publicize_message":"","jetpack_publicize_feature_enabled":true,"jetpack_social_post_already_shared":true,"jetpack_social_options":{"image_generator_settings":{"template":"highway","default_image_id":0,"font":"","enabled":false},"version":2},"_wpas_customize_per_network":false},"product_brand":[],"product_cat":[1982,1948],"product_tag":[2958,2531],"class_list":{"0":"post-58755","1":"product","2":"type-product","3":"status-publish","4":"has-post-thumbnail","6":"product_cat-fresh-food","7":"product_cat-vegetables","8":"product_tag-2958","9":"product_tag-fresh-food","11":"first","12":"outofstock","13":"shipping-taxable","14":"purchasable","15":"product-type-simple"},"exclude_global_add_ons":[],"addons":[],"jetpack_publicize_connections":[],"jetpack_sharing_enabled":true,"jetpack_likes_enabled":true,"_links":{"self":[{"href":"https:\/\/umefood.dk\/da\/wp-json\/wp\/v2\/product\/58755","targetHints":{"allow":["GET"]}}],"collection":[{"href":"https:\/\/umefood.dk\/da\/wp-json\/wp\/v2\/product"}],"about":[{"href":"https:\/\/umefood.dk\/da\/wp-json\/wp\/v2\/types\/product"}],"version-history":[{"count":2,"href":"https:\/\/umefood.dk\/da\/wp-json\/wp\/v2\/product\/58755\/revisions"}],"predecessor-version":[{"id":58758,"href":"https:\/\/umefood.dk\/da\/wp-json\/wp\/v2\/product\/58755\/revisions\/58758"}],"wp:featuredmedia":[{"embeddable":true,"href":"https:\/\/umefood.dk\/da\/wp-json\/wp\/v2\/media\/58756"}],"wp:attachment":[{"href":"https:\/\/umefood.dk\/da\/wp-json\/wp\/v2\/media?parent=58755"}],"wp:term":[{"taxonomy":"product_brand","embeddable":true,"href":"https:\/\/umefood.dk\/da\/wp-json\/wp\/v2\/product_brand?post=58755"},{"taxonomy":"product_cat","embeddable":true,"href":"https:\/\/umefood.dk\/da\/wp-json\/wp\/v2\/product_cat?post=58755"},{"taxonomy":"product_tag","embeddable":true,"href":"https:\/\/umefood.dk\/da\/wp-json\/wp\/v2\/product_tag?post=58755"}],"curies":[{"name":"wp","href":"https:\/\/api.w.org\/{rel}","templated":true}]}}