{"id":59688,"date":"2026-02-11T13:08:44","date_gmt":"2026-02-11T12:08:44","guid":{"rendered":"https:\/\/umefood.dk\/?post_type=product&#038;p=59688"},"modified":"2026-04-04T02:34:37","modified_gmt":"2026-04-04T00:34:37","slug":"chive-flower-sauce180g-limin","status":"publish","type":"product","link":"https:\/\/umefood.dk\/da\/produkter\/chive-flower-sauce180g-limin\/","title":{"rendered":"Purl\u00f8gsblomstsauce 180g Limin"},"content":{"rendered":"<p>Ingredients: Chive blossoms, drinking water, table salt, food additives (sodium benzoate, potassium sorbate)<\/p>\n<p>N\u00e6ringsinformation pr. 100 g:<\/p>\n<table>\n<tbody>\n<tr>\n<th>Energi<\/th>\n<td>81kJ\/ 19.36kcal<\/td>\n<\/tr>\n<tr>\n<th>Fed<\/th>\n<td>0,8 g<\/td>\n<\/tr>\n<tr>\n<th>hvoraf m\u00e6tter<\/th>\n<td>0g<\/td>\n<\/tr>\n<tr>\n<th>Kulhydrat<\/th>\n<td>2,1 g<\/td>\n<\/tr>\n<tr>\n<th>heraf sukkerarter<\/th>\n<td>0g<\/td>\n<\/tr>\n<tr>\n<th>Protein<\/th>\n<td>0,9 g<\/td>\n<\/tr>\n<tr>\n<th>Salt<\/th>\n<td>6.15g<\/td>\n<\/tr>\n<\/tbody>\n<\/table>\n<p>V\u00e6gt: 180g<br \/>\nFremstilling: Kina<br \/>\nForsendelsesv\u00e6gt: 190g<\/p>","protected":false},"excerpt":{"rendered":"<p>Ingredienser: Purl\u00f8gblomster, drikkevand, bordsalt, tils\u00e6tningsstoffer (natriumbenzoat, kaliumsorbat). N\u00e6ringsindhold pr. 100 g: Energi 81 kJ\/19,36 kcal.<\/p>","protected":false},"featured_media":59689,"template":"","meta":{"_crdt_document":"","advanced_seo_description":"","jetpack_seo_html_title":"","jetpack_seo_noindex":false,"jetpack_publicize_message":"","jetpack_publicize_feature_enabled":true,"jetpack_social_post_already_shared":true,"jetpack_social_options":{"image_generator_settings":{"template":"highway","default_image_id":0,"font":"","enabled":false},"version":2},"_wpas_customize_per_network":false},"product_brand":[],"product_cat":[2124,1980],"product_tag":[3499,3032,1448],"class_list":{"0":"post-59688","1":"product","2":"type-product","3":"status-publish","4":"has-post-thumbnail","6":"product_cat-paste","7":"product_cat-seasoning","8":"product_tag-3499","9":"product_tag-paste","10":"product_tag-seasoning-2","12":"first","13":"instock","14":"shipping-taxable","15":"purchasable","16":"product-type-simple"},"exclude_global_add_ons":[],"addons":[],"jetpack_publicize_connections":[],"jetpack_sharing_enabled":true,"jetpack_likes_enabled":true,"_links":{"self":[{"href":"https:\/\/umefood.dk\/da\/wp-json\/wp\/v2\/product\/59688","targetHints":{"allow":["GET"]}}],"collection":[{"href":"https:\/\/umefood.dk\/da\/wp-json\/wp\/v2\/product"}],"about":[{"href":"https:\/\/umefood.dk\/da\/wp-json\/wp\/v2\/types\/product"}],"version-history":[{"count":4,"href":"https:\/\/umefood.dk\/da\/wp-json\/wp\/v2\/product\/59688\/revisions"}],"predecessor-version":[{"id":59846,"href":"https:\/\/umefood.dk\/da\/wp-json\/wp\/v2\/product\/59688\/revisions\/59846"}],"wp:featuredmedia":[{"embeddable":true,"href":"https:\/\/umefood.dk\/da\/wp-json\/wp\/v2\/media\/59689"}],"wp:attachment":[{"href":"https:\/\/umefood.dk\/da\/wp-json\/wp\/v2\/media?parent=59688"}],"wp:term":[{"taxonomy":"product_brand","embeddable":true,"href":"https:\/\/umefood.dk\/da\/wp-json\/wp\/v2\/product_brand?post=59688"},{"taxonomy":"product_cat","embeddable":true,"href":"https:\/\/umefood.dk\/da\/wp-json\/wp\/v2\/product_cat?post=59688"},{"taxonomy":"product_tag","embeddable":true,"href":"https:\/\/umefood.dk\/da\/wp-json\/wp\/v2\/product_tag?post=59688"}],"curies":[{"name":"wp","href":"https:\/\/api.w.org\/{rel}","templated":true}]}}