{"id":60204,"date":"2026-02-19T11:33:49","date_gmt":"2026-02-19T10:33:49","guid":{"rendered":"https:\/\/umefood.dk\/?post_type=product&#038;p=60204"},"modified":"2026-04-12T02:18:13","modified_gmt":"2026-04-12T00:18:13","slug":"sakuma-apple-milk-40g","status":"publish","type":"product","link":"https:\/\/umefood.dk\/da\/produkter\/sakuma-apple-milk-40g\/","title":{"rendered":"Sakuma \u00e6blem\u00e6lk 40g"},"content":{"rendered":"<p>Ingredients:\u00a0 Sugar, Starch Syrup,<strong class=\"extra-bold\"> Whole Milk Powder,<\/strong> Vegetable Oil, Apple Juice, Salt, Acidifier, Flavoring, Colour (E163),<strong class=\"extra-bold\"> Emulsifier (E322 (Soy)).<\/strong><\/p>\n<p>Ern\u00e6ringsoplysninger:<\/p>\n<table>\n<tbody>\n<tr>\n<th>Energi<\/th>\n<td>1793kJ\/429kcal<\/td>\n<\/tr>\n<tr>\n<th>Fed<\/th>\n<td>5,71 g<\/td>\n<\/tr>\n<tr>\n<th>hvoraf m\u00e6tter<\/th>\n<td>1,14 g<\/td>\n<\/tr>\n<tr>\n<th>Kulhydrat<\/th>\n<td>91.42g<\/td>\n<\/tr>\n<tr>\n<th>heraf sukkerarter<\/th>\n<td>73.14g<\/td>\n<\/tr>\n<tr>\n<th>Protein<\/th>\n<td>1,43 g<\/td>\n<\/tr>\n<tr>\n<th>Salt<\/th>\n<td>0,05 g<\/td>\n<\/tr>\n<\/tbody>\n<\/table>\n<p>V\u00e6gt: 40g<br \/>\nFremstilling: Japan<br \/>\nForsendelsesv\u00e6gt: 44g<\/p>","protected":false},"excerpt":{"rendered":"<p>Ingredienser: Sukker, stivelsesirup, s\u00f8dm\u00e6lkspulver, vegetabilsk olie, \u00e6blejuice, salt, syre, aroma, farvestof (E163), emulgator (E322 (soja)). N\u00e6ringsindhold<\/p>","protected":false},"featured_media":60212,"template":"","meta":{"_crdt_document":"","advanced_seo_description":"","jetpack_seo_html_title":"","jetpack_seo_noindex":false,"jetpack_publicize_message":"","jetpack_publicize_feature_enabled":true,"jetpack_social_post_already_shared":true,"jetpack_social_options":{"image_generator_settings":{"template":"highway","default_image_id":0,"font":"","enabled":false},"version":2},"_wpas_customize_per_network":false},"product_brand":[],"product_cat":[1959,2094],"product_tag":[2230,1969],"class_list":{"0":"post-60204","1":"product","2":"type-product","3":"status-publish","4":"has-post-thumbnail","6":"product_cat-candy","7":"product_cat-snacks","8":"product_tag-candy-2","9":"product_tag-1969","11":"first","12":"instock","13":"shipping-taxable","14":"purchasable","15":"product-type-simple"},"exclude_global_add_ons":[],"addons":[],"jetpack_publicize_connections":[],"jetpack_sharing_enabled":true,"jetpack_likes_enabled":true,"_links":{"self":[{"href":"https:\/\/umefood.dk\/da\/wp-json\/wp\/v2\/product\/60204","targetHints":{"allow":["GET"]}}],"collection":[{"href":"https:\/\/umefood.dk\/da\/wp-json\/wp\/v2\/product"}],"about":[{"href":"https:\/\/umefood.dk\/da\/wp-json\/wp\/v2\/types\/product"}],"version-history":[{"count":2,"href":"https:\/\/umefood.dk\/da\/wp-json\/wp\/v2\/product\/60204\/revisions"}],"predecessor-version":[{"id":60211,"href":"https:\/\/umefood.dk\/da\/wp-json\/wp\/v2\/product\/60204\/revisions\/60211"}],"wp:featuredmedia":[{"embeddable":true,"href":"https:\/\/umefood.dk\/da\/wp-json\/wp\/v2\/media\/60212"}],"wp:attachment":[{"href":"https:\/\/umefood.dk\/da\/wp-json\/wp\/v2\/media?parent=60204"}],"wp:term":[{"taxonomy":"product_brand","embeddable":true,"href":"https:\/\/umefood.dk\/da\/wp-json\/wp\/v2\/product_brand?post=60204"},{"taxonomy":"product_cat","embeddable":true,"href":"https:\/\/umefood.dk\/da\/wp-json\/wp\/v2\/product_cat?post=60204"},{"taxonomy":"product_tag","embeddable":true,"href":"https:\/\/umefood.dk\/da\/wp-json\/wp\/v2\/product_tag?post=60204"}],"curies":[{"name":"wp","href":"https:\/\/api.w.org\/{rel}","templated":true}]}}