{"id":60683,"date":"2026-02-27T10:16:38","date_gmt":"2026-02-27T09:16:38","guid":{"rendered":"https:\/\/umefood.dk\/?post_type=product&#038;p=60683"},"modified":"2026-04-23T02:36:20","modified_gmt":"2026-04-23T00:36:20","slug":"liangpin-shop-spicy-tofu-roll-sticks-100g","status":"publish","type":"product","link":"https:\/\/umefood.dk\/da\/produkter\/liangpin-shop-spicy-tofu-roll-sticks-100g\/","title":{"rendered":"Liangpin Shop Krydrede Tofu-rullepinde 100g"},"content":{"rendered":"<p>Ingredienser:<br \/>\n<strong class=\"extra-bold\">Soybean powder,<\/strong> water, canola oil, salt, sugar, pepper, spices, flavour enhancer (E621), ethyl maltol, preservative (E202), food flavouring.<\/p>\n<p>Ern\u00e6ringsoplysninger:<\/p>\n<table>\n<tbody>\n<tr>\n<th>Energi<\/th>\n<td>1627KJ\/ 388Kcal<\/td>\n<\/tr>\n<tr>\n<th>Fed<\/th>\n<td>20,9 g<\/td>\n<\/tr>\n<tr>\n<th>hvoraf m\u00e6tter<\/th>\n<td>14,3 g<\/td>\n<\/tr>\n<tr>\n<th>Kulhydrat<\/th>\n<td>25,7 g<\/td>\n<\/tr>\n<tr>\n<th>heraf sukkerarter<\/th>\n<td>13,4 g<\/td>\n<\/tr>\n<tr>\n<th>Protein<\/th>\n<td>24,5 g<\/td>\n<\/tr>\n<tr>\n<th>Salt<\/th>\n<td>0,02 g<\/td>\n<\/tr>\n<\/tbody>\n<\/table>\n<p>V\u00e6gt: 100g<br \/>\nFremstilling: Kina<br \/>\nForsendelsesv\u00e6gt: 126g<\/p>","protected":false},"excerpt":{"rendered":"<p>Ingredienser: Sojab\u00f8nnepulver, vand, rapsolie, salt, sukker, peber, krydderier, smagsforst\u00e6rker (E621), ethylmaltol, konserveringsmiddel (E202), f\u00f8devarearoma. N\u00e6ringsindhold<\/p>","protected":false},"featured_media":60685,"template":"","meta":{"_crdt_document":"","advanced_seo_description":"","jetpack_seo_html_title":"","jetpack_seo_noindex":false,"jetpack_publicize_message":"","jetpack_publicize_feature_enabled":true,"jetpack_social_post_already_shared":true,"jetpack_social_options":{"image_generator_settings":{"template":"highway","default_image_id":0,"font":"","enabled":false},"version":2},"_wpas_customize_per_network":false},"product_brand":[],"product_cat":[2094,1375],"product_tag":[1844,3556,1931],"class_list":{"0":"post-60683","1":"product","2":"type-product","3":"status-publish","4":"has-post-thumbnail","6":"product_cat-snacks","7":"product_cat-spiced-stewed","8":"product_tag-snacks","9":"product_tag-spicy","10":"product_tag-tofu","12":"first","13":"instock","14":"shipping-taxable","15":"purchasable","16":"product-type-simple"},"exclude_global_add_ons":[],"addons":[],"jetpack_publicize_connections":[],"jetpack_sharing_enabled":true,"jetpack_likes_enabled":true,"_links":{"self":[{"href":"https:\/\/umefood.dk\/da\/wp-json\/wp\/v2\/product\/60683","targetHints":{"allow":["GET"]}}],"collection":[{"href":"https:\/\/umefood.dk\/da\/wp-json\/wp\/v2\/product"}],"about":[{"href":"https:\/\/umefood.dk\/da\/wp-json\/wp\/v2\/types\/product"}],"version-history":[{"count":2,"href":"https:\/\/umefood.dk\/da\/wp-json\/wp\/v2\/product\/60683\/revisions"}],"predecessor-version":[{"id":60686,"href":"https:\/\/umefood.dk\/da\/wp-json\/wp\/v2\/product\/60683\/revisions\/60686"}],"wp:featuredmedia":[{"embeddable":true,"href":"https:\/\/umefood.dk\/da\/wp-json\/wp\/v2\/media\/60685"}],"wp:attachment":[{"href":"https:\/\/umefood.dk\/da\/wp-json\/wp\/v2\/media?parent=60683"}],"wp:term":[{"taxonomy":"product_brand","embeddable":true,"href":"https:\/\/umefood.dk\/da\/wp-json\/wp\/v2\/product_brand?post=60683"},{"taxonomy":"product_cat","embeddable":true,"href":"https:\/\/umefood.dk\/da\/wp-json\/wp\/v2\/product_cat?post=60683"},{"taxonomy":"product_tag","embeddable":true,"href":"https:\/\/umefood.dk\/da\/wp-json\/wp\/v2\/product_tag?post=60683"}],"curies":[{"name":"wp","href":"https:\/\/api.w.org\/{rel}","templated":true}]}}