{"id":61046,"date":"2026-03-04T09:13:31","date_gmt":"2026-03-04T08:13:31","guid":{"rendered":"https:\/\/umefood.dk\/?post_type=product&#038;p=61046"},"modified":"2026-04-13T02:38:53","modified_gmt":"2026-04-13T00:38:53","slug":"manjo-mirin-sweet-sake-suitable-for-cooking-18liters-1kasse-kikkoman","status":"publish","type":"product","link":"https:\/\/umefood.dk\/da\/produkter\/manjo-mirin-sweet-sake-suitable-for-cooking-18liters-1kasse-kikkoman\/","title":{"rendered":"Manjo Mirin Sweet Sake Suitable For Cooking 18liters 1kasse Kikkoman"},"content":{"rendered":"<p>Ingredienser: Vand,<strong class=\"extra-bold\"> soybeans 25%,<\/strong><strong class=\"extra-bold\"> hvede,<\/strong> salt, sugar, mushroom extract 1%, flavor enhancers E621, E631, E627, preservative E211 and colorant E150c<br \/>\nErn\u00e6ringsoplysninger:<\/p>\n<table>\n<tbody>\n<tr>\n<th>Energi<\/th>\n<td>200 kJ \/ 448 kcal<\/td>\n<\/tr>\n<tr>\n<th>Fed<\/th>\n<td>0 g<\/td>\n<\/tr>\n<tr>\n<th>hvoraf m\u00e6tter<\/th>\n<td>0 g<\/td>\n<\/tr>\n<tr>\n<th>Kulhydrat<\/th>\n<td>5 g<\/td>\n<\/tr>\n<tr>\n<th>heraf sukkerarter<\/th>\n<td>3,6 g<\/td>\n<\/tr>\n<tr>\n<th>Protein<\/th>\n<td>6,9 g<\/td>\n<\/tr>\n<tr>\n<th>Salt<\/th>\n<td>24 g<\/td>\n<\/tr>\n<\/tbody>\n<\/table>\n<p>Weight:18l<br \/>\nManufacture: japan<\/p>","protected":false},"excerpt":{"rendered":"<p>Ingredienser: Vand, sojab\u00f8nner 25%, hvede, salt, sukker, svampeekstrakt 1%, smagsforst\u00e6rkere E621, E631, E627, konserveringsmiddel E211 og farvestof E150c. N\u00e6ringsindhold<\/p>","protected":false},"featured_media":61047,"template":"","meta":{"_crdt_document":"","advanced_seo_description":"","jetpack_seo_html_title":"","jetpack_seo_noindex":false,"jetpack_publicize_message":"","jetpack_publicize_feature_enabled":true,"jetpack_social_post_already_shared":true,"jetpack_social_options":{"image_generator_settings":{"template":"highway","default_image_id":0,"font":"","enabled":false},"version":2},"_wpas_customize_per_network":false},"product_brand":[],"product_cat":[2288,3580],"product_tag":[2489,2485,1448],"class_list":{"0":"post-61046","1":"product","2":"type-product","3":"status-publish","4":"has-post-thumbnail","6":"product_cat-for-come-order-only","7":"product_cat-seasoning-for-come-order-only","8":"product_tag-2489","9":"product_tag-2485","10":"product_tag-seasoning-2","12":"first","13":"instock","14":"shipping-taxable","15":"purchasable","16":"product-type-simple"},"exclude_global_add_ons":[],"addons":[],"jetpack_publicize_connections":[],"jetpack_sharing_enabled":true,"jetpack_likes_enabled":true,"_links":{"self":[{"href":"https:\/\/umefood.dk\/da\/wp-json\/wp\/v2\/product\/61046","targetHints":{"allow":["GET"]}}],"collection":[{"href":"https:\/\/umefood.dk\/da\/wp-json\/wp\/v2\/product"}],"about":[{"href":"https:\/\/umefood.dk\/da\/wp-json\/wp\/v2\/types\/product"}],"version-history":[{"count":1,"href":"https:\/\/umefood.dk\/da\/wp-json\/wp\/v2\/product\/61046\/revisions"}],"predecessor-version":[{"id":61048,"href":"https:\/\/umefood.dk\/da\/wp-json\/wp\/v2\/product\/61046\/revisions\/61048"}],"wp:featuredmedia":[{"embeddable":true,"href":"https:\/\/umefood.dk\/da\/wp-json\/wp\/v2\/media\/61047"}],"wp:attachment":[{"href":"https:\/\/umefood.dk\/da\/wp-json\/wp\/v2\/media?parent=61046"}],"wp:term":[{"taxonomy":"product_brand","embeddable":true,"href":"https:\/\/umefood.dk\/da\/wp-json\/wp\/v2\/product_brand?post=61046"},{"taxonomy":"product_cat","embeddable":true,"href":"https:\/\/umefood.dk\/da\/wp-json\/wp\/v2\/product_cat?post=61046"},{"taxonomy":"product_tag","embeddable":true,"href":"https:\/\/umefood.dk\/da\/wp-json\/wp\/v2\/product_tag?post=61046"}],"curies":[{"name":"wp","href":"https:\/\/api.w.org\/{rel}","templated":true}]}}