{"id":61061,"date":"2026-03-04T09:39:42","date_gmt":"2026-03-04T08:39:42","guid":{"rendered":"https:\/\/umefood.dk\/?post_type=product&#038;p=61061"},"modified":"2026-04-13T02:39:31","modified_gmt":"2026-04-13T00:39:31","slug":"super-absorbent-50pcs-multy","status":"publish","type":"product","link":"https:\/\/umefood.dk\/da\/produkter\/super-absorbent-50pcs-multy\/","title":{"rendered":"Super Absorbent 50pcs. Multy (can be only purchased in store)"},"content":{"rendered":"<p>Ingredienser:<br \/>\n<strong class=\"extra-bold\">N\/A<\/strong><\/p>\n<p>Weight:N\/A<\/p>\n<p>Fremstilling: Japan<\/p>\n<p>Shipping Weight: N\/A<\/p>","protected":false},"excerpt":{"rendered":"<p>Ingredienser: Ikke tilg\u00e6ngelig V\u00e6gt: Ikke tilg\u00e6ngelig Fremstilling: Japan Forsendelsesv\u00e6gt: Ikke tilg\u00e6ngelig<\/p>","protected":false},"featured_media":61063,"template":"","meta":{"_crdt_document":"","advanced_seo_description":"","jetpack_seo_html_title":"","jetpack_seo_noindex":false,"jetpack_publicize_message":"","jetpack_publicize_feature_enabled":true,"jetpack_social_post_already_shared":true,"jetpack_social_options":{"image_generator_settings":{"template":"highway","default_image_id":0,"font":"","enabled":false},"version":2},"_wpas_customize_per_network":false},"product_brand":[],"product_cat":[1380],"product_tag":[2258],"class_list":{"0":"post-61061","1":"product","2":"type-product","3":"status-publish","4":"has-post-thumbnail","6":"product_cat-frozenfood","7":"product_tag-kitchen","9":"first","10":"instock","11":"shipping-taxable","12":"purchasable","13":"product-type-simple"},"exclude_global_add_ons":[],"addons":[],"jetpack_publicize_connections":[],"jetpack_sharing_enabled":true,"jetpack_likes_enabled":true,"_links":{"self":[{"href":"https:\/\/umefood.dk\/da\/wp-json\/wp\/v2\/product\/61061","targetHints":{"allow":["GET"]}}],"collection":[{"href":"https:\/\/umefood.dk\/da\/wp-json\/wp\/v2\/product"}],"about":[{"href":"https:\/\/umefood.dk\/da\/wp-json\/wp\/v2\/types\/product"}],"version-history":[{"count":1,"href":"https:\/\/umefood.dk\/da\/wp-json\/wp\/v2\/product\/61061\/revisions"}],"predecessor-version":[{"id":61064,"href":"https:\/\/umefood.dk\/da\/wp-json\/wp\/v2\/product\/61061\/revisions\/61064"}],"wp:featuredmedia":[{"embeddable":true,"href":"https:\/\/umefood.dk\/da\/wp-json\/wp\/v2\/media\/61063"}],"wp:attachment":[{"href":"https:\/\/umefood.dk\/da\/wp-json\/wp\/v2\/media?parent=61061"}],"wp:term":[{"taxonomy":"product_brand","embeddable":true,"href":"https:\/\/umefood.dk\/da\/wp-json\/wp\/v2\/product_brand?post=61061"},{"taxonomy":"product_cat","embeddable":true,"href":"https:\/\/umefood.dk\/da\/wp-json\/wp\/v2\/product_cat?post=61061"},{"taxonomy":"product_tag","embeddable":true,"href":"https:\/\/umefood.dk\/da\/wp-json\/wp\/v2\/product_tag?post=61061"}],"curies":[{"name":"wp","href":"https:\/\/api.w.org\/{rel}","templated":true}]}}