{"id":61112,"date":"2026-03-04T13:49:11","date_gmt":"2026-03-04T12:49:11","guid":{"rendered":"https:\/\/umefood.dk\/?post_type=product&#038;p=61112"},"modified":"2026-04-02T02:03:23","modified_gmt":"2026-04-02T00:03:23","slug":"disposable-glove-black-l-nitrile-100-pcs-1-kasse","status":"publish","type":"product","link":"https:\/\/umefood.dk\/da\/produkter\/disposable-glove-black-l-nitrile-100-pcs-1-kasse\/","title":{"rendered":"Engangshandske Sort L Nitril 100 stk. 1 kasse (kan kun k\u00f8bes i butikken)"},"content":{"rendered":"<p>Ingredienser:<br \/>\n<strong class=\"extra-bold\">N\/A<\/strong><\/p>\n<p>Weight:N\/A<\/p>\n<p>Fremstilling: Japan<\/p>\n<p>Shipping Weight: N\/A<\/p>","protected":false},"excerpt":{"rendered":"<p>Ingredienser: Ikke tilg\u00e6ngelig V\u00e6gt: Ikke tilg\u00e6ngelig Fremstilling: Japan Forsendelsesv\u00e6gt: Ikke tilg\u00e6ngelig<\/p>","protected":false},"featured_media":61113,"template":"","meta":{"_crdt_document":"","advanced_seo_description":"","jetpack_seo_html_title":"","jetpack_seo_noindex":false,"jetpack_publicize_message":"","jetpack_publicize_feature_enabled":true,"jetpack_social_post_already_shared":true,"jetpack_social_options":{"image_generator_settings":{"template":"highway","default_image_id":0,"font":"","enabled":false},"version":2},"_wpas_customize_per_network":false},"product_brand":[],"product_cat":[1380],"product_tag":[2258],"class_list":{"0":"post-61112","1":"product","2":"type-product","3":"status-publish","4":"has-post-thumbnail","6":"product_cat-frozenfood","7":"product_tag-kitchen","9":"first","10":"instock","11":"shipping-taxable","12":"purchasable","13":"product-type-simple"},"exclude_global_add_ons":[],"addons":[],"jetpack_publicize_connections":[],"jetpack_sharing_enabled":true,"jetpack_likes_enabled":true,"_links":{"self":[{"href":"https:\/\/umefood.dk\/da\/wp-json\/wp\/v2\/product\/61112","targetHints":{"allow":["GET"]}}],"collection":[{"href":"https:\/\/umefood.dk\/da\/wp-json\/wp\/v2\/product"}],"about":[{"href":"https:\/\/umefood.dk\/da\/wp-json\/wp\/v2\/types\/product"}],"version-history":[{"count":1,"href":"https:\/\/umefood.dk\/da\/wp-json\/wp\/v2\/product\/61112\/revisions"}],"predecessor-version":[{"id":61114,"href":"https:\/\/umefood.dk\/da\/wp-json\/wp\/v2\/product\/61112\/revisions\/61114"}],"wp:featuredmedia":[{"embeddable":true,"href":"https:\/\/umefood.dk\/da\/wp-json\/wp\/v2\/media\/61113"}],"wp:attachment":[{"href":"https:\/\/umefood.dk\/da\/wp-json\/wp\/v2\/media?parent=61112"}],"wp:term":[{"taxonomy":"product_brand","embeddable":true,"href":"https:\/\/umefood.dk\/da\/wp-json\/wp\/v2\/product_brand?post=61112"},{"taxonomy":"product_cat","embeddable":true,"href":"https:\/\/umefood.dk\/da\/wp-json\/wp\/v2\/product_cat?post=61112"},{"taxonomy":"product_tag","embeddable":true,"href":"https:\/\/umefood.dk\/da\/wp-json\/wp\/v2\/product_tag?post=61112"}],"curies":[{"name":"wp","href":"https:\/\/api.w.org\/{rel}","templated":true}]}}