{"id":61526,"date":"2026-03-11T14:55:32","date_gmt":"2026-03-11T13:55:32","guid":{"rendered":"https:\/\/umefood.dk\/?post_type=product&#038;p=61526"},"modified":"2026-04-16T21:49:26","modified_gmt":"2026-04-16T19:49:26","slug":"mixed-vegetable-tempura-fritter-1-kasse","status":"publish","type":"product","link":"https:\/\/umefood.dk\/da\/produkter\/mixed-vegetable-tempura-fritter-1-kasse\/","title":{"rendered":"Mixed Vegetable Tempura Fritter 1 kasse (can be only purchased in store)"},"content":{"rendered":"<p>Ingredienser:<br \/>\n<strong class=\"extra-bold\">N\/A<\/strong><\/p>\n<p>Weight:N\/A<\/p>\n<p>Fremstilling: Japan<\/p>\n<p>Shipping Weight: N\/A<\/p>","protected":false},"excerpt":{"rendered":"<p>Ingredienser: Ikke tilg\u00e6ngelig V\u00e6gt: Ikke tilg\u00e6ngelig Fremstilling: Japan Forsendelsesv\u00e6gt: Ikke tilg\u00e6ngelig<\/p>","protected":false},"featured_media":61616,"template":"","meta":{"_crdt_document":"","advanced_seo_description":"","jetpack_seo_html_title":"","jetpack_seo_noindex":false,"jetpack_publicize_message":"","jetpack_publicize_feature_enabled":true,"jetpack_social_post_already_shared":true,"jetpack_social_options":{"image_generator_settings":{"template":"highway","default_image_id":0,"font":"","enabled":false},"version":2},"_wpas_customize_per_network":false},"product_brand":[],"product_cat":[2288,1380,3579],"product_tag":[2258],"class_list":{"0":"post-61526","1":"product","2":"type-product","3":"status-publish","4":"has-post-thumbnail","6":"product_cat-for-come-order-only","7":"product_cat-frozenfood","8":"product_cat-frozen-food","9":"product_tag-kitchen","11":"first","12":"instock","13":"shipping-taxable","14":"purchasable","15":"product-type-simple"},"exclude_global_add_ons":[],"addons":[],"jetpack_publicize_connections":[],"jetpack_sharing_enabled":true,"jetpack_likes_enabled":true,"_links":{"self":[{"href":"https:\/\/umefood.dk\/da\/wp-json\/wp\/v2\/product\/61526","targetHints":{"allow":["GET"]}}],"collection":[{"href":"https:\/\/umefood.dk\/da\/wp-json\/wp\/v2\/product"}],"about":[{"href":"https:\/\/umefood.dk\/da\/wp-json\/wp\/v2\/types\/product"}],"version-history":[{"count":2,"href":"https:\/\/umefood.dk\/da\/wp-json\/wp\/v2\/product\/61526\/revisions"}],"predecessor-version":[{"id":61530,"href":"https:\/\/umefood.dk\/da\/wp-json\/wp\/v2\/product\/61526\/revisions\/61530"}],"wp:featuredmedia":[{"embeddable":true,"href":"https:\/\/umefood.dk\/da\/wp-json\/wp\/v2\/media\/61616"}],"wp:attachment":[{"href":"https:\/\/umefood.dk\/da\/wp-json\/wp\/v2\/media?parent=61526"}],"wp:term":[{"taxonomy":"product_brand","embeddable":true,"href":"https:\/\/umefood.dk\/da\/wp-json\/wp\/v2\/product_brand?post=61526"},{"taxonomy":"product_cat","embeddable":true,"href":"https:\/\/umefood.dk\/da\/wp-json\/wp\/v2\/product_cat?post=61526"},{"taxonomy":"product_tag","embeddable":true,"href":"https:\/\/umefood.dk\/da\/wp-json\/wp\/v2\/product_tag?post=61526"}],"curies":[{"name":"wp","href":"https:\/\/api.w.org\/{rel}","templated":true}]}}