{"id":61660,"date":"2026-03-13T11:39:03","date_gmt":"2026-03-13T10:39:03","guid":{"rendered":"https:\/\/umefood.dk\/?post_type=product&#038;p=61660"},"modified":"2026-03-23T01:18:31","modified_gmt":"2026-03-23T00:18:31","slug":"daily-fresh-bamboo-cleansing-foam-150ml-holika-holika","status":"publish","type":"product","link":"https:\/\/umefood.dk\/da\/produkter\/daily-fresh-bamboo-cleansing-foam-150ml-holika-holika\/","title":{"rendered":"Daglig frisk bambusrenseskum 150ml Holika Holika"},"content":{"rendered":"<p>Ingredienser:<br \/>\nWater, Stearic Acid, Glycerin, Lauric Acid, Potassium Hydroxide, Myristic Acid, Glyceryl Stearate, PEG-100 Stearate, Cocamidopropyl Betaine, PEG-8, Polyquaternium-7, Polysorbate 20, Hydroxyethylcellulose, Sodium Chloride, Bambusa Vulgaris Leaf\/Stem Extract, Saponaria Officinalis Leaf Extract, Butylene Glycol, 1,2-Hexanediol, CI 19140, CI 42090, Phenoxyethanol, Fragrance<\/p>\n<p>Bem\u00e6rk, at ingredienserne kan \u00e6ndre sig fra tid til anden. Du finder en opdateret liste over ingredienser p\u00e5 pakken.<\/p>\n<p>Ern\u00e6ringsoplysninger:<\/p>\n<table>\n<tbody>\n<tr>\n<th>Energi<\/th>\n<td>nan<\/td>\n<\/tr>\n<tr>\n<th>Fed<\/th>\n<td>nan<\/td>\n<\/tr>\n<tr>\n<th>hvoraf m\u00e6tter<\/th>\n<td>nan<\/td>\n<\/tr>\n<tr>\n<th>Kulhydrat<\/th>\n<td>nan<\/td>\n<\/tr>\n<tr>\n<th>heraf sukkerarter<\/th>\n<td>nan<\/td>\n<\/tr>\n<tr>\n<th>Protein<\/th>\n<td>nan<\/td>\n<\/tr>\n<tr>\n<th>Salt<\/th>\n<td>nan<\/td>\n<\/tr>\n<\/tbody>\n<\/table>\n<p>V\u00e6gt: 150ml<br \/>\nFremstilling: Korea<br \/>\nForsendelsesv\u00e6gt: 163g<\/p>","protected":false},"excerpt":{"rendered":"<p>Ingredients: Water, Stearic Acid, Glycerin, Lauric Acid, Potassium Hydroxide, Myristic Acid, Glyceryl Stearate, PEG-100 Stearate, Cocamidopropyl Betaine, PEG-8, Polyquaternium-7, Polysorbate<\/p>","protected":false},"featured_media":61661,"template":"","meta":{"_crdt_document":"","advanced_seo_description":"","jetpack_seo_html_title":"","jetpack_seo_noindex":false,"jetpack_publicize_message":"","jetpack_publicize_feature_enabled":true,"jetpack_social_post_already_shared":true,"jetpack_social_options":{"image_generator_settings":{"template":"highway","default_image_id":0,"font":"","enabled":false},"version":2},"_wpas_customize_per_network":false},"product_brand":[],"product_cat":[1945,1972],"product_tag":[3576,3577],"class_list":{"0":"post-61660","1":"product","2":"type-product","3":"status-publish","4":"has-post-thumbnail","6":"product_cat-health-beauty","7":"product_cat-lifestyle","8":"product_tag-3576","9":"product_tag-green-tea-cleansing","11":"first","12":"instock","13":"shipping-taxable","14":"purchasable","15":"product-type-simple"},"exclude_global_add_ons":[],"addons":[],"jetpack_publicize_connections":[],"jetpack_sharing_enabled":true,"jetpack_likes_enabled":true,"_links":{"self":[{"href":"https:\/\/umefood.dk\/da\/wp-json\/wp\/v2\/product\/61660","targetHints":{"allow":["GET"]}}],"collection":[{"href":"https:\/\/umefood.dk\/da\/wp-json\/wp\/v2\/product"}],"about":[{"href":"https:\/\/umefood.dk\/da\/wp-json\/wp\/v2\/types\/product"}],"version-history":[{"count":1,"href":"https:\/\/umefood.dk\/da\/wp-json\/wp\/v2\/product\/61660\/revisions"}],"predecessor-version":[{"id":61662,"href":"https:\/\/umefood.dk\/da\/wp-json\/wp\/v2\/product\/61660\/revisions\/61662"}],"wp:featuredmedia":[{"embeddable":true,"href":"https:\/\/umefood.dk\/da\/wp-json\/wp\/v2\/media\/61661"}],"wp:attachment":[{"href":"https:\/\/umefood.dk\/da\/wp-json\/wp\/v2\/media?parent=61660"}],"wp:term":[{"taxonomy":"product_brand","embeddable":true,"href":"https:\/\/umefood.dk\/da\/wp-json\/wp\/v2\/product_brand?post=61660"},{"taxonomy":"product_cat","embeddable":true,"href":"https:\/\/umefood.dk\/da\/wp-json\/wp\/v2\/product_cat?post=61660"},{"taxonomy":"product_tag","embeddable":true,"href":"https:\/\/umefood.dk\/da\/wp-json\/wp\/v2\/product_tag?post=61660"}],"curies":[{"name":"wp","href":"https:\/\/api.w.org\/{rel}","templated":true}]}}