{"id":63138,"date":"2026-04-08T12:27:50","date_gmt":"2026-04-08T10:27:50","guid":{"rendered":"https:\/\/umefood.dk\/?post_type=product&#038;p=63138"},"modified":"2026-04-11T02:04:55","modified_gmt":"2026-04-11T00:04:55","slug":"samyang-buldak-hot-chicken-flavour-ramen-carbonara-130g-copy","status":"publish","type":"product","link":"https:\/\/umefood.dk\/da\/produkter\/samyang-buldak-hot-chicken-flavour-ramen-carbonara-130g-copy\/","title":{"rendered":"Samyang Buldak Hot Chicken Flavour Ramen \u2013 Carbonara 130g"},"content":{"rendered":"<p>Ingredienser: Nudler (77,4 %): <strong class=\"extra-bold\">Hvede<\/strong> mel (<strong class=\"extra-bold\">Gluten<\/strong>), Palmeolie, Modificeret stivelse (Kartoffel, Tapioca), Salt, Emulgatorer (E422, E322 (Soja)), Fortykningsmiddel (E412), Surhedsregulerende midler (E501, E500, E339, E330), Antioxidant (E306), Gr\u00f8n te-aroma, Farvestof (E101) Flydende sauce (12.9 %): Vand, Aromaer med kyllingesmag (<strong class=\"extra-bold\">Hvede<\/strong>, <strong class=\"extra-bold\">Gluten<\/strong>, Soja, <strong class=\"extra-bold\">Selleri<\/strong>), Sojasauce (Vand, <strong class=\"extra-bold\">Sojab\u00f8nner<\/strong>, <strong class=\"extra-bold\">Hvede<\/strong> (<strong class=\"extra-bold\">Gluten<\/strong>), Salt, Fruktose, Smagsforst\u00e6rkere (E635), Hvidl\u00f8g, Aromaer, Surhedsregulerende middel (E270), S\u00f8destoffer (E960)), Sukker, Habanero Peber Krydderi (Indeholder antiklumpningsmiddel (E551), Smagsforst\u00e6rker (E631, E627), Farve (E160c) (Soja)), <strong class=\"extra-bold\">Sojab\u00f8nner<\/strong> Olie, l\u00f8g, smagsforst\u00e6rker (E621), chili, r\u00f8d peberfr\u00f8olie, chilikrydderi (soja), hvidl\u00f8g, fortykningsmiddel (E1420), chilikrydderiekstrakt, farvestof (E160c), sort peberpulver, karrykrydderi (indeholder smagsforst\u00e6rker (E635)), surhedsregulerende middel (E270). Suppepulver (9.7 %): Aromaer (soja), sukker, salt, fortykningsmiddel (E1420), kr\u00f8llet persille, <strong class=\"extra-bold\">Sojab\u00f8nner<\/strong> Oil, Garlic Powder (Contains Acidity Regulator (E330)), Pepper Seasoning (Contains Acidity Regulator (E341)).<br \/>\nErn\u00e6ringsoplysninger:<\/p>\n<table>\n<tbody>\n<tr>\n<th>Energi<\/th>\n<td>1787kJ\/427kcal<\/td>\n<\/tr>\n<tr>\n<th>Fed<\/th>\n<td>15 g<\/td>\n<\/tr>\n<tr>\n<th>hvoraf m\u00e6tter<\/th>\n<td>6,0 g<\/td>\n<\/tr>\n<tr>\n<th>Kulhydrat<\/th>\n<td>66 g<\/td>\n<\/tr>\n<tr>\n<th>heraf sukkerarter<\/th>\n<td>5,0 g<\/td>\n<\/tr>\n<tr>\n<th>Protein<\/th>\n<td>7,0 g<\/td>\n<\/tr>\n<tr>\n<th>Salt<\/th>\n<td>3,0 g<\/td>\n<\/tr>\n<\/tbody>\n<\/table>\n<p>V\u00e6gt: 130g<br \/>\nFremstilling: Korea<br \/>\nForsendelsesv\u00e6gt: 134g<\/p>","protected":false},"excerpt":{"rendered":"<p>Ingredients: Noodle (77.4 %): Wheat Flour (Gluten), Palm Oil, Modified Starch (Potato, Tapioca), Salt, Emulsifiers (E422, E322 (Soy)), Thickener (E412),<\/p>","protected":false},"featured_media":39925,"template":"","meta":{"_crdt_document":"","advanced_seo_description":"","jetpack_seo_html_title":"","jetpack_seo_noindex":false,"jetpack_publicize_message":"","jetpack_publicize_feature_enabled":true,"jetpack_social_post_already_shared":true,"jetpack_social_options":{"image_generator_settings":{"template":"highway","default_image_id":0,"font":"","enabled":false},"version":2},"_wpas_customize_per_network":false},"product_brand":[1887],"product_cat":[2041,1976],"product_tag":[2239],"class_list":{"0":"post-63138","1":"product","2":"type-product","3":"status-publish","4":"has-post-thumbnail","6":"product_brand-samyang","7":"product_cat-instantfood","8":"product_cat-instantnoodles","9":"product_tag-2239","11":"first","12":"outofstock","13":"shipping-taxable","14":"purchasable","15":"product-type-simple"},"exclude_global_add_ons":[],"addons":[],"jetpack_publicize_connections":[],"jetpack_sharing_enabled":true,"jetpack_likes_enabled":true,"_links":{"self":[{"href":"https:\/\/umefood.dk\/da\/wp-json\/wp\/v2\/product\/63138","targetHints":{"allow":["GET"]}}],"collection":[{"href":"https:\/\/umefood.dk\/da\/wp-json\/wp\/v2\/product"}],"about":[{"href":"https:\/\/umefood.dk\/da\/wp-json\/wp\/v2\/types\/product"}],"version-history":[{"count":2,"href":"https:\/\/umefood.dk\/da\/wp-json\/wp\/v2\/product\/63138\/revisions"}],"predecessor-version":[{"id":63140,"href":"https:\/\/umefood.dk\/da\/wp-json\/wp\/v2\/product\/63138\/revisions\/63140"}],"wp:featuredmedia":[{"embeddable":true,"href":"https:\/\/umefood.dk\/da\/wp-json\/wp\/v2\/media\/39925"}],"wp:attachment":[{"href":"https:\/\/umefood.dk\/da\/wp-json\/wp\/v2\/media?parent=63138"}],"wp:term":[{"taxonomy":"product_brand","embeddable":true,"href":"https:\/\/umefood.dk\/da\/wp-json\/wp\/v2\/product_brand?post=63138"},{"taxonomy":"product_cat","embeddable":true,"href":"https:\/\/umefood.dk\/da\/wp-json\/wp\/v2\/product_cat?post=63138"},{"taxonomy":"product_tag","embeddable":true,"href":"https:\/\/umefood.dk\/da\/wp-json\/wp\/v2\/product_tag?post=63138"}],"curies":[{"name":"wp","href":"https:\/\/api.w.org\/{rel}","templated":true}]}}