{"id":63365,"date":"2026-04-10T09:34:23","date_gmt":"2026-04-10T07:34:23","guid":{"rendered":"https:\/\/umefood.dk\/?post_type=product&#038;p=63365"},"modified":"2026-04-14T02:01:12","modified_gmt":"2026-04-14T00:01:12","slug":"mushroom-beef-sauce-230g-chuannan","status":"publish","type":"product","link":"https:\/\/umefood.dk\/da\/produkter\/mushroom-beef-sauce-230g-chuannan\/","title":{"rendered":"Oksek\u00f8dssauce med svampe 230 g Chuannan"},"content":{"rendered":"<p>Ingredienser:<br \/>\nRapeseed Oil, Beef, Shiitake Mushrooms,<strong class=\"extra-bold\"> Sojab\u00f8nner,<\/strong> Water, Salt, Chili, Sugar, Monosodium Glutamate (E621), Flavoring Agent.<\/p>\n<p>N\u00e6ringsinformation pr. 100 g:<\/p>\n<table>\n<tbody>\n<tr>\n<th>Energi<\/th>\n<td>249kJ \/595.4kcal<\/td>\n<\/tr>\n<tr>\n<th>Fed<\/th>\n<td>57,4 g<\/td>\n<\/tr>\n<tr>\n<th>hvoraf m\u00e6tter<\/th>\n<td>\u00a0N\/A<\/td>\n<\/tr>\n<tr>\n<th>Kulhydrat<\/th>\n<td>14,4 g<\/td>\n<\/tr>\n<tr>\n<th>heraf sukkerarter<\/th>\n<td>N\/A<\/td>\n<\/tr>\n<tr>\n<th>Protein<\/th>\n<td>7,2 g<\/td>\n<\/tr>\n<tr>\n<th>Salt<\/th>\n<td>16,4 g<\/td>\n<\/tr>\n<\/tbody>\n<\/table>\n<p>V\u00e6gt: 230g<br \/>\nFremstilling: Kina<br \/>\nForsendelsesv\u00e6gt: 379g<\/p>","protected":false},"excerpt":{"rendered":"<p>Ingredienser: Rapsolie, oksek\u00f8d, shiitakesvampe, sojab\u00f8nner, vand, salt, chili, sukker, mononatriumglutamat (E621), aroma. N\u00e6ringsindhold pr. 100 g:<\/p>","protected":false},"featured_media":63367,"template":"","meta":{"_crdt_document":"","advanced_seo_description":"","jetpack_seo_html_title":"","jetpack_seo_noindex":false,"jetpack_publicize_message":"","jetpack_publicize_feature_enabled":true,"jetpack_social_post_already_shared":true,"jetpack_social_options":{"image_generator_settings":{"template":"highway","default_image_id":0,"font":"","enabled":false},"version":2},"_wpas_customize_per_network":false},"product_brand":[1756],"product_cat":[2389,2290,1980,2122],"product_tag":[3637,3636],"class_list":{"0":"post-63365","1":"product","2":"type-product","3":"status-publish","4":"has-post-thumbnail","6":"product_brand-1756","7":"product_cat-new-and-restocked","8":"product_cat-other-sauce","9":"product_cat-seasoning","10":"product_cat-spices","11":"product_tag-3637","12":"product_tag-mushroom-beef-sauce","14":"first","15":"instock","16":"shipping-taxable","17":"purchasable","18":"product-type-simple"},"exclude_global_add_ons":[],"addons":[],"jetpack_publicize_connections":[],"jetpack_sharing_enabled":true,"jetpack_likes_enabled":true,"_links":{"self":[{"href":"https:\/\/umefood.dk\/da\/wp-json\/wp\/v2\/product\/63365","targetHints":{"allow":["GET"]}}],"collection":[{"href":"https:\/\/umefood.dk\/da\/wp-json\/wp\/v2\/product"}],"about":[{"href":"https:\/\/umefood.dk\/da\/wp-json\/wp\/v2\/types\/product"}],"version-history":[{"count":2,"href":"https:\/\/umefood.dk\/da\/wp-json\/wp\/v2\/product\/63365\/revisions"}],"predecessor-version":[{"id":63369,"href":"https:\/\/umefood.dk\/da\/wp-json\/wp\/v2\/product\/63365\/revisions\/63369"}],"wp:featuredmedia":[{"embeddable":true,"href":"https:\/\/umefood.dk\/da\/wp-json\/wp\/v2\/media\/63367"}],"wp:attachment":[{"href":"https:\/\/umefood.dk\/da\/wp-json\/wp\/v2\/media?parent=63365"}],"wp:term":[{"taxonomy":"product_brand","embeddable":true,"href":"https:\/\/umefood.dk\/da\/wp-json\/wp\/v2\/product_brand?post=63365"},{"taxonomy":"product_cat","embeddable":true,"href":"https:\/\/umefood.dk\/da\/wp-json\/wp\/v2\/product_cat?post=63365"},{"taxonomy":"product_tag","embeddable":true,"href":"https:\/\/umefood.dk\/da\/wp-json\/wp\/v2\/product_tag?post=63365"}],"curies":[{"name":"wp","href":"https:\/\/api.w.org\/{rel}","templated":true}]}}