{"id":63370,"date":"2026-04-10T10:00:14","date_gmt":"2026-04-10T08:00:14","guid":{"rendered":"https:\/\/umefood.dk\/?post_type=product&#038;p=63370"},"modified":"2026-04-26T02:15:43","modified_gmt":"2026-04-26T00:15:43","slug":"baojiao-hot-beef-sauce-200g-chuannan","status":"publish","type":"product","link":"https:\/\/umefood.dk\/da\/produkter\/baojiao-hot-beef-sauce-200g-chuannan\/","title":{"rendered":"Baojiao Hot Beef Sauce 200g Chuannan"},"content":{"rendered":"<p>Ingredienser:<br \/>\nRapeseed Oil, Beef, Shiitake Mushrooms,<strong class=\"extra-bold\"> Sojab\u00f8nner,<\/strong> Water, Salt, Chili, Sugar, Monosodium Glutamate (E621), Flavoring Agent.<\/p>\n<p>N\u00e6ringsinformation pr. 100 g:<\/p>\n<table>\n<tbody>\n<tr>\n<th>Energi<\/th>\n<td>614kJ \/2569kcal<\/td>\n<\/tr>\n<tr>\n<th>Fed<\/th>\n<td>57,8 g<\/td>\n<\/tr>\n<tr>\n<th>hvoraf m\u00e6tter<\/th>\n<td>N\/A<\/td>\n<\/tr>\n<tr>\n<th>Kulhydrat<\/th>\n<td>17,5 g<\/td>\n<\/tr>\n<tr>\n<th>heraf sukkerarter<\/th>\n<td>N\/A<\/td>\n<\/tr>\n<tr>\n<th>Protein<\/th>\n<td>7,8 g<\/td>\n<\/tr>\n<tr>\n<th>Salt<\/th>\n<td>14,1 g<\/td>\n<\/tr>\n<\/tbody>\n<\/table>\n<p>V\u00e6gt: 200g<br \/>\nFremstilling: Kina<br \/>\nShipping Weight: 372g<\/p>","protected":false},"excerpt":{"rendered":"<p>Ingredienser: Rapsolie, oksek\u00f8d, shiitakesvampe, sojab\u00f8nner, vand, salt, chili, sukker, mononatriumglutamat (E621), aroma. N\u00e6ringsindhold pr. 100 g:<\/p>","protected":false},"featured_media":63372,"template":"","meta":{"_crdt_document":"","advanced_seo_description":"","jetpack_seo_html_title":"","jetpack_seo_noindex":false,"jetpack_publicize_message":"","jetpack_publicize_feature_enabled":true,"jetpack_social_post_already_shared":true,"jetpack_social_options":{"image_generator_settings":{"template":"highway","default_image_id":0,"font":"","enabled":false},"version":2},"_wpas_customize_per_network":false},"product_brand":[1756],"product_cat":[2290,1980,2122],"product_tag":[3638,3639],"class_list":{"0":"post-63370","1":"product","2":"type-product","3":"status-publish","4":"has-post-thumbnail","6":"product_brand-1756","7":"product_cat-other-sauce","8":"product_cat-seasoning","9":"product_cat-spices","10":"product_tag-baojiao-hot-beef-sauce","11":"product_tag-3639","13":"first","14":"instock","15":"shipping-taxable","16":"purchasable","17":"product-type-simple"},"exclude_global_add_ons":[],"addons":[],"jetpack_publicize_connections":[],"jetpack_sharing_enabled":true,"jetpack_likes_enabled":true,"_links":{"self":[{"href":"https:\/\/umefood.dk\/da\/wp-json\/wp\/v2\/product\/63370","targetHints":{"allow":["GET"]}}],"collection":[{"href":"https:\/\/umefood.dk\/da\/wp-json\/wp\/v2\/product"}],"about":[{"href":"https:\/\/umefood.dk\/da\/wp-json\/wp\/v2\/types\/product"}],"version-history":[{"count":2,"href":"https:\/\/umefood.dk\/da\/wp-json\/wp\/v2\/product\/63370\/revisions"}],"predecessor-version":[{"id":63373,"href":"https:\/\/umefood.dk\/da\/wp-json\/wp\/v2\/product\/63370\/revisions\/63373"}],"wp:featuredmedia":[{"embeddable":true,"href":"https:\/\/umefood.dk\/da\/wp-json\/wp\/v2\/media\/63372"}],"wp:attachment":[{"href":"https:\/\/umefood.dk\/da\/wp-json\/wp\/v2\/media?parent=63370"}],"wp:term":[{"taxonomy":"product_brand","embeddable":true,"href":"https:\/\/umefood.dk\/da\/wp-json\/wp\/v2\/product_brand?post=63370"},{"taxonomy":"product_cat","embeddable":true,"href":"https:\/\/umefood.dk\/da\/wp-json\/wp\/v2\/product_cat?post=63370"},{"taxonomy":"product_tag","embeddable":true,"href":"https:\/\/umefood.dk\/da\/wp-json\/wp\/v2\/product_tag?post=63370"}],"curies":[{"name":"wp","href":"https:\/\/api.w.org\/{rel}","templated":true}]}}