{"id":63441,"date":"2026-04-10T14:55:16","date_gmt":"2026-04-10T12:55:16","guid":{"rendered":"https:\/\/umefood.dk\/?post_type=product&#038;p=63441"},"modified":"2026-04-16T02:26:40","modified_gmt":"2026-04-16T00:26:40","slug":"sesame-sauce-flavor-tofu-105g-lao-ba-tofu","status":"publish","type":"product","link":"https:\/\/umefood.dk\/da\/produkter\/sesame-sauce-flavor-tofu-105g-lao-ba-tofu\/","title":{"rendered":"Sesamsauce Tofu 105g Lao Ba Tofu"},"content":{"rendered":"<p>Ingredienser:<br \/>\n<strong class=\"extra-bold\">soybeans,<\/strong> water, rapeseed oil, maltose,<strong class=\"extra-bold\"> peanut paste,<\/strong><strong class=\"extra-bold\"> sesame paste,<\/strong> spices, flavour enhancer: E 621, salt, thickener: E 422, preservative: E 202, firming agent: E 511, flavouring.<\/p>\n<p>Ern\u00e6ringsoplysninger:<\/p>\n<table>\n<tbody>\n<tr>\n<th>Energi<\/th>\n<td>1290kJ\/308kcal<\/td>\n<\/tr>\n<tr>\n<th>Fed<\/th>\n<td>14,8 g<\/td>\n<\/tr>\n<tr>\n<th>hvoraf m\u00e6tter<\/th>\n<td>2,5 g<\/td>\n<\/tr>\n<tr>\n<th>Kulhydrat<\/th>\n<td>25,4 g<\/td>\n<\/tr>\n<tr>\n<th>heraf sukkerarter<\/th>\n<td>2,9 g<\/td>\n<\/tr>\n<tr>\n<th>Protein<\/th>\n<td>18,3 g<\/td>\n<\/tr>\n<tr>\n<th>Salt<\/th>\n<td>1,4 g<\/td>\n<\/tr>\n<\/tbody>\n<\/table>\n<p>V\u00e6gt: 105g<br \/>\nFremstilling: Kina<br \/>\nShipping Weight:134g<\/p>","protected":false},"excerpt":{"rendered":"<p>Ingredienser: sojab\u00f8nner, vand, rapsolie, maltose, jordn\u00f8ddepasta, sesampasta, krydderier, smagsforst\u00e6rker: E 621, salt, fortykningsmiddel: E 422, konserveringsmiddel:<\/p>","protected":false},"featured_media":63445,"template":"","meta":{"_crdt_document":"","advanced_seo_description":"","jetpack_seo_html_title":"","jetpack_seo_noindex":false,"jetpack_publicize_message":"","jetpack_publicize_feature_enabled":true,"jetpack_social_post_already_shared":true,"jetpack_social_options":{"image_generator_settings":{"template":"highway","default_image_id":0,"font":"","enabled":false},"version":2},"_wpas_customize_per_network":false},"product_brand":[],"product_cat":[2094,1375],"product_tag":[1844,1931],"class_list":{"0":"post-63441","1":"product","2":"type-product","3":"status-publish","4":"has-post-thumbnail","6":"product_cat-snacks","7":"product_cat-spiced-stewed","8":"product_tag-snacks","9":"product_tag-tofu","11":"first","12":"instock","13":"shipping-taxable","14":"purchasable","15":"product-type-simple"},"exclude_global_add_ons":[],"addons":[],"jetpack_publicize_connections":[],"jetpack_sharing_enabled":true,"jetpack_likes_enabled":true,"_links":{"self":[{"href":"https:\/\/umefood.dk\/da\/wp-json\/wp\/v2\/product\/63441","targetHints":{"allow":["GET"]}}],"collection":[{"href":"https:\/\/umefood.dk\/da\/wp-json\/wp\/v2\/product"}],"about":[{"href":"https:\/\/umefood.dk\/da\/wp-json\/wp\/v2\/types\/product"}],"version-history":[{"count":4,"href":"https:\/\/umefood.dk\/da\/wp-json\/wp\/v2\/product\/63441\/revisions"}],"predecessor-version":[{"id":63448,"href":"https:\/\/umefood.dk\/da\/wp-json\/wp\/v2\/product\/63441\/revisions\/63448"}],"wp:featuredmedia":[{"embeddable":true,"href":"https:\/\/umefood.dk\/da\/wp-json\/wp\/v2\/media\/63445"}],"wp:attachment":[{"href":"https:\/\/umefood.dk\/da\/wp-json\/wp\/v2\/media?parent=63441"}],"wp:term":[{"taxonomy":"product_brand","embeddable":true,"href":"https:\/\/umefood.dk\/da\/wp-json\/wp\/v2\/product_brand?post=63441"},{"taxonomy":"product_cat","embeddable":true,"href":"https:\/\/umefood.dk\/da\/wp-json\/wp\/v2\/product_cat?post=63441"},{"taxonomy":"product_tag","embeddable":true,"href":"https:\/\/umefood.dk\/da\/wp-json\/wp\/v2\/product_tag?post=63441"}],"curies":[{"name":"wp","href":"https:\/\/api.w.org\/{rel}","templated":true}]}}